{"id":1629,"date":"2018-01-11T11:37:26","date_gmt":"2018-01-11T11:37:26","guid":{"rendered":"https:\/\/www.mercabilbao.eus\/quest-ce-que-mercabilbao\/"},"modified":"2023-04-03T08:42:29","modified_gmt":"2023-04-03T07:42:29","slug":"quest-ce-que-mercabilbao","status":"publish","type":"page","link":"https:\/\/www.mercabilbao.eus\/fr\/presentation\/quest-ce-que-mercabilbao\/","title":{"rendered":"Qu\u2019est-ce que Mercabilbao?"},"content":{"rendered":"<p class=\"text-left\">Mercabilbao est la soci\u00e9t\u00e9 anonyme marchande qui g\u00e8re le service des March\u00e9s Centraux Grossistes de la <a href=\"https:\/\/www.bilbao.eus\/\">ville de Bilbao<\/a> et de sa zone d\u2019influence.Mercabilbao fait partie du groupe <a href=\"https:\/\/www.mercasa.es\/\">MERCASA<\/a>, qui comprend 24 march\u00e9s de gros.<\/p>\n<p class=\"text-left\">Mercabilbao est actuellement le plus grand centre de distribution d&rsquo;aliments p\u00e9rissables du Nord de la P\u00e9ninsule Ib\u00e9rique. Ce grand complexe commercial r\u00e9unit, sur plus de 13 hectares de surface, un ensemble de march\u00e9s sp\u00e9cialis\u00e9s o\u00f9 op\u00e8rent 71 entreprises de gros qui offrent aux acheteurs une large gamme de produits avec les plus grandes garanties de qualit\u00e9 et de salubrit\u00e9.<\/p>\n<h2>Un service efficace<\/h2>\n<p class=\"text-left\">Le march\u00e9 de gros MERCABILBAO, a ouvert ses portes en 1.971, dans le but de moderniser et de rationaliser la distribution de gros des produits p\u00e9rissables. Sa localisation au coeur d&rsquo;une zone de concentration urbaine importante, la qualit\u00e9 du service offert par les entreprises situ\u00e9es dans ses installations et une offre de produits internationaux, ont permis un d\u00e9veloppement progressif de son secteur d&rsquo;influence, qui s\u2019\u00e9tend aux provinces limitrophes et jusqu\u2019aux centres urbains fran\u00e7ais des zones les plus proches de la fronti\u00e8re d&rsquo;Ir\u00fan.<\/p>\n<p class=\"text-left\">Apr\u00e8s avoir obtenu les certificats de Qualit\u00e9 ISO 9002 et d&rsquo;Environnement 14001, l&rsquo;effort de Mercabilbao se centre maintenant sur l\u2019am\u00e9lioration de la qualit\u00e9 des services, apportant aux op\u00e9rateurs du march\u00e9 de nouvelles perspectives d\u2019innovation.<\/p>\n<h2>Une situation facile d\u2019acc\u00e8s et proche des centres de consommation<\/h2>\n<p class=\"text-left\">Mercabilbao est situ\u00e9e dans la commune de Basauri, \u00e0 quelques 10 kilom\u00e8tres du centre de Bilbao, \u00e0 20 km du port et non loin de l&rsquo;a\u00e9roport de Bilbao-Loiu.<\/p>\n<p class=\"text-left\">Elle poss\u00e8de une localisation privil\u00e9gi\u00e9e, tr\u00e8s proche de l&rsquo;intersection de l&rsquo;axe Paris-Hendaye-Madrid et est voisine de la voie rapide de Cantabrie, ce qui favorise son acc\u00e8s direct aux r\u00e9seaux d\u2019autoroutes, de voies rapides et de routes nationales.<\/p>\n<p class=\"text-left\">Les installations de MERCABILBAO accueillent quotidiennement plus de 3 000 v\u00e9hicules qui effectuent l&rsquo;approvisionnement et la distribution de marchandises dans divers \u00e9tablissements : commerces (de gros et de proximit\u00e9), restaurants, cantines.<\/p>\n","protected":false},"excerpt":{"rendered":"<p>Mercabilbao est la soci\u00e9t\u00e9 anonyme marchande qui g\u00e8re le service des March\u00e9s Centraux Grossistes de la ville de Bilbao et de sa zone d\u2019influence.Mercabilbao fait partie du groupe MERCASA, qui [&hellip;]<\/p>\n","protected":false},"author":1,"featured_media":0,"parent":1638,"menu_order":10,"comment_status":"closed","ping_status":"closed","template":"page-sidebar.php","meta":{"footnotes":""},"class_list":["post-1629","page","type-page","status-publish","hentry"],"yoast_head":"<!-- This site is optimized with the Yoast SEO plugin v19.3 - https:\/\/yoast.com\/wordpress\/plugins\/seo\/ -->\n<title>Qu\u2019est-ce que Mercabilbao? - Mercabilbao<\/title>\n<meta name=\"description\" content=\"MERCABILBAO est la soci\u00e9t\u00e9 anonyme marchande qui g\u00e8re le service des March\u00e9s Centraux Grossistes de la ville de Bilbao et de sa zone d\u2019influence.Mercabilbao fait partie du groupe MERCASA, qui comprend 23 march\u00e9s de gros. MERCABILBAO est actuellement le plus grand centre de distribution d&#039;aliments p\u00e9rissables du Nord de\" \/>\n<meta name=\"robots\" content=\"index, follow, max-snippet:-1, max-image-preview:large, max-video-preview:-1\" \/>\n<link rel=\"canonical\" href=\"https:\/\/www.mercabilbao.eus\/fr\/presentation\/quest-ce-que-mercabilbao\/\" \/>\n<meta property=\"og:locale\" content=\"fr_FR\" \/>\n<meta property=\"og:type\" content=\"article\" \/>\n<meta property=\"og:title\" content=\"Qu\u2019est-ce que Mercabilbao? - Mercabilbao\" \/>\n<meta property=\"og:description\" content=\"MERCABILBAO est la soci\u00e9t\u00e9 anonyme marchande qui g\u00e8re le service des March\u00e9s Centraux Grossistes de la ville de Bilbao et de sa zone d\u2019influence.Mercabilbao fait partie du groupe MERCASA, qui comprend 23 march\u00e9s de gros. MERCABILBAO est actuellement le plus grand centre de distribution d&#039;aliments p\u00e9rissables du Nord de\" \/>\n<meta property=\"og:url\" content=\"https:\/\/www.mercabilbao.eus\/fr\/presentation\/quest-ce-que-mercabilbao\/\" \/>\n<meta property=\"og:site_name\" content=\"Mercabilbao\" \/>\n<meta property=\"article:modified_time\" content=\"2023-04-03T07:42:29+00:00\" \/>\n<meta name=\"twitter:card\" content=\"summary_large_image\" \/>\n<meta name=\"twitter:label1\" content=\"Dur\u00e9e de lecture estim\u00e9e\" \/>\n\t<meta name=\"twitter:data1\" content=\"2 minutes\" \/>\n<script type=\"application\/ld+json\" class=\"yoast-schema-graph\">{\"@context\":\"https:\/\/schema.org\",\"@graph\":[{\"@type\":\"WebSite\",\"@id\":\"https:\/\/www.mercabilbao.eus\/fr\/#website\",\"url\":\"https:\/\/www.mercabilbao.eus\/fr\/\",\"name\":\"Mercabilbao\",\"description\":\"Mercabilbao es el mayor centro de distribuci\u00f3n de alimentos perecederos del Norte de la Pen\u00ednsula Ib\u00e9rica.\",\"potentialAction\":[{\"@type\":\"SearchAction\",\"target\":{\"@type\":\"EntryPoint\",\"urlTemplate\":\"https:\/\/www.mercabilbao.eus\/fr\/?s={search_term_string}\"},\"query-input\":\"required name=search_term_string\"}],\"inLanguage\":\"fr-FR\"},{\"@type\":\"WebPage\",\"@id\":\"https:\/\/www.mercabilbao.eus\/fr\/presentation\/quest-ce-que-mercabilbao\/\",\"url\":\"https:\/\/www.mercabilbao.eus\/fr\/presentation\/quest-ce-que-mercabilbao\/\",\"name\":\"Qu\u2019est-ce que Mercabilbao? - Mercabilbao\",\"isPartOf\":{\"@id\":\"https:\/\/www.mercabilbao.eus\/fr\/#website\"},\"datePublished\":\"2018-01-11T11:37:26+00:00\",\"dateModified\":\"2023-04-03T07:42:29+00:00\",\"description\":\"MERCABILBAO est la soci\u00e9t\u00e9 anonyme marchande qui g\u00e8re le service des March\u00e9s Centraux Grossistes de la ville de Bilbao et de sa zone d\u2019influence.Mercabilbao fait partie du groupe MERCASA, qui comprend 23 march\u00e9s de gros. MERCABILBAO est actuellement le plus grand centre de distribution d'aliments p\u00e9rissables du Nord de\",\"breadcrumb\":{\"@id\":\"https:\/\/www.mercabilbao.eus\/fr\/presentation\/quest-ce-que-mercabilbao\/#breadcrumb\"},\"inLanguage\":\"fr-FR\",\"potentialAction\":[{\"@type\":\"ReadAction\",\"target\":[\"https:\/\/www.mercabilbao.eus\/fr\/presentation\/quest-ce-que-mercabilbao\/\"]}]},{\"@type\":\"BreadcrumbList\",\"@id\":\"https:\/\/www.mercabilbao.eus\/fr\/presentation\/quest-ce-que-mercabilbao\/#breadcrumb\",\"itemListElement\":[{\"@type\":\"ListItem\",\"position\":1,\"name\":\"Portada\",\"item\":\"https:\/\/www.mercabilbao.eus\/fr\/\"},{\"@type\":\"ListItem\",\"position\":2,\"name\":\"Pr\u00e9sentation\",\"item\":\"https:\/\/www.mercabilbao.eus\/fr\/presentation\/\"},{\"@type\":\"ListItem\",\"position\":3,\"name\":\"Qu\u2019est-ce que Mercabilbao?\"}]}]}<\/script>\n<!-- \/ Yoast SEO plugin. -->","yoast_head_json":{"title":"Qu\u2019est-ce que Mercabilbao? - Mercabilbao","description":"MERCABILBAO est la soci\u00e9t\u00e9 anonyme marchande qui g\u00e8re le service des March\u00e9s Centraux Grossistes de la ville de Bilbao et de sa zone d\u2019influence.Mercabilbao fait partie du groupe MERCASA, qui comprend 23 march\u00e9s de gros. MERCABILBAO est actuellement le plus grand centre de distribution d'aliments p\u00e9rissables du Nord de","robots":{"index":"index","follow":"follow","max-snippet":"max-snippet:-1","max-image-preview":"max-image-preview:large","max-video-preview":"max-video-preview:-1"},"canonical":"https:\/\/www.mercabilbao.eus\/fr\/presentation\/quest-ce-que-mercabilbao\/","og_locale":"fr_FR","og_type":"article","og_title":"Qu\u2019est-ce que Mercabilbao? - Mercabilbao","og_description":"MERCABILBAO est la soci\u00e9t\u00e9 anonyme marchande qui g\u00e8re le service des March\u00e9s Centraux Grossistes de la ville de Bilbao et de sa zone d\u2019influence.Mercabilbao fait partie du groupe MERCASA, qui comprend 23 march\u00e9s de gros. MERCABILBAO est actuellement le plus grand centre de distribution d'aliments p\u00e9rissables du Nord de","og_url":"https:\/\/www.mercabilbao.eus\/fr\/presentation\/quest-ce-que-mercabilbao\/","og_site_name":"Mercabilbao","article_modified_time":"2023-04-03T07:42:29+00:00","twitter_card":"summary_large_image","twitter_misc":{"Dur\u00e9e de lecture estim\u00e9e":"2 minutes"},"schema":{"@context":"https:\/\/schema.org","@graph":[{"@type":"WebSite","@id":"https:\/\/www.mercabilbao.eus\/fr\/#website","url":"https:\/\/www.mercabilbao.eus\/fr\/","name":"Mercabilbao","description":"Mercabilbao es el mayor centro de distribuci\u00f3n de alimentos perecederos del Norte de la Pen\u00ednsula Ib\u00e9rica.","potentialAction":[{"@type":"SearchAction","target":{"@type":"EntryPoint","urlTemplate":"https:\/\/www.mercabilbao.eus\/fr\/?s={search_term_string}"},"query-input":"required name=search_term_string"}],"inLanguage":"fr-FR"},{"@type":"WebPage","@id":"https:\/\/www.mercabilbao.eus\/fr\/presentation\/quest-ce-que-mercabilbao\/","url":"https:\/\/www.mercabilbao.eus\/fr\/presentation\/quest-ce-que-mercabilbao\/","name":"Qu\u2019est-ce que Mercabilbao? - Mercabilbao","isPartOf":{"@id":"https:\/\/www.mercabilbao.eus\/fr\/#website"},"datePublished":"2018-01-11T11:37:26+00:00","dateModified":"2023-04-03T07:42:29+00:00","description":"MERCABILBAO est la soci\u00e9t\u00e9 anonyme marchande qui g\u00e8re le service des March\u00e9s Centraux Grossistes de la ville de Bilbao et de sa zone d\u2019influence.Mercabilbao fait partie du groupe MERCASA, qui comprend 23 march\u00e9s de gros. MERCABILBAO est actuellement le plus grand centre de distribution d'aliments p\u00e9rissables du Nord de","breadcrumb":{"@id":"https:\/\/www.mercabilbao.eus\/fr\/presentation\/quest-ce-que-mercabilbao\/#breadcrumb"},"inLanguage":"fr-FR","potentialAction":[{"@type":"ReadAction","target":["https:\/\/www.mercabilbao.eus\/fr\/presentation\/quest-ce-que-mercabilbao\/"]}]},{"@type":"BreadcrumbList","@id":"https:\/\/www.mercabilbao.eus\/fr\/presentation\/quest-ce-que-mercabilbao\/#breadcrumb","itemListElement":[{"@type":"ListItem","position":1,"name":"Portada","item":"https:\/\/www.mercabilbao.eus\/fr\/"},{"@type":"ListItem","position":2,"name":"Pr\u00e9sentation","item":"https:\/\/www.mercabilbao.eus\/fr\/presentation\/"},{"@type":"ListItem","position":3,"name":"Qu\u2019est-ce que Mercabilbao?"}]}]}},"_links":{"self":[{"href":"https:\/\/www.mercabilbao.eus\/fr\/wp-json\/wp\/v2\/pages\/1629","targetHints":{"allow":["GET"]}}],"collection":[{"href":"https:\/\/www.mercabilbao.eus\/fr\/wp-json\/wp\/v2\/pages"}],"about":[{"href":"https:\/\/www.mercabilbao.eus\/fr\/wp-json\/wp\/v2\/types\/page"}],"author":[{"embeddable":true,"href":"https:\/\/www.mercabilbao.eus\/fr\/wp-json\/wp\/v2\/users\/1"}],"replies":[{"embeddable":true,"href":"https:\/\/www.mercabilbao.eus\/fr\/wp-json\/wp\/v2\/comments?post=1629"}],"version-history":[{"count":4,"href":"https:\/\/www.mercabilbao.eus\/fr\/wp-json\/wp\/v2\/pages\/1629\/revisions"}],"predecessor-version":[{"id":5059,"href":"https:\/\/www.mercabilbao.eus\/fr\/wp-json\/wp\/v2\/pages\/1629\/revisions\/5059"}],"up":[{"embeddable":true,"href":"https:\/\/www.mercabilbao.eus\/fr\/wp-json\/wp\/v2\/pages\/1638"}],"wp:attachment":[{"href":"https:\/\/www.mercabilbao.eus\/fr\/wp-json\/wp\/v2\/media?parent=1629"}],"curies":[{"name":"wp","href":"https:\/\/api.w.org\/{rel}","templated":true}]}}