{"id":1659,"date":"2018-01-15T09:04:21","date_gmt":"2018-01-15T09:04:21","guid":{"rendered":"https:\/\/www.mercabilbao.eus\/poissons-et-crustaces\/"},"modified":"2020-03-23T14:50:55","modified_gmt":"2020-03-23T13:50:55","slug":"poissons-et-crustaces","status":"publish","type":"page","link":"https:\/\/www.mercabilbao.eus\/fr\/secteurs-dactivite\/poissons-et-crustaces\/","title":{"rendered":"Poissons et crustac\u00e9s"},"content":{"rendered":"<p><iframe loading=\"lazy\" src=\"https:\/\/www.youtube.com\/embed\/q2_KqDUIz2k\" width=\"100%\" height=\"315\" frameborder=\"0\" allowfullscreen=\"allowfullscreen\"><\/iframe><\/p>\n<div class=\"planos\">          \n\t\t<img decoding=\"async\" class=\"plano plano_frutas\" src=\"\/wp-content\/themes\/mercabilbao\/img\/plano_frutas.png\" alt=\"\" \/>\n\t\t<img decoding=\"async\" class=\"plano plano_pescados\" src=\"\/wp-content\/themes\/mercabilbao\/img\/plano_pescados.png\" alt=\"\" \/>\n\t\t<img decoding=\"async\" class=\"plano plano_polivalente\" src=\"\/wp-content\/themes\/mercabilbao\/img\/plano_polivalente.png\" alt=\"\" \/>\n\t\t<img decoding=\"async\" class=\"plano plano_zona-comercial\" src=\"\/wp-content\/themes\/mercabilbao\/img\/plano_zona-comercial.png\" alt=\"\" \/>\n\t\t<img decoding=\"async\" class=\"plano plano_actividades\" src=\"\/wp-content\/themes\/mercabilbao\/img\/plano_actividades.png\" alt=\"\" \/>\n\t\t<img decoding=\"async\" class=\"plano plano_estacionamientos\" src=\"\/wp-content\/themes\/mercabilbao\/img\/plano_estacionamientos.png\" alt=\"\" \/>\n\t\t<img decoding=\"async\" class=\"plano plano_extra\" src=\"\/wp-content\/themes\/mercabilbao\/img\/plano_extra.png\" alt=\"\" usemap=\"#Map\">\n\n\t\t<map name=\"Map\" id=\"Map\">\n\t\t\t<area data-plano=\"plano_frutas\" shape=\"poly\" coords=\"197,186,225,207,164,287,137,266\" href=\"https:\/\/www.mercabilbao.eus\/sectores-de-actividad\/frutas-hortalizas-y-platanos\/\" \/>\n\t\t\t<area data-plano=\"plano_frutas\" shape=\"poly\" coords=\"137,142,167,163,106,243,78,220\" href=\"https:\/\/www.mercabilbao.eus\/sectores-de-actividad\/frutas-hortalizas-y-platanos\/\" \/>\n\t\t\t<area data-plano=\"plano_frutas\" shape=\"poly\" coords=\"94,104,110,114,49,197,34,187,53,163,49,161\" href=\"https:\/\/www.mercabilbao.eus\/mapa-web\/\" \/>\n\t\t\t<area data-plano=\"plano_frutas\" shape=\"poly\" coords=\"163,96,175,105,159,129,146,120\" href=\"https:\/\/www.mercabilbao.eus\/sectores-de-actividad\/frutas-hortalizas-y-platanos\/\" \/>\n\t\t\t<area data-plano=\"plano_pescados\" shape=\"poly\" coords=\"323,101,347,119,275,215,248,196\" href=\"https:\/\/www.mercabilbao.eus\/sectores-de-actividad\/pescados-y-mariscos\/\" \/>\n\t\t\t<area data-plano=\"plano_polivalente\" shape=\"poly\" coords=\"252,63,289,90,270,115,251,102,231,126,213,111,251,62\" href=\"https:\/\/www.mercabilbao.eus\/sectores-de-actividad\/polivalente\/\" \/>\n\t\t\t<area data-plano=\"plano_zona-comercial\" shape=\"poly\" coords=\"204,121,243,148,230,167,192,140\" href=\"https:\/\/www.mercabilbao.eus\/sectores-de-actividad\/zona-comercial\/\" \/>\n\t\t\t<area data-plano=\"plano_actividades\" shape=\"poly\" coords=\"177,41,206,62,175,104,163,95,144,119,127,105\" href=\"https:\/\/www.mercabilbao.eus\/sectores-de-actividad\/actividades-complementarias\/\" \/>\n\t\t\t<area data-plano=\"plano_actividades\" shape=\"poly\" coords=\"394,122,402,114,410,120,416,113,424,118,429,114,435,121,438,117,450,125,436,143,427,135,422,140\" href=\"https:\/\/www.mercabilbao.eus\/sectores-de-actividad\/actividades-complementarias\/\" \/>\n\t\t\t<area data-plano=\"plano_actividades\" shape=\"poly\" coords=\"221,310,270,310,264,318,243,316,240,319,235,316,221,315\" href=\"https:\/\/www.mercabilbao.eus\/sectores-de-actividad\/actividades-complementarias\/\" \/>\n\t\t\t<area data-plano=\"plano_estacionamientos\" shape=\"poly\" coords=\"234,38,213,65,170,31,181,18,187,16,196,17,205,18,213,22\" href=\"https:\/\/www.mercabilbao.eus\/informacion-practica\/estacionamientos\/\" \/>\n\t\t\t<area data-plano=\"plano_estacionamientos\" shape=\"poly\" coords=\"227,247,268,278,253,296,198,296,195,295,194,292,195,288,197,286\" href=\"https:\/\/www.mercabilbao.eus\/informacion-practica\/estacionamientos\/\" \/>\n\t\t<\/map>\n\t<\/div>\n<p class=\"text-left\">Le march\u00e9 de POISSONS ET CRUSTAC\u00c9S occupe une surface de 12 835 m<sup>2<\/sup> sur laquelle op\u00e8rent plus de 20 entreprises grossistes. Les installations de ce march\u00e9 sont compos\u00e9es de 32 points de vente de poissons et crustac\u00e9s frais et surgel\u00e9s, tous \u00e9quip\u00e9s de leur propres r\u00e9frig\u00e9rateurs. Les entreprises sp\u00e9cialis\u00e9es dans les produits surgel\u00e9s disposent en outre d\u2019une chambre froide adapt\u00e9e d\u2019une capacit\u00e9 de 800 Tonnes.<\/p>\n<p class=\"text-left\">A l\u2019int\u00e9rieur du Pavillon de Poissons se trouve une usine \u00e1 glace (qui en produit 20 tonnes par jour) et le laboratoire d&rsquo;Inspection Sanitaire, o\u00f9 des pr\u00e9l\u00e8vements sont analys\u00e9s quotidiennement pour v\u00e9rifier la qualit\u00e9 des produits mis en vente et d\u00e9tecter de possibles irr\u00e9gularit\u00e9s concernant la r\u00e9glementation sur la taille des poissons.<\/p>\n<p><img decoding=\"async\" class=\"img-seccion\" src=\"\/wp-content\/themes\/mercabilbao\/img\/img-pescados.jpg\" alt=\"Poissons et crustac\u00e9s\" \/><\/p>\n","protected":false},"excerpt":{"rendered":"<p>Le march\u00e9 de POISSONS ET CRUSTAC\u00c9S occupe une surface de 12 835 m2 sur laquelle op\u00e8rent plus de 20 entreprises grossistes. Les installations de ce march\u00e9 sont compos\u00e9es de 32 [&hellip;]<\/p>\n","protected":false},"author":1,"featured_media":0,"parent":1641,"menu_order":20,"comment_status":"closed","ping_status":"closed","template":"page-sidebar.php","meta":{"footnotes":""},"class_list":["post-1659","page","type-page","status-publish","hentry"],"yoast_head":"<!-- This site is optimized with the Yoast SEO plugin v19.3 - https:\/\/yoast.com\/wordpress\/plugins\/seo\/ -->\n<title>Poissons et crustac\u00e9s - Mercabilbao<\/title>\n<meta name=\"description\" content=\"Le march\u00e9 de POISSONS ET CRUSTAC\u00c9S occupe une surface de 12 835 m2. sur laquelle op\u00e8rent plus de 20 entreprises grossistes. Les installations de ce march\u00e9 sont compos\u00e9es de 32 points de vente de poissons et crustac\u00e9s frais et surgel\u00e9s, tous \u00e9quip\u00e9s de leur propres r\u00e9frig\u00e9rateurs. Les entreprises sp\u00e9cialis\u00e9es dans les p\" \/>\n<meta name=\"robots\" content=\"index, follow, max-snippet:-1, max-image-preview:large, max-video-preview:-1\" \/>\n<link rel=\"canonical\" href=\"https:\/\/www.mercabilbao.eus\/fr\/secteurs-dactivite\/poissons-et-crustaces\/\" \/>\n<meta property=\"og:locale\" content=\"fr_FR\" \/>\n<meta property=\"og:type\" content=\"article\" \/>\n<meta property=\"og:title\" content=\"Poissons et crustac\u00e9s - Mercabilbao\" \/>\n<meta property=\"og:description\" content=\"Le march\u00e9 de POISSONS ET CRUSTAC\u00c9S occupe une surface de 12 835 m2. sur laquelle op\u00e8rent plus de 20 entreprises grossistes. Les installations de ce march\u00e9 sont compos\u00e9es de 32 points de vente de poissons et crustac\u00e9s frais et surgel\u00e9s, tous \u00e9quip\u00e9s de leur propres r\u00e9frig\u00e9rateurs. Les entreprises sp\u00e9cialis\u00e9es dans les p\" \/>\n<meta property=\"og:url\" content=\"https:\/\/www.mercabilbao.eus\/fr\/secteurs-dactivite\/poissons-et-crustaces\/\" \/>\n<meta property=\"og:site_name\" content=\"Mercabilbao\" \/>\n<meta property=\"article:modified_time\" content=\"2020-03-23T13:50:55+00:00\" \/>\n<meta name=\"twitter:card\" content=\"summary_large_image\" \/>\n<meta name=\"twitter:label1\" content=\"Dur\u00e9e de lecture estim\u00e9e\" \/>\n\t<meta name=\"twitter:data1\" content=\"1 minute\" \/>\n<script type=\"application\/ld+json\" class=\"yoast-schema-graph\">{\"@context\":\"https:\/\/schema.org\",\"@graph\":[{\"@type\":\"WebSite\",\"@id\":\"https:\/\/www.mercabilbao.eus\/fr\/#website\",\"url\":\"https:\/\/www.mercabilbao.eus\/fr\/\",\"name\":\"Mercabilbao\",\"description\":\"Mercabilbao es el mayor centro de distribuci\u00f3n de alimentos perecederos del Norte de la Pen\u00ednsula Ib\u00e9rica.\",\"potentialAction\":[{\"@type\":\"SearchAction\",\"target\":{\"@type\":\"EntryPoint\",\"urlTemplate\":\"https:\/\/www.mercabilbao.eus\/fr\/?s={search_term_string}\"},\"query-input\":\"required name=search_term_string\"}],\"inLanguage\":\"fr-FR\"},{\"@type\":\"WebPage\",\"@id\":\"https:\/\/www.mercabilbao.eus\/fr\/secteurs-dactivite\/poissons-et-crustaces\/\",\"url\":\"https:\/\/www.mercabilbao.eus\/fr\/secteurs-dactivite\/poissons-et-crustaces\/\",\"name\":\"Poissons et crustac\u00e9s - Mercabilbao\",\"isPartOf\":{\"@id\":\"https:\/\/www.mercabilbao.eus\/fr\/#website\"},\"datePublished\":\"2018-01-15T09:04:21+00:00\",\"dateModified\":\"2020-03-23T13:50:55+00:00\",\"description\":\"Le march\u00e9 de POISSONS ET CRUSTAC\u00c9S occupe une surface de 12 835 m2. sur laquelle op\u00e8rent plus de 20 entreprises grossistes. Les installations de ce march\u00e9 sont compos\u00e9es de 32 points de vente de poissons et crustac\u00e9s frais et surgel\u00e9s, tous \u00e9quip\u00e9s de leur propres r\u00e9frig\u00e9rateurs. Les entreprises sp\u00e9cialis\u00e9es dans les p\",\"breadcrumb\":{\"@id\":\"https:\/\/www.mercabilbao.eus\/fr\/secteurs-dactivite\/poissons-et-crustaces\/#breadcrumb\"},\"inLanguage\":\"fr-FR\",\"potentialAction\":[{\"@type\":\"ReadAction\",\"target\":[\"https:\/\/www.mercabilbao.eus\/fr\/secteurs-dactivite\/poissons-et-crustaces\/\"]}]},{\"@type\":\"BreadcrumbList\",\"@id\":\"https:\/\/www.mercabilbao.eus\/fr\/secteurs-dactivite\/poissons-et-crustaces\/#breadcrumb\",\"itemListElement\":[{\"@type\":\"ListItem\",\"position\":1,\"name\":\"Portada\",\"item\":\"https:\/\/www.mercabilbao.eus\/fr\/\"},{\"@type\":\"ListItem\",\"position\":2,\"name\":\"Secteurs d&rsquo;activit\u00e9\",\"item\":\"https:\/\/www.mercabilbao.eus\/fr\/secteurs-dactivite\/\"},{\"@type\":\"ListItem\",\"position\":3,\"name\":\"Poissons et crustac\u00e9s\"}]}]}<\/script>\n<!-- \/ Yoast SEO plugin. -->","yoast_head_json":{"title":"Poissons et crustac\u00e9s - Mercabilbao","description":"Le march\u00e9 de POISSONS ET CRUSTAC\u00c9S occupe une surface de 12 835 m2. sur laquelle op\u00e8rent plus de 20 entreprises grossistes. Les installations de ce march\u00e9 sont compos\u00e9es de 32 points de vente de poissons et crustac\u00e9s frais et surgel\u00e9s, tous \u00e9quip\u00e9s de leur propres r\u00e9frig\u00e9rateurs. Les entreprises sp\u00e9cialis\u00e9es dans les p","robots":{"index":"index","follow":"follow","max-snippet":"max-snippet:-1","max-image-preview":"max-image-preview:large","max-video-preview":"max-video-preview:-1"},"canonical":"https:\/\/www.mercabilbao.eus\/fr\/secteurs-dactivite\/poissons-et-crustaces\/","og_locale":"fr_FR","og_type":"article","og_title":"Poissons et crustac\u00e9s - Mercabilbao","og_description":"Le march\u00e9 de POISSONS ET CRUSTAC\u00c9S occupe une surface de 12 835 m2. sur laquelle op\u00e8rent plus de 20 entreprises grossistes. Les installations de ce march\u00e9 sont compos\u00e9es de 32 points de vente de poissons et crustac\u00e9s frais et surgel\u00e9s, tous \u00e9quip\u00e9s de leur propres r\u00e9frig\u00e9rateurs. Les entreprises sp\u00e9cialis\u00e9es dans les p","og_url":"https:\/\/www.mercabilbao.eus\/fr\/secteurs-dactivite\/poissons-et-crustaces\/","og_site_name":"Mercabilbao","article_modified_time":"2020-03-23T13:50:55+00:00","twitter_card":"summary_large_image","twitter_misc":{"Dur\u00e9e de lecture estim\u00e9e":"1 minute"},"schema":{"@context":"https:\/\/schema.org","@graph":[{"@type":"WebSite","@id":"https:\/\/www.mercabilbao.eus\/fr\/#website","url":"https:\/\/www.mercabilbao.eus\/fr\/","name":"Mercabilbao","description":"Mercabilbao es el mayor centro de distribuci\u00f3n de alimentos perecederos del Norte de la Pen\u00ednsula Ib\u00e9rica.","potentialAction":[{"@type":"SearchAction","target":{"@type":"EntryPoint","urlTemplate":"https:\/\/www.mercabilbao.eus\/fr\/?s={search_term_string}"},"query-input":"required name=search_term_string"}],"inLanguage":"fr-FR"},{"@type":"WebPage","@id":"https:\/\/www.mercabilbao.eus\/fr\/secteurs-dactivite\/poissons-et-crustaces\/","url":"https:\/\/www.mercabilbao.eus\/fr\/secteurs-dactivite\/poissons-et-crustaces\/","name":"Poissons et crustac\u00e9s - Mercabilbao","isPartOf":{"@id":"https:\/\/www.mercabilbao.eus\/fr\/#website"},"datePublished":"2018-01-15T09:04:21+00:00","dateModified":"2020-03-23T13:50:55+00:00","description":"Le march\u00e9 de POISSONS ET CRUSTAC\u00c9S occupe une surface de 12 835 m2. sur laquelle op\u00e8rent plus de 20 entreprises grossistes. Les installations de ce march\u00e9 sont compos\u00e9es de 32 points de vente de poissons et crustac\u00e9s frais et surgel\u00e9s, tous \u00e9quip\u00e9s de leur propres r\u00e9frig\u00e9rateurs. Les entreprises sp\u00e9cialis\u00e9es dans les p","breadcrumb":{"@id":"https:\/\/www.mercabilbao.eus\/fr\/secteurs-dactivite\/poissons-et-crustaces\/#breadcrumb"},"inLanguage":"fr-FR","potentialAction":[{"@type":"ReadAction","target":["https:\/\/www.mercabilbao.eus\/fr\/secteurs-dactivite\/poissons-et-crustaces\/"]}]},{"@type":"BreadcrumbList","@id":"https:\/\/www.mercabilbao.eus\/fr\/secteurs-dactivite\/poissons-et-crustaces\/#breadcrumb","itemListElement":[{"@type":"ListItem","position":1,"name":"Portada","item":"https:\/\/www.mercabilbao.eus\/fr\/"},{"@type":"ListItem","position":2,"name":"Secteurs d&rsquo;activit\u00e9","item":"https:\/\/www.mercabilbao.eus\/fr\/secteurs-dactivite\/"},{"@type":"ListItem","position":3,"name":"Poissons et crustac\u00e9s"}]}]}},"_links":{"self":[{"href":"https:\/\/www.mercabilbao.eus\/fr\/wp-json\/wp\/v2\/pages\/1659","targetHints":{"allow":["GET"]}}],"collection":[{"href":"https:\/\/www.mercabilbao.eus\/fr\/wp-json\/wp\/v2\/pages"}],"about":[{"href":"https:\/\/www.mercabilbao.eus\/fr\/wp-json\/wp\/v2\/types\/page"}],"author":[{"embeddable":true,"href":"https:\/\/www.mercabilbao.eus\/fr\/wp-json\/wp\/v2\/users\/1"}],"replies":[{"embeddable":true,"href":"https:\/\/www.mercabilbao.eus\/fr\/wp-json\/wp\/v2\/comments?post=1659"}],"version-history":[{"count":1,"href":"https:\/\/www.mercabilbao.eus\/fr\/wp-json\/wp\/v2\/pages\/1659\/revisions"}],"predecessor-version":[{"id":2545,"href":"https:\/\/www.mercabilbao.eus\/fr\/wp-json\/wp\/v2\/pages\/1659\/revisions\/2545"}],"up":[{"embeddable":true,"href":"https:\/\/www.mercabilbao.eus\/fr\/wp-json\/wp\/v2\/pages\/1641"}],"wp:attachment":[{"href":"https:\/\/www.mercabilbao.eus\/fr\/wp-json\/wp\/v2\/media?parent=1659"}],"curies":[{"name":"wp","href":"https:\/\/api.w.org\/{rel}","templated":true}]}}