{"id":1662,"date":"2018-01-15T09:10:42","date_gmt":"2018-01-15T09:10:42","guid":{"rendered":"https:\/\/www.mercabilbao.eus\/le-marche-polyvalent\/"},"modified":"2020-03-23T14:53:32","modified_gmt":"2020-03-23T13:53:32","slug":"le-marche-polyvalent","status":"publish","type":"page","link":"https:\/\/www.mercabilbao.eus\/fr\/secteurs-dactivite\/le-marche-polyvalent\/","title":{"rendered":"Le march\u00e9 Polyvalent"},"content":{"rendered":"<p><iframe loading=\"lazy\" src=\"https:\/\/www.youtube.com\/embed\/4JUEL8b-8gA \" width=\"100%\" height=\"315\" frameborder=\"0\" allowfullscreen=\"allowfullscreen\"><\/iframe><\/p>\n<div class=\"planos\">          \n\t\t<img decoding=\"async\" class=\"plano plano_frutas\" src=\"\/wp-content\/themes\/mercabilbao\/img\/plano_frutas.png\" alt=\"\" \/>\n\t\t<img decoding=\"async\" class=\"plano plano_pescados\" src=\"\/wp-content\/themes\/mercabilbao\/img\/plano_pescados.png\" alt=\"\" \/>\n\t\t<img decoding=\"async\" class=\"plano plano_polivalente\" src=\"\/wp-content\/themes\/mercabilbao\/img\/plano_polivalente.png\" alt=\"\" \/>\n\t\t<img decoding=\"async\" class=\"plano plano_zona-comercial\" src=\"\/wp-content\/themes\/mercabilbao\/img\/plano_zona-comercial.png\" alt=\"\" \/>\n\t\t<img decoding=\"async\" class=\"plano plano_actividades\" src=\"\/wp-content\/themes\/mercabilbao\/img\/plano_actividades.png\" alt=\"\" \/>\n\t\t<img decoding=\"async\" class=\"plano plano_estacionamientos\" src=\"\/wp-content\/themes\/mercabilbao\/img\/plano_estacionamientos.png\" alt=\"\" \/>\n\t\t<img decoding=\"async\" class=\"plano plano_extra\" src=\"\/wp-content\/themes\/mercabilbao\/img\/plano_extra.png\" alt=\"\" usemap=\"#Map\">\n\n\t\t<map name=\"Map\" id=\"Map\">\n\t\t\t<area data-plano=\"plano_frutas\" shape=\"poly\" coords=\"197,186,225,207,164,287,137,266\" href=\"https:\/\/www.mercabilbao.eus\/sectores-de-actividad\/frutas-hortalizas-y-platanos\/\" \/>\n\t\t\t<area data-plano=\"plano_frutas\" shape=\"poly\" coords=\"137,142,167,163,106,243,78,220\" href=\"https:\/\/www.mercabilbao.eus\/sectores-de-actividad\/frutas-hortalizas-y-platanos\/\" \/>\n\t\t\t<area data-plano=\"plano_frutas\" shape=\"poly\" coords=\"94,104,110,114,49,197,34,187,53,163,49,161\" href=\"https:\/\/www.mercabilbao.eus\/mapa-web\/\" \/>\n\t\t\t<area data-plano=\"plano_frutas\" shape=\"poly\" coords=\"163,96,175,105,159,129,146,120\" href=\"https:\/\/www.mercabilbao.eus\/sectores-de-actividad\/frutas-hortalizas-y-platanos\/\" \/>\n\t\t\t<area data-plano=\"plano_pescados\" shape=\"poly\" coords=\"323,101,347,119,275,215,248,196\" href=\"https:\/\/www.mercabilbao.eus\/sectores-de-actividad\/pescados-y-mariscos\/\" \/>\n\t\t\t<area data-plano=\"plano_polivalente\" shape=\"poly\" coords=\"252,63,289,90,270,115,251,102,231,126,213,111,251,62\" href=\"https:\/\/www.mercabilbao.eus\/sectores-de-actividad\/polivalente\/\" \/>\n\t\t\t<area data-plano=\"plano_zona-comercial\" shape=\"poly\" coords=\"204,121,243,148,230,167,192,140\" href=\"https:\/\/www.mercabilbao.eus\/sectores-de-actividad\/zona-comercial\/\" \/>\n\t\t\t<area data-plano=\"plano_actividades\" shape=\"poly\" coords=\"177,41,206,62,175,104,163,95,144,119,127,105\" href=\"https:\/\/www.mercabilbao.eus\/sectores-de-actividad\/actividades-complementarias\/\" \/>\n\t\t\t<area data-plano=\"plano_actividades\" shape=\"poly\" coords=\"394,122,402,114,410,120,416,113,424,118,429,114,435,121,438,117,450,125,436,143,427,135,422,140\" href=\"https:\/\/www.mercabilbao.eus\/sectores-de-actividad\/actividades-complementarias\/\" \/>\n\t\t\t<area data-plano=\"plano_actividades\" shape=\"poly\" coords=\"221,310,270,310,264,318,243,316,240,319,235,316,221,315\" href=\"https:\/\/www.mercabilbao.eus\/sectores-de-actividad\/actividades-complementarias\/\" \/>\n\t\t\t<area data-plano=\"plano_estacionamientos\" shape=\"poly\" coords=\"234,38,213,65,170,31,181,18,187,16,196,17,205,18,213,22\" href=\"https:\/\/www.mercabilbao.eus\/informacion-practica\/estacionamientos\/\" \/>\n\t\t\t<area data-plano=\"plano_estacionamientos\" shape=\"poly\" coords=\"227,247,268,278,253,296,198,296,195,295,194,292,195,288,197,286\" href=\"https:\/\/www.mercabilbao.eus\/informacion-practica\/estacionamientos\/\" \/>\n\t\t<\/map>\n\t<\/div>\n<p class=\"text-left\">Ce pavillon de 7452 m<sup>2<\/sup>, se compose de 27 points de vente consacr\u00e9s \u00e0 la distribution en gros de produits p\u00e9rissables et semi-p\u00e9rissables et \u00e0 l\u2019entreposage logistique. Les entreprises qui y op\u00e8rent, approvisionnent des boucheries, des restaurants, des collectivit\u00e9s et des magasins d&rsquo;alimentation g\u00e9n\u00e9rale.<\/p>\n<p><img decoding=\"async\" class=\"img-seccion\" src=\"\/wp-content\/themes\/mercabilbao\/img\/img-polivalente.jpg\" alt=\"Le march\u00e9 Polyvalent\" \/><\/p>\n","protected":false},"excerpt":{"rendered":"<p>Ce pavillon de 7452 m2, se compose de 27 points de vente consacr\u00e9s \u00e0 la distribution en gros de produits p\u00e9rissables et semi-p\u00e9rissables et \u00e0 l\u2019entreposage logistique. Les entreprises qui [&hellip;]<\/p>\n","protected":false},"author":1,"featured_media":0,"parent":1641,"menu_order":30,"comment_status":"closed","ping_status":"closed","template":"page-sidebar.php","meta":{"footnotes":""},"class_list":["post-1662","page","type-page","status-publish","hentry"],"yoast_head":"<!-- This site is optimized with the Yoast SEO plugin v19.3 - https:\/\/yoast.com\/wordpress\/plugins\/seo\/ -->\n<title>Le march\u00e9 Polyvalent - Mercabilbao<\/title>\n<meta name=\"description\" content=\"Ce pavillon de 7 452 m2, se compose de 27 points de vente consacr\u00e9s \u00e0 la distribution en gros de produits p\u00e9rissables et semi-p\u00e9rissables et \u00e0 l\u2019entreposage logistique. Les entreprises qui y op\u00e8rent, approvisionnent des boucheries, des restaurants, des collectivit\u00e9s et des magasins d&#039;alimentation g\u00e9n\u00e9rale.\" \/>\n<meta name=\"robots\" content=\"index, follow, max-snippet:-1, max-image-preview:large, max-video-preview:-1\" \/>\n<link rel=\"canonical\" href=\"https:\/\/www.mercabilbao.eus\/fr\/secteurs-dactivite\/le-marche-polyvalent\/\" \/>\n<meta property=\"og:locale\" content=\"fr_FR\" \/>\n<meta property=\"og:type\" content=\"article\" \/>\n<meta property=\"og:title\" content=\"Le march\u00e9 Polyvalent - Mercabilbao\" \/>\n<meta property=\"og:description\" content=\"Ce pavillon de 7 452 m2, se compose de 27 points de vente consacr\u00e9s \u00e0 la distribution en gros de produits p\u00e9rissables et semi-p\u00e9rissables et \u00e0 l\u2019entreposage logistique. Les entreprises qui y op\u00e8rent, approvisionnent des boucheries, des restaurants, des collectivit\u00e9s et des magasins d&#039;alimentation g\u00e9n\u00e9rale.\" \/>\n<meta property=\"og:url\" content=\"https:\/\/www.mercabilbao.eus\/fr\/secteurs-dactivite\/le-marche-polyvalent\/\" \/>\n<meta property=\"og:site_name\" content=\"Mercabilbao\" \/>\n<meta property=\"article:modified_time\" content=\"2020-03-23T13:53:32+00:00\" \/>\n<meta name=\"twitter:card\" content=\"summary_large_image\" \/>\n<script type=\"application\/ld+json\" class=\"yoast-schema-graph\">{\"@context\":\"https:\/\/schema.org\",\"@graph\":[{\"@type\":\"WebSite\",\"@id\":\"https:\/\/www.mercabilbao.eus\/fr\/#website\",\"url\":\"https:\/\/www.mercabilbao.eus\/fr\/\",\"name\":\"Mercabilbao\",\"description\":\"Mercabilbao es el mayor centro de distribuci\u00f3n de alimentos perecederos del Norte de la Pen\u00ednsula Ib\u00e9rica.\",\"potentialAction\":[{\"@type\":\"SearchAction\",\"target\":{\"@type\":\"EntryPoint\",\"urlTemplate\":\"https:\/\/www.mercabilbao.eus\/fr\/?s={search_term_string}\"},\"query-input\":\"required name=search_term_string\"}],\"inLanguage\":\"fr-FR\"},{\"@type\":\"WebPage\",\"@id\":\"https:\/\/www.mercabilbao.eus\/fr\/secteurs-dactivite\/le-marche-polyvalent\/\",\"url\":\"https:\/\/www.mercabilbao.eus\/fr\/secteurs-dactivite\/le-marche-polyvalent\/\",\"name\":\"Le march\u00e9 Polyvalent - Mercabilbao\",\"isPartOf\":{\"@id\":\"https:\/\/www.mercabilbao.eus\/fr\/#website\"},\"datePublished\":\"2018-01-15T09:10:42+00:00\",\"dateModified\":\"2020-03-23T13:53:32+00:00\",\"description\":\"Ce pavillon de 7 452 m2, se compose de 27 points de vente consacr\u00e9s \u00e0 la distribution en gros de produits p\u00e9rissables et semi-p\u00e9rissables et \u00e0 l\u2019entreposage logistique. Les entreprises qui y op\u00e8rent, approvisionnent des boucheries, des restaurants, des collectivit\u00e9s et des magasins d'alimentation g\u00e9n\u00e9rale.\",\"breadcrumb\":{\"@id\":\"https:\/\/www.mercabilbao.eus\/fr\/secteurs-dactivite\/le-marche-polyvalent\/#breadcrumb\"},\"inLanguage\":\"fr-FR\",\"potentialAction\":[{\"@type\":\"ReadAction\",\"target\":[\"https:\/\/www.mercabilbao.eus\/fr\/secteurs-dactivite\/le-marche-polyvalent\/\"]}]},{\"@type\":\"BreadcrumbList\",\"@id\":\"https:\/\/www.mercabilbao.eus\/fr\/secteurs-dactivite\/le-marche-polyvalent\/#breadcrumb\",\"itemListElement\":[{\"@type\":\"ListItem\",\"position\":1,\"name\":\"Portada\",\"item\":\"https:\/\/www.mercabilbao.eus\/fr\/\"},{\"@type\":\"ListItem\",\"position\":2,\"name\":\"Secteurs d&rsquo;activit\u00e9\",\"item\":\"https:\/\/www.mercabilbao.eus\/fr\/secteurs-dactivite\/\"},{\"@type\":\"ListItem\",\"position\":3,\"name\":\"Le march\u00e9 Polyvalent\"}]}]}<\/script>\n<!-- \/ Yoast SEO plugin. -->","yoast_head_json":{"title":"Le march\u00e9 Polyvalent - Mercabilbao","description":"Ce pavillon de 7 452 m2, se compose de 27 points de vente consacr\u00e9s \u00e0 la distribution en gros de produits p\u00e9rissables et semi-p\u00e9rissables et \u00e0 l\u2019entreposage logistique. Les entreprises qui y op\u00e8rent, approvisionnent des boucheries, des restaurants, des collectivit\u00e9s et des magasins d'alimentation g\u00e9n\u00e9rale.","robots":{"index":"index","follow":"follow","max-snippet":"max-snippet:-1","max-image-preview":"max-image-preview:large","max-video-preview":"max-video-preview:-1"},"canonical":"https:\/\/www.mercabilbao.eus\/fr\/secteurs-dactivite\/le-marche-polyvalent\/","og_locale":"fr_FR","og_type":"article","og_title":"Le march\u00e9 Polyvalent - Mercabilbao","og_description":"Ce pavillon de 7 452 m2, se compose de 27 points de vente consacr\u00e9s \u00e0 la distribution en gros de produits p\u00e9rissables et semi-p\u00e9rissables et \u00e0 l\u2019entreposage logistique. Les entreprises qui y op\u00e8rent, approvisionnent des boucheries, des restaurants, des collectivit\u00e9s et des magasins d'alimentation g\u00e9n\u00e9rale.","og_url":"https:\/\/www.mercabilbao.eus\/fr\/secteurs-dactivite\/le-marche-polyvalent\/","og_site_name":"Mercabilbao","article_modified_time":"2020-03-23T13:53:32+00:00","twitter_card":"summary_large_image","schema":{"@context":"https:\/\/schema.org","@graph":[{"@type":"WebSite","@id":"https:\/\/www.mercabilbao.eus\/fr\/#website","url":"https:\/\/www.mercabilbao.eus\/fr\/","name":"Mercabilbao","description":"Mercabilbao es el mayor centro de distribuci\u00f3n de alimentos perecederos del Norte de la Pen\u00ednsula Ib\u00e9rica.","potentialAction":[{"@type":"SearchAction","target":{"@type":"EntryPoint","urlTemplate":"https:\/\/www.mercabilbao.eus\/fr\/?s={search_term_string}"},"query-input":"required name=search_term_string"}],"inLanguage":"fr-FR"},{"@type":"WebPage","@id":"https:\/\/www.mercabilbao.eus\/fr\/secteurs-dactivite\/le-marche-polyvalent\/","url":"https:\/\/www.mercabilbao.eus\/fr\/secteurs-dactivite\/le-marche-polyvalent\/","name":"Le march\u00e9 Polyvalent - Mercabilbao","isPartOf":{"@id":"https:\/\/www.mercabilbao.eus\/fr\/#website"},"datePublished":"2018-01-15T09:10:42+00:00","dateModified":"2020-03-23T13:53:32+00:00","description":"Ce pavillon de 7 452 m2, se compose de 27 points de vente consacr\u00e9s \u00e0 la distribution en gros de produits p\u00e9rissables et semi-p\u00e9rissables et \u00e0 l\u2019entreposage logistique. Les entreprises qui y op\u00e8rent, approvisionnent des boucheries, des restaurants, des collectivit\u00e9s et des magasins d'alimentation g\u00e9n\u00e9rale.","breadcrumb":{"@id":"https:\/\/www.mercabilbao.eus\/fr\/secteurs-dactivite\/le-marche-polyvalent\/#breadcrumb"},"inLanguage":"fr-FR","potentialAction":[{"@type":"ReadAction","target":["https:\/\/www.mercabilbao.eus\/fr\/secteurs-dactivite\/le-marche-polyvalent\/"]}]},{"@type":"BreadcrumbList","@id":"https:\/\/www.mercabilbao.eus\/fr\/secteurs-dactivite\/le-marche-polyvalent\/#breadcrumb","itemListElement":[{"@type":"ListItem","position":1,"name":"Portada","item":"https:\/\/www.mercabilbao.eus\/fr\/"},{"@type":"ListItem","position":2,"name":"Secteurs d&rsquo;activit\u00e9","item":"https:\/\/www.mercabilbao.eus\/fr\/secteurs-dactivite\/"},{"@type":"ListItem","position":3,"name":"Le march\u00e9 Polyvalent"}]}]}},"_links":{"self":[{"href":"https:\/\/www.mercabilbao.eus\/fr\/wp-json\/wp\/v2\/pages\/1662","targetHints":{"allow":["GET"]}}],"collection":[{"href":"https:\/\/www.mercabilbao.eus\/fr\/wp-json\/wp\/v2\/pages"}],"about":[{"href":"https:\/\/www.mercabilbao.eus\/fr\/wp-json\/wp\/v2\/types\/page"}],"author":[{"embeddable":true,"href":"https:\/\/www.mercabilbao.eus\/fr\/wp-json\/wp\/v2\/users\/1"}],"replies":[{"embeddable":true,"href":"https:\/\/www.mercabilbao.eus\/fr\/wp-json\/wp\/v2\/comments?post=1662"}],"version-history":[{"count":1,"href":"https:\/\/www.mercabilbao.eus\/fr\/wp-json\/wp\/v2\/pages\/1662\/revisions"}],"predecessor-version":[{"id":2548,"href":"https:\/\/www.mercabilbao.eus\/fr\/wp-json\/wp\/v2\/pages\/1662\/revisions\/2548"}],"up":[{"embeddable":true,"href":"https:\/\/www.mercabilbao.eus\/fr\/wp-json\/wp\/v2\/pages\/1641"}],"wp:attachment":[{"href":"https:\/\/www.mercabilbao.eus\/fr\/wp-json\/wp\/v2\/media?parent=1662"}],"curies":[{"name":"wp","href":"https:\/\/api.w.org\/{rel}","templated":true}]}}