{"id":1668,"date":"2018-01-15T09:11:24","date_gmt":"2018-01-15T09:11:24","guid":{"rendered":"https:\/\/www.mercabilbao.eus\/activites-complementaires\/"},"modified":"2020-03-23T14:55:33","modified_gmt":"2020-03-23T13:55:33","slug":"activites-complementaires","status":"publish","type":"page","link":"https:\/\/www.mercabilbao.eus\/fr\/secteurs-dactivite\/activites-complementaires\/","title":{"rendered":"Activit\u00e9s Compl\u00e9mentaires"},"content":{"rendered":"<p><iframe loading=\"lazy\" src=\"https:\/\/www.youtube.com\/embed\/eMWvJxv_6n4\" width=\"100%\" height=\"315\" frameborder=\"0\" allowfullscreen=\"allowfullscreen\"><\/iframe><\/p>\n<div class=\"planos\">          \n\t\t<img decoding=\"async\" class=\"plano plano_frutas\" src=\"\/wp-content\/themes\/mercabilbao\/img\/plano_frutas.png\" alt=\"\" \/>\n\t\t<img decoding=\"async\" class=\"plano plano_pescados\" src=\"\/wp-content\/themes\/mercabilbao\/img\/plano_pescados.png\" alt=\"\" \/>\n\t\t<img decoding=\"async\" class=\"plano plano_polivalente\" src=\"\/wp-content\/themes\/mercabilbao\/img\/plano_polivalente.png\" alt=\"\" \/>\n\t\t<img decoding=\"async\" class=\"plano plano_zona-comercial\" src=\"\/wp-content\/themes\/mercabilbao\/img\/plano_zona-comercial.png\" alt=\"\" \/>\n\t\t<img decoding=\"async\" class=\"plano plano_actividades\" src=\"\/wp-content\/themes\/mercabilbao\/img\/plano_actividades.png\" alt=\"\" \/>\n\t\t<img decoding=\"async\" class=\"plano plano_estacionamientos\" src=\"\/wp-content\/themes\/mercabilbao\/img\/plano_estacionamientos.png\" alt=\"\" \/>\n\t\t<img decoding=\"async\" class=\"plano plano_extra\" src=\"\/wp-content\/themes\/mercabilbao\/img\/plano_extra.png\" alt=\"\" usemap=\"#Map\">\n\n\t\t<map name=\"Map\" id=\"Map\">\n\t\t\t<area data-plano=\"plano_frutas\" shape=\"poly\" coords=\"197,186,225,207,164,287,137,266\" href=\"https:\/\/www.mercabilbao.eus\/sectores-de-actividad\/frutas-hortalizas-y-platanos\/\" \/>\n\t\t\t<area data-plano=\"plano_frutas\" shape=\"poly\" coords=\"137,142,167,163,106,243,78,220\" href=\"https:\/\/www.mercabilbao.eus\/sectores-de-actividad\/frutas-hortalizas-y-platanos\/\" \/>\n\t\t\t<area data-plano=\"plano_frutas\" shape=\"poly\" coords=\"94,104,110,114,49,197,34,187,53,163,49,161\" href=\"https:\/\/www.mercabilbao.eus\/mapa-web\/\" \/>\n\t\t\t<area data-plano=\"plano_frutas\" shape=\"poly\" coords=\"163,96,175,105,159,129,146,120\" href=\"https:\/\/www.mercabilbao.eus\/sectores-de-actividad\/frutas-hortalizas-y-platanos\/\" \/>\n\t\t\t<area data-plano=\"plano_pescados\" shape=\"poly\" coords=\"323,101,347,119,275,215,248,196\" href=\"https:\/\/www.mercabilbao.eus\/sectores-de-actividad\/pescados-y-mariscos\/\" \/>\n\t\t\t<area data-plano=\"plano_polivalente\" shape=\"poly\" coords=\"252,63,289,90,270,115,251,102,231,126,213,111,251,62\" href=\"https:\/\/www.mercabilbao.eus\/sectores-de-actividad\/polivalente\/\" \/>\n\t\t\t<area data-plano=\"plano_zona-comercial\" shape=\"poly\" coords=\"204,121,243,148,230,167,192,140\" href=\"https:\/\/www.mercabilbao.eus\/sectores-de-actividad\/zona-comercial\/\" \/>\n\t\t\t<area data-plano=\"plano_actividades\" shape=\"poly\" coords=\"177,41,206,62,175,104,163,95,144,119,127,105\" href=\"https:\/\/www.mercabilbao.eus\/sectores-de-actividad\/actividades-complementarias\/\" \/>\n\t\t\t<area data-plano=\"plano_actividades\" shape=\"poly\" coords=\"394,122,402,114,410,120,416,113,424,118,429,114,435,121,438,117,450,125,436,143,427,135,422,140\" href=\"https:\/\/www.mercabilbao.eus\/sectores-de-actividad\/actividades-complementarias\/\" \/>\n\t\t\t<area data-plano=\"plano_actividades\" shape=\"poly\" coords=\"221,310,270,310,264,318,243,316,240,319,235,316,221,315\" href=\"https:\/\/www.mercabilbao.eus\/sectores-de-actividad\/actividades-complementarias\/\" \/>\n\t\t\t<area data-plano=\"plano_estacionamientos\" shape=\"poly\" coords=\"234,38,213,65,170,31,181,18,187,16,196,17,205,18,213,22\" href=\"https:\/\/www.mercabilbao.eus\/informacion-practica\/estacionamientos\/\" \/>\n\t\t\t<area data-plano=\"plano_estacionamientos\" shape=\"poly\" coords=\"227,247,268,278,253,296,198,296,195,295,194,292,195,288,197,286\" href=\"https:\/\/www.mercabilbao.eus\/informacion-practica\/estacionamientos\/\" \/>\n\t\t<\/map>\n\t<\/div>\n<p class=\"text-left\">De les 84 400 m<sup>2<\/sup> restants, presque 19 000 m<sup>2<\/sup> correspondent \u00e0 des voies de circulation et plus de 48 000 m<sup>2<\/sup> sont r\u00e9serv\u00e9s pour le stationnement des v\u00e9hicules. En outre, on y trouve un Service de Logistique, un Service de r\u00e9cup\u00e9ration et de manipulation d&#8217;emballages, une station service et un Centre de lavage de v\u00e9hicules.<\/p>\n<p><img decoding=\"async\" class=\"img-seccion\" src=\"\/wp-content\/themes\/mercabilbao\/img\/img-actividades-complementarias.jpg\" alt=\"Installations Compl\u00e9mentaires\" \/><\/p>\n","protected":false},"excerpt":{"rendered":"<p>De les 84 400 m2 restants, presque 19 000 m2 correspondent \u00e0 des voies de circulation et plus de 48 000 m2 sont r\u00e9serv\u00e9s pour le stationnement des v\u00e9hicules. En [&hellip;]<\/p>\n","protected":false},"author":1,"featured_media":0,"parent":1641,"menu_order":50,"comment_status":"closed","ping_status":"closed","template":"page-sidebar.php","meta":{"footnotes":""},"class_list":["post-1668","page","type-page","status-publish","hentry"],"yoast_head":"<!-- This site is optimized with the Yoast SEO plugin v19.3 - https:\/\/yoast.com\/wordpress\/plugins\/seo\/ -->\n<title>Activit\u00e9s Compl\u00e9mentaires - Mercabilbao<\/title>\n<meta name=\"description\" content=\"De les 84 400 m2. restants, presque 19 000 m2. correspondent \u00e0 des voies de circulation et plus de 48 000 m2 sont r\u00e9serv\u00e9s pour le stationnement des v\u00e9hicules. En outre, on y trouve un Service de Logistique, un Service de r\u00e9cup\u00e9ration et de manipulation d&#039;emballages, une station service et un Centre de lavage de\" \/>\n<meta name=\"robots\" content=\"index, follow, max-snippet:-1, max-image-preview:large, max-video-preview:-1\" \/>\n<link rel=\"canonical\" href=\"https:\/\/www.mercabilbao.eus\/fr\/secteurs-dactivite\/activites-complementaires\/\" \/>\n<meta property=\"og:locale\" content=\"fr_FR\" \/>\n<meta property=\"og:type\" content=\"article\" \/>\n<meta property=\"og:title\" content=\"Activit\u00e9s Compl\u00e9mentaires - Mercabilbao\" \/>\n<meta property=\"og:description\" content=\"De les 84 400 m2. restants, presque 19 000 m2. correspondent \u00e0 des voies de circulation et plus de 48 000 m2 sont r\u00e9serv\u00e9s pour le stationnement des v\u00e9hicules. En outre, on y trouve un Service de Logistique, un Service de r\u00e9cup\u00e9ration et de manipulation d&#039;emballages, une station service et un Centre de lavage de\" \/>\n<meta property=\"og:url\" content=\"https:\/\/www.mercabilbao.eus\/fr\/secteurs-dactivite\/activites-complementaires\/\" \/>\n<meta property=\"og:site_name\" content=\"Mercabilbao\" \/>\n<meta property=\"article:modified_time\" content=\"2020-03-23T13:55:33+00:00\" \/>\n<meta name=\"twitter:card\" content=\"summary_large_image\" \/>\n<script type=\"application\/ld+json\" class=\"yoast-schema-graph\">{\"@context\":\"https:\/\/schema.org\",\"@graph\":[{\"@type\":\"WebSite\",\"@id\":\"https:\/\/www.mercabilbao.eus\/fr\/#website\",\"url\":\"https:\/\/www.mercabilbao.eus\/fr\/\",\"name\":\"Mercabilbao\",\"description\":\"Mercabilbao es el mayor centro de distribuci\u00f3n de alimentos perecederos del Norte de la Pen\u00ednsula Ib\u00e9rica.\",\"potentialAction\":[{\"@type\":\"SearchAction\",\"target\":{\"@type\":\"EntryPoint\",\"urlTemplate\":\"https:\/\/www.mercabilbao.eus\/fr\/?s={search_term_string}\"},\"query-input\":\"required name=search_term_string\"}],\"inLanguage\":\"fr-FR\"},{\"@type\":\"WebPage\",\"@id\":\"https:\/\/www.mercabilbao.eus\/fr\/secteurs-dactivite\/activites-complementaires\/\",\"url\":\"https:\/\/www.mercabilbao.eus\/fr\/secteurs-dactivite\/activites-complementaires\/\",\"name\":\"Activit\u00e9s Compl\u00e9mentaires - Mercabilbao\",\"isPartOf\":{\"@id\":\"https:\/\/www.mercabilbao.eus\/fr\/#website\"},\"datePublished\":\"2018-01-15T09:11:24+00:00\",\"dateModified\":\"2020-03-23T13:55:33+00:00\",\"description\":\"De les 84 400 m2. restants, presque 19 000 m2. correspondent \u00e0 des voies de circulation et plus de 48 000 m2 sont r\u00e9serv\u00e9s pour le stationnement des v\u00e9hicules. En outre, on y trouve un Service de Logistique, un Service de r\u00e9cup\u00e9ration et de manipulation d'emballages, une station service et un Centre de lavage de\",\"breadcrumb\":{\"@id\":\"https:\/\/www.mercabilbao.eus\/fr\/secteurs-dactivite\/activites-complementaires\/#breadcrumb\"},\"inLanguage\":\"fr-FR\",\"potentialAction\":[{\"@type\":\"ReadAction\",\"target\":[\"https:\/\/www.mercabilbao.eus\/fr\/secteurs-dactivite\/activites-complementaires\/\"]}]},{\"@type\":\"BreadcrumbList\",\"@id\":\"https:\/\/www.mercabilbao.eus\/fr\/secteurs-dactivite\/activites-complementaires\/#breadcrumb\",\"itemListElement\":[{\"@type\":\"ListItem\",\"position\":1,\"name\":\"Portada\",\"item\":\"https:\/\/www.mercabilbao.eus\/fr\/\"},{\"@type\":\"ListItem\",\"position\":2,\"name\":\"Secteurs d&rsquo;activit\u00e9\",\"item\":\"https:\/\/www.mercabilbao.eus\/fr\/secteurs-dactivite\/\"},{\"@type\":\"ListItem\",\"position\":3,\"name\":\"Activit\u00e9s Compl\u00e9mentaires\"}]}]}<\/script>\n<!-- \/ Yoast SEO plugin. -->","yoast_head_json":{"title":"Activit\u00e9s Compl\u00e9mentaires - Mercabilbao","description":"De les 84 400 m2. restants, presque 19 000 m2. correspondent \u00e0 des voies de circulation et plus de 48 000 m2 sont r\u00e9serv\u00e9s pour le stationnement des v\u00e9hicules. En outre, on y trouve un Service de Logistique, un Service de r\u00e9cup\u00e9ration et de manipulation d'emballages, une station service et un Centre de lavage de","robots":{"index":"index","follow":"follow","max-snippet":"max-snippet:-1","max-image-preview":"max-image-preview:large","max-video-preview":"max-video-preview:-1"},"canonical":"https:\/\/www.mercabilbao.eus\/fr\/secteurs-dactivite\/activites-complementaires\/","og_locale":"fr_FR","og_type":"article","og_title":"Activit\u00e9s Compl\u00e9mentaires - Mercabilbao","og_description":"De les 84 400 m2. restants, presque 19 000 m2. correspondent \u00e0 des voies de circulation et plus de 48 000 m2 sont r\u00e9serv\u00e9s pour le stationnement des v\u00e9hicules. En outre, on y trouve un Service de Logistique, un Service de r\u00e9cup\u00e9ration et de manipulation d'emballages, une station service et un Centre de lavage de","og_url":"https:\/\/www.mercabilbao.eus\/fr\/secteurs-dactivite\/activites-complementaires\/","og_site_name":"Mercabilbao","article_modified_time":"2020-03-23T13:55:33+00:00","twitter_card":"summary_large_image","schema":{"@context":"https:\/\/schema.org","@graph":[{"@type":"WebSite","@id":"https:\/\/www.mercabilbao.eus\/fr\/#website","url":"https:\/\/www.mercabilbao.eus\/fr\/","name":"Mercabilbao","description":"Mercabilbao es el mayor centro de distribuci\u00f3n de alimentos perecederos del Norte de la Pen\u00ednsula Ib\u00e9rica.","potentialAction":[{"@type":"SearchAction","target":{"@type":"EntryPoint","urlTemplate":"https:\/\/www.mercabilbao.eus\/fr\/?s={search_term_string}"},"query-input":"required name=search_term_string"}],"inLanguage":"fr-FR"},{"@type":"WebPage","@id":"https:\/\/www.mercabilbao.eus\/fr\/secteurs-dactivite\/activites-complementaires\/","url":"https:\/\/www.mercabilbao.eus\/fr\/secteurs-dactivite\/activites-complementaires\/","name":"Activit\u00e9s Compl\u00e9mentaires - Mercabilbao","isPartOf":{"@id":"https:\/\/www.mercabilbao.eus\/fr\/#website"},"datePublished":"2018-01-15T09:11:24+00:00","dateModified":"2020-03-23T13:55:33+00:00","description":"De les 84 400 m2. restants, presque 19 000 m2. correspondent \u00e0 des voies de circulation et plus de 48 000 m2 sont r\u00e9serv\u00e9s pour le stationnement des v\u00e9hicules. En outre, on y trouve un Service de Logistique, un Service de r\u00e9cup\u00e9ration et de manipulation d'emballages, une station service et un Centre de lavage de","breadcrumb":{"@id":"https:\/\/www.mercabilbao.eus\/fr\/secteurs-dactivite\/activites-complementaires\/#breadcrumb"},"inLanguage":"fr-FR","potentialAction":[{"@type":"ReadAction","target":["https:\/\/www.mercabilbao.eus\/fr\/secteurs-dactivite\/activites-complementaires\/"]}]},{"@type":"BreadcrumbList","@id":"https:\/\/www.mercabilbao.eus\/fr\/secteurs-dactivite\/activites-complementaires\/#breadcrumb","itemListElement":[{"@type":"ListItem","position":1,"name":"Portada","item":"https:\/\/www.mercabilbao.eus\/fr\/"},{"@type":"ListItem","position":2,"name":"Secteurs d&rsquo;activit\u00e9","item":"https:\/\/www.mercabilbao.eus\/fr\/secteurs-dactivite\/"},{"@type":"ListItem","position":3,"name":"Activit\u00e9s Compl\u00e9mentaires"}]}]}},"_links":{"self":[{"href":"https:\/\/www.mercabilbao.eus\/fr\/wp-json\/wp\/v2\/pages\/1668","targetHints":{"allow":["GET"]}}],"collection":[{"href":"https:\/\/www.mercabilbao.eus\/fr\/wp-json\/wp\/v2\/pages"}],"about":[{"href":"https:\/\/www.mercabilbao.eus\/fr\/wp-json\/wp\/v2\/types\/page"}],"author":[{"embeddable":true,"href":"https:\/\/www.mercabilbao.eus\/fr\/wp-json\/wp\/v2\/users\/1"}],"replies":[{"embeddable":true,"href":"https:\/\/www.mercabilbao.eus\/fr\/wp-json\/wp\/v2\/comments?post=1668"}],"version-history":[{"count":1,"href":"https:\/\/www.mercabilbao.eus\/fr\/wp-json\/wp\/v2\/pages\/1668\/revisions"}],"predecessor-version":[{"id":2554,"href":"https:\/\/www.mercabilbao.eus\/fr\/wp-json\/wp\/v2\/pages\/1668\/revisions\/2554"}],"up":[{"embeddable":true,"href":"https:\/\/www.mercabilbao.eus\/fr\/wp-json\/wp\/v2\/pages\/1641"}],"wp:attachment":[{"href":"https:\/\/www.mercabilbao.eus\/fr\/wp-json\/wp\/v2\/media?parent=1668"}],"curies":[{"name":"wp","href":"https:\/\/api.w.org\/{rel}","templated":true}]}}