{"id":1671,"date":"2018-01-15T09:13:26","date_gmt":"2018-01-15T09:13:26","guid":{"rendered":"https:\/\/www.mercabilbao.eus\/parkings\/"},"modified":"2023-01-23T10:51:00","modified_gmt":"2023-01-23T09:51:00","slug":"parkings","status":"publish","type":"page","link":"https:\/\/www.mercabilbao.eus\/fr\/information-pratique\/parkings\/","title":{"rendered":"Parkings"},"content":{"rendered":"<h2>Programme:<\/h2>\n<ul>\n<li>Du mardi au vendredi de 04h30 \u00e0 07h30<\/li>\n<li>Du lundi au vendredi de 06h00 \u00e0 09h30<\/li>\n<li>Du lundi au dimanche de 00h00 \u00e0 24h00<\/li>\n<\/ul>\n<h2>Stationnement des v\u00e9hicules<\/h2>\n<p>Places de stationnement pour v\u00e9hicules\/voitures \u00e0 Mercabilbao:<\/p>\n<ul>\n<li>Stationnement souterrain; nombre de places 164 et 3 pour handicap\u00e9s.<\/li>\n<li>Stationnement situ\u00e9 \u00e0 c\u00f4t\u00e9 de la banque alimentaire\/r\u00e9frig\u00e9rateur g\u00e9n\u00e9ral\u00a0; nombre de places 112 et 4 pour handicap\u00e9s.<\/li>\n<\/ul>\n<p><img loading=\"lazy\" decoding=\"async\"  src=\"https:\/\/www.mercabilbao.eus\/wp-content\/uploads\/2023\/01\/plano-estacionamiento-vehiculos.jpg\" width=\"500\" height=\"350\" align=\"center\"\/><\/p>\n<h2>Stationnement moto<\/h2>\n<p>Places de parking moto \u00e0 Mercabilbao:<\/p>\n<ul>\n<li>Stationnement souterrain<\/li>\n<li>Entre Centre Commercial et Pavillon Polyvalent.<\/li>\n<li>Entre le coin de Pabell\u00f3n F et H N\u00ba 2 et \u00e0 c\u00f4t\u00e9 du Parking Ext\u00e9rieur.<\/li>\n<\/ul>\n<p><img loading=\"lazy\" decoding=\"async\" src=\"https:\/\/www.mercabilbao.eus\/wp-content\/uploads\/2023\/01\/plano-estacionamiento-moto.png\" width=\"611\" height=\"294\" \/><\/p>\n<h2>R\u00e8glement de stationnement<\/h2>\n<p>L&rsquo;acc\u00e8s \u00e0 l&rsquo;unit\u00e9 alimentaire accorde le droit d&rsquo;acc\u00e8s uniquement pendant le temps n\u00e9cessaire \u00e0 l&rsquo;exercice du type d&rsquo;activit\u00e9 qui est l\u00e9gitimement exerc\u00e9e dans les installations et, toujours dans les heures \u00e9tablies pour les diff\u00e9rents groupes auxquels elle appartient. Pendant votre s\u00e9jour dans cette unit\u00e9 alimentaire, les arr\u00eats seront effectu\u00e9s dans les lieux pr\u00e9vus \u00e0 cet effet, sans g\u00eaner l&rsquo;activit\u00e9 des autres utilisateurs. En tout cas, <strong>le stationnement prolong\u00e9 et\/ou permanent sur le march\u00e9 n&rsquo;est pas autoris\u00e9<\/strong>.<\/p>\n","protected":false},"excerpt":{"rendered":"<p>Programme: Du mardi au vendredi de 04h30 \u00e0 07h30 Du lundi au vendredi de 06h00 \u00e0 09h30 Du lundi au dimanche de 00h00 \u00e0 24h00 Stationnement des v\u00e9hicules Places de [&hellip;]<\/p>\n","protected":false},"author":1,"featured_media":0,"parent":1644,"menu_order":90,"comment_status":"closed","ping_status":"closed","template":"page-sidebar.php","meta":{"footnotes":""},"class_list":["post-1671","page","type-page","status-publish","hentry"],"yoast_head":"<!-- This site is optimized with the Yoast SEO plugin v19.3 - https:\/\/yoast.com\/wordpress\/plugins\/seo\/ -->\n<title>Parkings - Mercabilbao<\/title>\n<meta name=\"description\" content=\"De mardi \u00e0 vendredi de 4h30 \u00e07h30. De lundi \u00e0 vendredi de 6h00 \u00e0 9h30. De lundi \u00e0 dimanche de 00h00 \u00e0 24h00. De mardi \u00e0 vendredi de 4h30 \u00e07h30. De lundi \u00e0 vendredi de 6h00 \u00e0 9h30. De lundi \u00e0 dimanche de 00h00 \u00e0 24h00.\" \/>\n<meta name=\"robots\" content=\"index, follow, max-snippet:-1, max-image-preview:large, max-video-preview:-1\" \/>\n<link rel=\"canonical\" href=\"https:\/\/www.mercabilbao.eus\/fr\/information-pratique\/parkings\/\" \/>\n<meta property=\"og:locale\" content=\"fr_FR\" \/>\n<meta property=\"og:type\" content=\"article\" \/>\n<meta property=\"og:title\" content=\"Parkings - Mercabilbao\" \/>\n<meta property=\"og:description\" content=\"De mardi \u00e0 vendredi de 4h30 \u00e07h30. De lundi \u00e0 vendredi de 6h00 \u00e0 9h30. De lundi \u00e0 dimanche de 00h00 \u00e0 24h00. De mardi \u00e0 vendredi de 4h30 \u00e07h30. De lundi \u00e0 vendredi de 6h00 \u00e0 9h30. De lundi \u00e0 dimanche de 00h00 \u00e0 24h00.\" \/>\n<meta property=\"og:url\" content=\"https:\/\/www.mercabilbao.eus\/fr\/information-pratique\/parkings\/\" \/>\n<meta property=\"og:site_name\" content=\"Mercabilbao\" \/>\n<meta property=\"article:modified_time\" content=\"2023-01-23T09:51:00+00:00\" \/>\n<meta property=\"og:image\" content=\"https:\/\/www.mercabilbao.eus\/wp-content\/uploads\/2023\/01\/plano-estacionamiento-vehiculos.jpg\" \/>\n<meta name=\"twitter:card\" content=\"summary_large_image\" \/>\n<meta name=\"twitter:label1\" content=\"Dur\u00e9e de lecture estim\u00e9e\" \/>\n\t<meta name=\"twitter:data1\" content=\"2 minutes\" \/>\n<script type=\"application\/ld+json\" class=\"yoast-schema-graph\">{\"@context\":\"https:\/\/schema.org\",\"@graph\":[{\"@type\":\"WebSite\",\"@id\":\"https:\/\/www.mercabilbao.eus\/fr\/#website\",\"url\":\"https:\/\/www.mercabilbao.eus\/fr\/\",\"name\":\"Mercabilbao\",\"description\":\"Mercabilbao es el mayor centro de distribuci\u00f3n de alimentos perecederos del Norte de la Pen\u00ednsula Ib\u00e9rica.\",\"potentialAction\":[{\"@type\":\"SearchAction\",\"target\":{\"@type\":\"EntryPoint\",\"urlTemplate\":\"https:\/\/www.mercabilbao.eus\/fr\/?s={search_term_string}\"},\"query-input\":\"required name=search_term_string\"}],\"inLanguage\":\"fr-FR\"},{\"@type\":\"ImageObject\",\"inLanguage\":\"fr-FR\",\"@id\":\"https:\/\/www.mercabilbao.eus\/fr\/information-pratique\/parkings\/#primaryimage\",\"url\":\"https:\/\/www.mercabilbao.eus\/wp-content\/uploads\/2023\/01\/plano-estacionamiento-vehiculos.jpg\",\"contentUrl\":\"https:\/\/www.mercabilbao.eus\/wp-content\/uploads\/2023\/01\/plano-estacionamiento-vehiculos.jpg\",\"width\":526,\"height\":347},{\"@type\":\"WebPage\",\"@id\":\"https:\/\/www.mercabilbao.eus\/fr\/information-pratique\/parkings\/\",\"url\":\"https:\/\/www.mercabilbao.eus\/fr\/information-pratique\/parkings\/\",\"name\":\"Parkings - Mercabilbao\",\"isPartOf\":{\"@id\":\"https:\/\/www.mercabilbao.eus\/fr\/#website\"},\"primaryImageOfPage\":{\"@id\":\"https:\/\/www.mercabilbao.eus\/fr\/information-pratique\/parkings\/#primaryimage\"},\"datePublished\":\"2018-01-15T09:13:26+00:00\",\"dateModified\":\"2023-01-23T09:51:00+00:00\",\"description\":\"De mardi \u00e0 vendredi de 4h30 \u00e07h30. De lundi \u00e0 vendredi de 6h00 \u00e0 9h30. De lundi \u00e0 dimanche de 00h00 \u00e0 24h00. De mardi \u00e0 vendredi de 4h30 \u00e07h30. De lundi \u00e0 vendredi de 6h00 \u00e0 9h30. De lundi \u00e0 dimanche de 00h00 \u00e0 24h00.\",\"breadcrumb\":{\"@id\":\"https:\/\/www.mercabilbao.eus\/fr\/information-pratique\/parkings\/#breadcrumb\"},\"inLanguage\":\"fr-FR\",\"potentialAction\":[{\"@type\":\"ReadAction\",\"target\":[\"https:\/\/www.mercabilbao.eus\/fr\/information-pratique\/parkings\/\"]}]},{\"@type\":\"BreadcrumbList\",\"@id\":\"https:\/\/www.mercabilbao.eus\/fr\/information-pratique\/parkings\/#breadcrumb\",\"itemListElement\":[{\"@type\":\"ListItem\",\"position\":1,\"name\":\"Portada\",\"item\":\"https:\/\/www.mercabilbao.eus\/fr\/\"},{\"@type\":\"ListItem\",\"position\":2,\"name\":\"Information pratique\",\"item\":\"https:\/\/www.mercabilbao.eus\/fr\/information-pratique\/\"},{\"@type\":\"ListItem\",\"position\":3,\"name\":\"Parkings\"}]}]}<\/script>\n<!-- \/ Yoast SEO plugin. -->","yoast_head_json":{"title":"Parkings - Mercabilbao","description":"De mardi \u00e0 vendredi de 4h30 \u00e07h30. De lundi \u00e0 vendredi de 6h00 \u00e0 9h30. De lundi \u00e0 dimanche de 00h00 \u00e0 24h00. De mardi \u00e0 vendredi de 4h30 \u00e07h30. De lundi \u00e0 vendredi de 6h00 \u00e0 9h30. De lundi \u00e0 dimanche de 00h00 \u00e0 24h00.","robots":{"index":"index","follow":"follow","max-snippet":"max-snippet:-1","max-image-preview":"max-image-preview:large","max-video-preview":"max-video-preview:-1"},"canonical":"https:\/\/www.mercabilbao.eus\/fr\/information-pratique\/parkings\/","og_locale":"fr_FR","og_type":"article","og_title":"Parkings - Mercabilbao","og_description":"De mardi \u00e0 vendredi de 4h30 \u00e07h30. De lundi \u00e0 vendredi de 6h00 \u00e0 9h30. De lundi \u00e0 dimanche de 00h00 \u00e0 24h00. De mardi \u00e0 vendredi de 4h30 \u00e07h30. De lundi \u00e0 vendredi de 6h00 \u00e0 9h30. De lundi \u00e0 dimanche de 00h00 \u00e0 24h00.","og_url":"https:\/\/www.mercabilbao.eus\/fr\/information-pratique\/parkings\/","og_site_name":"Mercabilbao","article_modified_time":"2023-01-23T09:51:00+00:00","og_image":[{"url":"https:\/\/www.mercabilbao.eus\/wp-content\/uploads\/2023\/01\/plano-estacionamiento-vehiculos.jpg"}],"twitter_card":"summary_large_image","twitter_misc":{"Dur\u00e9e de lecture estim\u00e9e":"2 minutes"},"schema":{"@context":"https:\/\/schema.org","@graph":[{"@type":"WebSite","@id":"https:\/\/www.mercabilbao.eus\/fr\/#website","url":"https:\/\/www.mercabilbao.eus\/fr\/","name":"Mercabilbao","description":"Mercabilbao es el mayor centro de distribuci\u00f3n de alimentos perecederos del Norte de la Pen\u00ednsula Ib\u00e9rica.","potentialAction":[{"@type":"SearchAction","target":{"@type":"EntryPoint","urlTemplate":"https:\/\/www.mercabilbao.eus\/fr\/?s={search_term_string}"},"query-input":"required name=search_term_string"}],"inLanguage":"fr-FR"},{"@type":"ImageObject","inLanguage":"fr-FR","@id":"https:\/\/www.mercabilbao.eus\/fr\/information-pratique\/parkings\/#primaryimage","url":"https:\/\/www.mercabilbao.eus\/wp-content\/uploads\/2023\/01\/plano-estacionamiento-vehiculos.jpg","contentUrl":"https:\/\/www.mercabilbao.eus\/wp-content\/uploads\/2023\/01\/plano-estacionamiento-vehiculos.jpg","width":526,"height":347},{"@type":"WebPage","@id":"https:\/\/www.mercabilbao.eus\/fr\/information-pratique\/parkings\/","url":"https:\/\/www.mercabilbao.eus\/fr\/information-pratique\/parkings\/","name":"Parkings - Mercabilbao","isPartOf":{"@id":"https:\/\/www.mercabilbao.eus\/fr\/#website"},"primaryImageOfPage":{"@id":"https:\/\/www.mercabilbao.eus\/fr\/information-pratique\/parkings\/#primaryimage"},"datePublished":"2018-01-15T09:13:26+00:00","dateModified":"2023-01-23T09:51:00+00:00","description":"De mardi \u00e0 vendredi de 4h30 \u00e07h30. De lundi \u00e0 vendredi de 6h00 \u00e0 9h30. De lundi \u00e0 dimanche de 00h00 \u00e0 24h00. De mardi \u00e0 vendredi de 4h30 \u00e07h30. De lundi \u00e0 vendredi de 6h00 \u00e0 9h30. De lundi \u00e0 dimanche de 00h00 \u00e0 24h00.","breadcrumb":{"@id":"https:\/\/www.mercabilbao.eus\/fr\/information-pratique\/parkings\/#breadcrumb"},"inLanguage":"fr-FR","potentialAction":[{"@type":"ReadAction","target":["https:\/\/www.mercabilbao.eus\/fr\/information-pratique\/parkings\/"]}]},{"@type":"BreadcrumbList","@id":"https:\/\/www.mercabilbao.eus\/fr\/information-pratique\/parkings\/#breadcrumb","itemListElement":[{"@type":"ListItem","position":1,"name":"Portada","item":"https:\/\/www.mercabilbao.eus\/fr\/"},{"@type":"ListItem","position":2,"name":"Information pratique","item":"https:\/\/www.mercabilbao.eus\/fr\/information-pratique\/"},{"@type":"ListItem","position":3,"name":"Parkings"}]}]}},"_links":{"self":[{"href":"https:\/\/www.mercabilbao.eus\/fr\/wp-json\/wp\/v2\/pages\/1671","targetHints":{"allow":["GET"]}}],"collection":[{"href":"https:\/\/www.mercabilbao.eus\/fr\/wp-json\/wp\/v2\/pages"}],"about":[{"href":"https:\/\/www.mercabilbao.eus\/fr\/wp-json\/wp\/v2\/types\/page"}],"author":[{"embeddable":true,"href":"https:\/\/www.mercabilbao.eus\/fr\/wp-json\/wp\/v2\/users\/1"}],"replies":[{"embeddable":true,"href":"https:\/\/www.mercabilbao.eus\/fr\/wp-json\/wp\/v2\/comments?post=1671"}],"version-history":[{"count":3,"href":"https:\/\/www.mercabilbao.eus\/fr\/wp-json\/wp\/v2\/pages\/1671\/revisions"}],"predecessor-version":[{"id":4503,"href":"https:\/\/www.mercabilbao.eus\/fr\/wp-json\/wp\/v2\/pages\/1671\/revisions\/4503"}],"up":[{"embeddable":true,"href":"https:\/\/www.mercabilbao.eus\/fr\/wp-json\/wp\/v2\/pages\/1644"}],"wp:attachment":[{"href":"https:\/\/www.mercabilbao.eus\/fr\/wp-json\/wp\/v2\/media?parent=1671"}],"curies":[{"name":"wp","href":"https:\/\/api.w.org\/{rel}","templated":true}]}}