{"id":1674,"date":"2018-01-15T09:55:48","date_gmt":"2018-01-15T09:55:48","guid":{"rendered":"https:\/\/www.mercabilbao.eus\/comment-arriver\/"},"modified":"2020-03-23T15:01:20","modified_gmt":"2020-03-23T14:01:20","slug":"comment-arriver","status":"publish","type":"page","link":"https:\/\/www.mercabilbao.eus\/fr\/information-pratique\/comment-arriver\/","title":{"rendered":"Comment arriver"},"content":{"rendered":"<p class=\"text-left\">MERCABILBAO est situ\u00e9 sur la commune de Basauri, \u00e0 une dizaine de kilom\u00e8tres du centre de Bilbao et \u00e0 20 km du port. Il b\u00e9n\u00e9ficie d\u2019une situation privil\u00e9gi\u00e9e, tr\u00e8s proche de l\u2019intersection de l\u2019axe Paris-Hendaye-Madrid et pr\u00e8s de l\u2019autoroute du Cantabrique, ce qui favorise sa liaison directe avec le r\u00e9seau d\u2019autoroutes, de voies express et de routes nationales. MERCABILBAO est situ\u00e9 \u00e0 quelques kilom\u00e8tres seulement de l\u2019a\u00e9roport de Bilbao-Loiu et du centre-ville.<\/p>\n<div class=\"mapa-como-llegar\"><iframe loading=\"lazy\" style=\"border: 0;\" src=\"https:\/\/www.google.com\/maps\/embed?pb=!1m18!1m12!1m3!1d2906.8600985008516!2d-2.888836984515813!3d43.23339277913792!2m3!1f0!2f0!3f0!3m2!1i1024!2i768!4f13.1!3m3!1m2!1s0xd4e4eed781ad94f%3A0xb92201525544b0ab!2sMercabilbao!5e0!3m2!1ses!2ses!4v1507290927676\" width=\"100%\" height=\"450\" frameborder=\"0\" allowfullscreen=\"allowfullscreen\"><\/iframe><\/div>\n","protected":false},"excerpt":{"rendered":"<p>MERCABILBAO est situ\u00e9 sur la commune de Basauri, \u00e0 une dizaine de kilom\u00e8tres du centre de Bilbao et \u00e0 20 km du port. Il b\u00e9n\u00e9ficie d\u2019une situation privil\u00e9gi\u00e9e, tr\u00e8s proche [&hellip;]<\/p>\n","protected":false},"author":1,"featured_media":0,"parent":1644,"menu_order":30,"comment_status":"closed","ping_status":"closed","template":"page-sidebar.php","meta":{"footnotes":""},"class_list":["post-1674","page","type-page","status-publish","hentry"],"yoast_head":"<!-- This site is optimized with the Yoast SEO plugin v19.3 - https:\/\/yoast.com\/wordpress\/plugins\/seo\/ -->\n<title>Comment arriver - Mercabilbao<\/title>\n<meta name=\"description\" content=\"MERCABILBAO est situ\u00e9 sur la commune de Basauri, \u00e0 une dizaine de kilom\u00e8tres du centre de Bilbao et \u00e0 20 km du port. Il b\u00e9n\u00e9ficie d\u2019une situation privil\u00e9gi\u00e9e, tr\u00e8s proche de l\u2019intersection de l\u2019axe Paris-Hendaye-Madrid et pr\u00e8s de l\u2019autoroute du Cantabrique, ce qui favorise sa liaison directe avec le r\u00e9seau d\u2019autoroutes\" \/>\n<meta name=\"robots\" content=\"index, follow, max-snippet:-1, max-image-preview:large, max-video-preview:-1\" \/>\n<link rel=\"canonical\" href=\"https:\/\/www.mercabilbao.eus\/fr\/information-pratique\/comment-arriver\/\" \/>\n<meta property=\"og:locale\" content=\"fr_FR\" \/>\n<meta property=\"og:type\" content=\"article\" \/>\n<meta property=\"og:title\" content=\"Comment arriver - Mercabilbao\" \/>\n<meta property=\"og:description\" content=\"MERCABILBAO est situ\u00e9 sur la commune de Basauri, \u00e0 une dizaine de kilom\u00e8tres du centre de Bilbao et \u00e0 20 km du port. Il b\u00e9n\u00e9ficie d\u2019une situation privil\u00e9gi\u00e9e, tr\u00e8s proche de l\u2019intersection de l\u2019axe Paris-Hendaye-Madrid et pr\u00e8s de l\u2019autoroute du Cantabrique, ce qui favorise sa liaison directe avec le r\u00e9seau d\u2019autoroutes\" \/>\n<meta property=\"og:url\" content=\"https:\/\/www.mercabilbao.eus\/fr\/information-pratique\/comment-arriver\/\" \/>\n<meta property=\"og:site_name\" content=\"Mercabilbao\" \/>\n<meta property=\"article:modified_time\" content=\"2020-03-23T14:01:20+00:00\" \/>\n<meta name=\"twitter:card\" content=\"summary_large_image\" \/>\n<script type=\"application\/ld+json\" class=\"yoast-schema-graph\">{\"@context\":\"https:\/\/schema.org\",\"@graph\":[{\"@type\":\"WebSite\",\"@id\":\"https:\/\/www.mercabilbao.eus\/fr\/#website\",\"url\":\"https:\/\/www.mercabilbao.eus\/fr\/\",\"name\":\"Mercabilbao\",\"description\":\"Mercabilbao es el mayor centro de distribuci\u00f3n de alimentos perecederos del Norte de la Pen\u00ednsula Ib\u00e9rica.\",\"potentialAction\":[{\"@type\":\"SearchAction\",\"target\":{\"@type\":\"EntryPoint\",\"urlTemplate\":\"https:\/\/www.mercabilbao.eus\/fr\/?s={search_term_string}\"},\"query-input\":\"required name=search_term_string\"}],\"inLanguage\":\"fr-FR\"},{\"@type\":\"WebPage\",\"@id\":\"https:\/\/www.mercabilbao.eus\/fr\/information-pratique\/comment-arriver\/\",\"url\":\"https:\/\/www.mercabilbao.eus\/fr\/information-pratique\/comment-arriver\/\",\"name\":\"Comment arriver - Mercabilbao\",\"isPartOf\":{\"@id\":\"https:\/\/www.mercabilbao.eus\/fr\/#website\"},\"datePublished\":\"2018-01-15T09:55:48+00:00\",\"dateModified\":\"2020-03-23T14:01:20+00:00\",\"description\":\"MERCABILBAO est situ\u00e9 sur la commune de Basauri, \u00e0 une dizaine de kilom\u00e8tres du centre de Bilbao et \u00e0 20 km du port. Il b\u00e9n\u00e9ficie d\u2019une situation privil\u00e9gi\u00e9e, tr\u00e8s proche de l\u2019intersection de l\u2019axe Paris-Hendaye-Madrid et pr\u00e8s de l\u2019autoroute du Cantabrique, ce qui favorise sa liaison directe avec le r\u00e9seau d\u2019autoroutes\",\"breadcrumb\":{\"@id\":\"https:\/\/www.mercabilbao.eus\/fr\/information-pratique\/comment-arriver\/#breadcrumb\"},\"inLanguage\":\"fr-FR\",\"potentialAction\":[{\"@type\":\"ReadAction\",\"target\":[\"https:\/\/www.mercabilbao.eus\/fr\/information-pratique\/comment-arriver\/\"]}]},{\"@type\":\"BreadcrumbList\",\"@id\":\"https:\/\/www.mercabilbao.eus\/fr\/information-pratique\/comment-arriver\/#breadcrumb\",\"itemListElement\":[{\"@type\":\"ListItem\",\"position\":1,\"name\":\"Portada\",\"item\":\"https:\/\/www.mercabilbao.eus\/fr\/\"},{\"@type\":\"ListItem\",\"position\":2,\"name\":\"Information pratique\",\"item\":\"https:\/\/www.mercabilbao.eus\/fr\/information-pratique\/\"},{\"@type\":\"ListItem\",\"position\":3,\"name\":\"Comment arriver\"}]}]}<\/script>\n<!-- \/ Yoast SEO plugin. -->","yoast_head_json":{"title":"Comment arriver - Mercabilbao","description":"MERCABILBAO est situ\u00e9 sur la commune de Basauri, \u00e0 une dizaine de kilom\u00e8tres du centre de Bilbao et \u00e0 20 km du port. Il b\u00e9n\u00e9ficie d\u2019une situation privil\u00e9gi\u00e9e, tr\u00e8s proche de l\u2019intersection de l\u2019axe Paris-Hendaye-Madrid et pr\u00e8s de l\u2019autoroute du Cantabrique, ce qui favorise sa liaison directe avec le r\u00e9seau d\u2019autoroutes","robots":{"index":"index","follow":"follow","max-snippet":"max-snippet:-1","max-image-preview":"max-image-preview:large","max-video-preview":"max-video-preview:-1"},"canonical":"https:\/\/www.mercabilbao.eus\/fr\/information-pratique\/comment-arriver\/","og_locale":"fr_FR","og_type":"article","og_title":"Comment arriver - Mercabilbao","og_description":"MERCABILBAO est situ\u00e9 sur la commune de Basauri, \u00e0 une dizaine de kilom\u00e8tres du centre de Bilbao et \u00e0 20 km du port. Il b\u00e9n\u00e9ficie d\u2019une situation privil\u00e9gi\u00e9e, tr\u00e8s proche de l\u2019intersection de l\u2019axe Paris-Hendaye-Madrid et pr\u00e8s de l\u2019autoroute du Cantabrique, ce qui favorise sa liaison directe avec le r\u00e9seau d\u2019autoroutes","og_url":"https:\/\/www.mercabilbao.eus\/fr\/information-pratique\/comment-arriver\/","og_site_name":"Mercabilbao","article_modified_time":"2020-03-23T14:01:20+00:00","twitter_card":"summary_large_image","schema":{"@context":"https:\/\/schema.org","@graph":[{"@type":"WebSite","@id":"https:\/\/www.mercabilbao.eus\/fr\/#website","url":"https:\/\/www.mercabilbao.eus\/fr\/","name":"Mercabilbao","description":"Mercabilbao es el mayor centro de distribuci\u00f3n de alimentos perecederos del Norte de la Pen\u00ednsula Ib\u00e9rica.","potentialAction":[{"@type":"SearchAction","target":{"@type":"EntryPoint","urlTemplate":"https:\/\/www.mercabilbao.eus\/fr\/?s={search_term_string}"},"query-input":"required name=search_term_string"}],"inLanguage":"fr-FR"},{"@type":"WebPage","@id":"https:\/\/www.mercabilbao.eus\/fr\/information-pratique\/comment-arriver\/","url":"https:\/\/www.mercabilbao.eus\/fr\/information-pratique\/comment-arriver\/","name":"Comment arriver - Mercabilbao","isPartOf":{"@id":"https:\/\/www.mercabilbao.eus\/fr\/#website"},"datePublished":"2018-01-15T09:55:48+00:00","dateModified":"2020-03-23T14:01:20+00:00","description":"MERCABILBAO est situ\u00e9 sur la commune de Basauri, \u00e0 une dizaine de kilom\u00e8tres du centre de Bilbao et \u00e0 20 km du port. Il b\u00e9n\u00e9ficie d\u2019une situation privil\u00e9gi\u00e9e, tr\u00e8s proche de l\u2019intersection de l\u2019axe Paris-Hendaye-Madrid et pr\u00e8s de l\u2019autoroute du Cantabrique, ce qui favorise sa liaison directe avec le r\u00e9seau d\u2019autoroutes","breadcrumb":{"@id":"https:\/\/www.mercabilbao.eus\/fr\/information-pratique\/comment-arriver\/#breadcrumb"},"inLanguage":"fr-FR","potentialAction":[{"@type":"ReadAction","target":["https:\/\/www.mercabilbao.eus\/fr\/information-pratique\/comment-arriver\/"]}]},{"@type":"BreadcrumbList","@id":"https:\/\/www.mercabilbao.eus\/fr\/information-pratique\/comment-arriver\/#breadcrumb","itemListElement":[{"@type":"ListItem","position":1,"name":"Portada","item":"https:\/\/www.mercabilbao.eus\/fr\/"},{"@type":"ListItem","position":2,"name":"Information pratique","item":"https:\/\/www.mercabilbao.eus\/fr\/information-pratique\/"},{"@type":"ListItem","position":3,"name":"Comment arriver"}]}]}},"_links":{"self":[{"href":"https:\/\/www.mercabilbao.eus\/fr\/wp-json\/wp\/v2\/pages\/1674","targetHints":{"allow":["GET"]}}],"collection":[{"href":"https:\/\/www.mercabilbao.eus\/fr\/wp-json\/wp\/v2\/pages"}],"about":[{"href":"https:\/\/www.mercabilbao.eus\/fr\/wp-json\/wp\/v2\/types\/page"}],"author":[{"embeddable":true,"href":"https:\/\/www.mercabilbao.eus\/fr\/wp-json\/wp\/v2\/users\/1"}],"replies":[{"embeddable":true,"href":"https:\/\/www.mercabilbao.eus\/fr\/wp-json\/wp\/v2\/comments?post=1674"}],"version-history":[{"count":1,"href":"https:\/\/www.mercabilbao.eus\/fr\/wp-json\/wp\/v2\/pages\/1674\/revisions"}],"predecessor-version":[{"id":2560,"href":"https:\/\/www.mercabilbao.eus\/fr\/wp-json\/wp\/v2\/pages\/1674\/revisions\/2560"}],"up":[{"embeddable":true,"href":"https:\/\/www.mercabilbao.eus\/fr\/wp-json\/wp\/v2\/pages\/1644"}],"wp:attachment":[{"href":"https:\/\/www.mercabilbao.eus\/fr\/wp-json\/wp\/v2\/media?parent=1674"}],"curies":[{"name":"wp","href":"https:\/\/api.w.org\/{rel}","templated":true}]}}