{"id":1680,"date":"2018-01-15T10:04:21","date_gmt":"2018-01-15T10:04:21","guid":{"rendered":"https:\/\/www.mercabilbao.eus\/que-doit-on-faire-pour-acheter\/"},"modified":"2020-03-23T15:04:23","modified_gmt":"2020-03-23T14:04:23","slug":"que-doit-on-faire-pour-acheter","status":"publish","type":"page","link":"https:\/\/www.mercabilbao.eus\/fr\/information-pratique\/que-doit-on-faire-pour-acheter\/","title":{"rendered":"Que doit-on faire pour acheter?"},"content":{"rendered":"<p>&nbsp;<\/p>\n<p class=\"text-left\"><strong>S\u2019inscrire<\/strong> aupr\u00e8s des <strong>Bureaux G\u00e9n\u00e9raux<\/strong>, gratuitement, en pr\u00e9sentant la Licence Fiscale ou le permis d\u2019ouverture de l\u2019\u00e9tablissement, ainsi qu\u2019une photographie, type carte d\u2019identit\u00e9, de chacune des personnes qui souhaitent entrer pour acheter.<\/p>\n<p><img decoding=\"async\" class=\"img-seccion\" src=\"\/wp-content\/themes\/mercabilbao\/img\/img-que-se-necesita.jpg\" alt=\"Que doit-on faire pour acheter\" \/><\/p>\n","protected":false},"excerpt":{"rendered":"<p>&nbsp; S\u2019inscrire aupr\u00e8s des Bureaux G\u00e9n\u00e9raux, gratuitement, en pr\u00e9sentant la Licence Fiscale ou le permis d\u2019ouverture de l\u2019\u00e9tablissement, ainsi qu\u2019une photographie, type carte d\u2019identit\u00e9, de chacune des personnes qui souhaitent [&hellip;]<\/p>\n","protected":false},"author":1,"featured_media":0,"parent":1644,"menu_order":50,"comment_status":"closed","ping_status":"closed","template":"page-sidebar.php","meta":{"footnotes":""},"class_list":["post-1680","page","type-page","status-publish","hentry"],"yoast_head":"<!-- This site is optimized with the Yoast SEO plugin v19.3 - https:\/\/yoast.com\/wordpress\/plugins\/seo\/ -->\n<title>Que doit-on faire pour acheter? - Mercabilbao<\/title>\n<meta name=\"description\" content=\"S\u2019inscrire aupr\u00e8s des Bureaux G\u00e9n\u00e9raux , gratuitement, en pr\u00e9sentant la Licence Fiscale ou le permis d\u2019ouverture de l\u2019\u00e9tablissement, ainsi qu\u2019une photographie, type carte d\u2019identit\u00e9, de chacune des personnes qui souhaitent entrer pour acheter.\" \/>\n<meta name=\"robots\" content=\"index, follow, max-snippet:-1, max-image-preview:large, max-video-preview:-1\" \/>\n<link rel=\"canonical\" href=\"https:\/\/www.mercabilbao.eus\/fr\/information-pratique\/que-doit-on-faire-pour-acheter\/\" \/>\n<meta property=\"og:locale\" content=\"fr_FR\" \/>\n<meta property=\"og:type\" content=\"article\" \/>\n<meta property=\"og:title\" content=\"Que doit-on faire pour acheter? - Mercabilbao\" \/>\n<meta property=\"og:description\" content=\"S\u2019inscrire aupr\u00e8s des Bureaux G\u00e9n\u00e9raux , gratuitement, en pr\u00e9sentant la Licence Fiscale ou le permis d\u2019ouverture de l\u2019\u00e9tablissement, ainsi qu\u2019une photographie, type carte d\u2019identit\u00e9, de chacune des personnes qui souhaitent entrer pour acheter.\" \/>\n<meta property=\"og:url\" content=\"https:\/\/www.mercabilbao.eus\/fr\/information-pratique\/que-doit-on-faire-pour-acheter\/\" \/>\n<meta property=\"og:site_name\" content=\"Mercabilbao\" \/>\n<meta property=\"article:modified_time\" content=\"2020-03-23T14:04:23+00:00\" \/>\n<meta name=\"twitter:card\" content=\"summary_large_image\" \/>\n<script type=\"application\/ld+json\" class=\"yoast-schema-graph\">{\"@context\":\"https:\/\/schema.org\",\"@graph\":[{\"@type\":\"WebSite\",\"@id\":\"https:\/\/www.mercabilbao.eus\/fr\/#website\",\"url\":\"https:\/\/www.mercabilbao.eus\/fr\/\",\"name\":\"Mercabilbao\",\"description\":\"Mercabilbao es el mayor centro de distribuci\u00f3n de alimentos perecederos del Norte de la Pen\u00ednsula Ib\u00e9rica.\",\"potentialAction\":[{\"@type\":\"SearchAction\",\"target\":{\"@type\":\"EntryPoint\",\"urlTemplate\":\"https:\/\/www.mercabilbao.eus\/fr\/?s={search_term_string}\"},\"query-input\":\"required name=search_term_string\"}],\"inLanguage\":\"fr-FR\"},{\"@type\":\"WebPage\",\"@id\":\"https:\/\/www.mercabilbao.eus\/fr\/information-pratique\/que-doit-on-faire-pour-acheter\/\",\"url\":\"https:\/\/www.mercabilbao.eus\/fr\/information-pratique\/que-doit-on-faire-pour-acheter\/\",\"name\":\"Que doit-on faire pour acheter? - Mercabilbao\",\"isPartOf\":{\"@id\":\"https:\/\/www.mercabilbao.eus\/fr\/#website\"},\"datePublished\":\"2018-01-15T10:04:21+00:00\",\"dateModified\":\"2020-03-23T14:04:23+00:00\",\"description\":\"S\u2019inscrire aupr\u00e8s des Bureaux G\u00e9n\u00e9raux , gratuitement, en pr\u00e9sentant la Licence Fiscale ou le permis d\u2019ouverture de l\u2019\u00e9tablissement, ainsi qu\u2019une photographie, type carte d\u2019identit\u00e9, de chacune des personnes qui souhaitent entrer pour acheter.\",\"breadcrumb\":{\"@id\":\"https:\/\/www.mercabilbao.eus\/fr\/information-pratique\/que-doit-on-faire-pour-acheter\/#breadcrumb\"},\"inLanguage\":\"fr-FR\",\"potentialAction\":[{\"@type\":\"ReadAction\",\"target\":[\"https:\/\/www.mercabilbao.eus\/fr\/information-pratique\/que-doit-on-faire-pour-acheter\/\"]}]},{\"@type\":\"BreadcrumbList\",\"@id\":\"https:\/\/www.mercabilbao.eus\/fr\/information-pratique\/que-doit-on-faire-pour-acheter\/#breadcrumb\",\"itemListElement\":[{\"@type\":\"ListItem\",\"position\":1,\"name\":\"Portada\",\"item\":\"https:\/\/www.mercabilbao.eus\/fr\/\"},{\"@type\":\"ListItem\",\"position\":2,\"name\":\"Information pratique\",\"item\":\"https:\/\/www.mercabilbao.eus\/fr\/information-pratique\/\"},{\"@type\":\"ListItem\",\"position\":3,\"name\":\"Que doit-on faire pour acheter?\"}]}]}<\/script>\n<!-- \/ Yoast SEO plugin. -->","yoast_head_json":{"title":"Que doit-on faire pour acheter? - Mercabilbao","description":"S\u2019inscrire aupr\u00e8s des Bureaux G\u00e9n\u00e9raux , gratuitement, en pr\u00e9sentant la Licence Fiscale ou le permis d\u2019ouverture de l\u2019\u00e9tablissement, ainsi qu\u2019une photographie, type carte d\u2019identit\u00e9, de chacune des personnes qui souhaitent entrer pour acheter.","robots":{"index":"index","follow":"follow","max-snippet":"max-snippet:-1","max-image-preview":"max-image-preview:large","max-video-preview":"max-video-preview:-1"},"canonical":"https:\/\/www.mercabilbao.eus\/fr\/information-pratique\/que-doit-on-faire-pour-acheter\/","og_locale":"fr_FR","og_type":"article","og_title":"Que doit-on faire pour acheter? - Mercabilbao","og_description":"S\u2019inscrire aupr\u00e8s des Bureaux G\u00e9n\u00e9raux , gratuitement, en pr\u00e9sentant la Licence Fiscale ou le permis d\u2019ouverture de l\u2019\u00e9tablissement, ainsi qu\u2019une photographie, type carte d\u2019identit\u00e9, de chacune des personnes qui souhaitent entrer pour acheter.","og_url":"https:\/\/www.mercabilbao.eus\/fr\/information-pratique\/que-doit-on-faire-pour-acheter\/","og_site_name":"Mercabilbao","article_modified_time":"2020-03-23T14:04:23+00:00","twitter_card":"summary_large_image","schema":{"@context":"https:\/\/schema.org","@graph":[{"@type":"WebSite","@id":"https:\/\/www.mercabilbao.eus\/fr\/#website","url":"https:\/\/www.mercabilbao.eus\/fr\/","name":"Mercabilbao","description":"Mercabilbao es el mayor centro de distribuci\u00f3n de alimentos perecederos del Norte de la Pen\u00ednsula Ib\u00e9rica.","potentialAction":[{"@type":"SearchAction","target":{"@type":"EntryPoint","urlTemplate":"https:\/\/www.mercabilbao.eus\/fr\/?s={search_term_string}"},"query-input":"required name=search_term_string"}],"inLanguage":"fr-FR"},{"@type":"WebPage","@id":"https:\/\/www.mercabilbao.eus\/fr\/information-pratique\/que-doit-on-faire-pour-acheter\/","url":"https:\/\/www.mercabilbao.eus\/fr\/information-pratique\/que-doit-on-faire-pour-acheter\/","name":"Que doit-on faire pour acheter? - Mercabilbao","isPartOf":{"@id":"https:\/\/www.mercabilbao.eus\/fr\/#website"},"datePublished":"2018-01-15T10:04:21+00:00","dateModified":"2020-03-23T14:04:23+00:00","description":"S\u2019inscrire aupr\u00e8s des Bureaux G\u00e9n\u00e9raux , gratuitement, en pr\u00e9sentant la Licence Fiscale ou le permis d\u2019ouverture de l\u2019\u00e9tablissement, ainsi qu\u2019une photographie, type carte d\u2019identit\u00e9, de chacune des personnes qui souhaitent entrer pour acheter.","breadcrumb":{"@id":"https:\/\/www.mercabilbao.eus\/fr\/information-pratique\/que-doit-on-faire-pour-acheter\/#breadcrumb"},"inLanguage":"fr-FR","potentialAction":[{"@type":"ReadAction","target":["https:\/\/www.mercabilbao.eus\/fr\/information-pratique\/que-doit-on-faire-pour-acheter\/"]}]},{"@type":"BreadcrumbList","@id":"https:\/\/www.mercabilbao.eus\/fr\/information-pratique\/que-doit-on-faire-pour-acheter\/#breadcrumb","itemListElement":[{"@type":"ListItem","position":1,"name":"Portada","item":"https:\/\/www.mercabilbao.eus\/fr\/"},{"@type":"ListItem","position":2,"name":"Information pratique","item":"https:\/\/www.mercabilbao.eus\/fr\/information-pratique\/"},{"@type":"ListItem","position":3,"name":"Que doit-on faire pour acheter?"}]}]}},"_links":{"self":[{"href":"https:\/\/www.mercabilbao.eus\/fr\/wp-json\/wp\/v2\/pages\/1680","targetHints":{"allow":["GET"]}}],"collection":[{"href":"https:\/\/www.mercabilbao.eus\/fr\/wp-json\/wp\/v2\/pages"}],"about":[{"href":"https:\/\/www.mercabilbao.eus\/fr\/wp-json\/wp\/v2\/types\/page"}],"author":[{"embeddable":true,"href":"https:\/\/www.mercabilbao.eus\/fr\/wp-json\/wp\/v2\/users\/1"}],"replies":[{"embeddable":true,"href":"https:\/\/www.mercabilbao.eus\/fr\/wp-json\/wp\/v2\/comments?post=1680"}],"version-history":[{"count":1,"href":"https:\/\/www.mercabilbao.eus\/fr\/wp-json\/wp\/v2\/pages\/1680\/revisions"}],"predecessor-version":[{"id":2566,"href":"https:\/\/www.mercabilbao.eus\/fr\/wp-json\/wp\/v2\/pages\/1680\/revisions\/2566"}],"up":[{"embeddable":true,"href":"https:\/\/www.mercabilbao.eus\/fr\/wp-json\/wp\/v2\/pages\/1644"}],"wp:attachment":[{"href":"https:\/\/www.mercabilbao.eus\/fr\/wp-json\/wp\/v2\/media?parent=1680"}],"curies":[{"name":"wp","href":"https:\/\/api.w.org\/{rel}","templated":true}]}}