{"id":1683,"date":"2018-01-15T10:06:38","date_gmt":"2018-01-15T10:06:38","guid":{"rendered":"https:\/\/www.mercabilbao.eus\/tarift-entree\/"},"modified":"2020-03-23T15:09:27","modified_gmt":"2020-03-23T14:09:27","slug":"tarift-entree","status":"publish","type":"page","link":"https:\/\/www.mercabilbao.eus\/fr\/information-pratique\/tarift-entree\/","title":{"rendered":"Tarift Entr\u00e9e"},"content":{"rendered":"<table class=\"table-tarifas\">\r\n<tbody>\r\n<tr>\r\n<td class=\"titulo-tabla\">Type de v\u00e9hicule<\/td>\r\n<td class=\"titulo-tabla1\">Paiement pour l&rsquo;acc\u00e8s<\/td>\r\n<td class=\"titulo-tabla1\">Abonnement annuel<\/td>\r\n<\/tr>\r\n<tr>\r\n<td class=\"dest\"><b>V\u00e9hicules de tourisme et fourgonnettes<\/b><\/td>\r\n<td>1,50\u20ac<\/td>\r\n<td>155\u20ac<\/td>\r\n<\/tr>\r\n<tr>\r\n<td class=\"dest\"><b>Camions de plus de 3500 kg<br \/>(2 essieux)<\/b><\/td>\r\n<td>3,00\u20ac<\/td>\r\n<td>495\u20ac<\/td>\r\n<\/tr>\r\n<tr>\r\n<td class=\"dest\"><b>Camions de plus de 3500 kg<br \/>(3 essieux)<\/b><\/td>\r\n<td>6,00\u20ac<\/td>\r\n<td>1210\u20ac<\/td>\r\n<\/tr>\r\n<\/tbody>\r\n<\/table>\r\n<p><img decoding=\"async\" class=\"img-seccion\" src=\"\/wp-content\/themes\/mercabilbao\/img\/img-tarifa.jpg\" alt=\"Tarift Entr\u00e9e\" \/>[:]<\/p>\r\n\r\n<p>&nbsp;<\/p>\r\n","protected":false},"excerpt":{"rendered":"<p>Type de v\u00e9hicule Paiement pour l&rsquo;acc\u00e8s Abonnement annuel V\u00e9hicules de tourisme et fourgonnettes 1,50\u20ac 155\u20ac Camions de plus de 3500 kg(2 essieux) 3,00\u20ac 495\u20ac Camions de plus de 3500 kg(3 [&hellip;]<\/p>\n","protected":false},"author":1,"featured_media":0,"parent":1644,"menu_order":80,"comment_status":"closed","ping_status":"closed","template":"page-sidebar.php","meta":{"footnotes":""},"class_list":["post-1683","page","type-page","status-publish","hentry"],"yoast_head":"<!-- This site is optimized with the Yoast SEO plugin v19.3 - https:\/\/yoast.com\/wordpress\/plugins\/seo\/ -->\n<title>Tarift Entr\u00e9e - Mercabilbao<\/title>\n<meta name=\"description\" content=\"Type de v\u00e9hicule Paiement pour l&#039;acc\u00e8s Abonnement annuel V\u00e9hicules de tourisme et fourgonnettes 1,50\u20ac 155\u20ac Camions de plus de 3,500 kg (2 axes) 3,00\u20ac 495\u20ac Camions de plus de 3,500 kg (3 essieux) 6,00\u20ac 1.210\u20ac\" \/>\n<meta name=\"robots\" content=\"index, follow, max-snippet:-1, max-image-preview:large, max-video-preview:-1\" \/>\n<link rel=\"canonical\" href=\"https:\/\/www.mercabilbao.eus\/fr\/information-pratique\/tarift-entree\/\" \/>\n<meta property=\"og:locale\" content=\"fr_FR\" \/>\n<meta property=\"og:type\" content=\"article\" \/>\n<meta property=\"og:title\" content=\"Tarift Entr\u00e9e - Mercabilbao\" \/>\n<meta property=\"og:description\" content=\"Type de v\u00e9hicule Paiement pour l&#039;acc\u00e8s Abonnement annuel V\u00e9hicules de tourisme et fourgonnettes 1,50\u20ac 155\u20ac Camions de plus de 3,500 kg (2 axes) 3,00\u20ac 495\u20ac Camions de plus de 3,500 kg (3 essieux) 6,00\u20ac 1.210\u20ac\" \/>\n<meta property=\"og:url\" content=\"https:\/\/www.mercabilbao.eus\/fr\/information-pratique\/tarift-entree\/\" \/>\n<meta property=\"og:site_name\" content=\"Mercabilbao\" \/>\n<meta property=\"article:modified_time\" content=\"2020-03-23T14:09:27+00:00\" \/>\n<meta name=\"twitter:card\" content=\"summary_large_image\" \/>\n<script type=\"application\/ld+json\" class=\"yoast-schema-graph\">{\"@context\":\"https:\/\/schema.org\",\"@graph\":[{\"@type\":\"WebSite\",\"@id\":\"https:\/\/www.mercabilbao.eus\/fr\/#website\",\"url\":\"https:\/\/www.mercabilbao.eus\/fr\/\",\"name\":\"Mercabilbao\",\"description\":\"Mercabilbao es el mayor centro de distribuci\u00f3n de alimentos perecederos del Norte de la Pen\u00ednsula Ib\u00e9rica.\",\"potentialAction\":[{\"@type\":\"SearchAction\",\"target\":{\"@type\":\"EntryPoint\",\"urlTemplate\":\"https:\/\/www.mercabilbao.eus\/fr\/?s={search_term_string}\"},\"query-input\":\"required name=search_term_string\"}],\"inLanguage\":\"fr-FR\"},{\"@type\":\"WebPage\",\"@id\":\"https:\/\/www.mercabilbao.eus\/fr\/information-pratique\/tarift-entree\/\",\"url\":\"https:\/\/www.mercabilbao.eus\/fr\/information-pratique\/tarift-entree\/\",\"name\":\"Tarift Entr\u00e9e - Mercabilbao\",\"isPartOf\":{\"@id\":\"https:\/\/www.mercabilbao.eus\/fr\/#website\"},\"datePublished\":\"2018-01-15T10:06:38+00:00\",\"dateModified\":\"2020-03-23T14:09:27+00:00\",\"description\":\"Type de v\u00e9hicule Paiement pour l'acc\u00e8s Abonnement annuel V\u00e9hicules de tourisme et fourgonnettes 1,50\u20ac 155\u20ac Camions de plus de 3,500 kg (2 axes) 3,00\u20ac 495\u20ac Camions de plus de 3,500 kg (3 essieux) 6,00\u20ac 1.210\u20ac\",\"breadcrumb\":{\"@id\":\"https:\/\/www.mercabilbao.eus\/fr\/information-pratique\/tarift-entree\/#breadcrumb\"},\"inLanguage\":\"fr-FR\",\"potentialAction\":[{\"@type\":\"ReadAction\",\"target\":[\"https:\/\/www.mercabilbao.eus\/fr\/information-pratique\/tarift-entree\/\"]}]},{\"@type\":\"BreadcrumbList\",\"@id\":\"https:\/\/www.mercabilbao.eus\/fr\/information-pratique\/tarift-entree\/#breadcrumb\",\"itemListElement\":[{\"@type\":\"ListItem\",\"position\":1,\"name\":\"Portada\",\"item\":\"https:\/\/www.mercabilbao.eus\/fr\/\"},{\"@type\":\"ListItem\",\"position\":2,\"name\":\"Information pratique\",\"item\":\"https:\/\/www.mercabilbao.eus\/fr\/information-pratique\/\"},{\"@type\":\"ListItem\",\"position\":3,\"name\":\"Tarift Entr\u00e9e\"}]}]}<\/script>\n<!-- \/ Yoast SEO plugin. -->","yoast_head_json":{"title":"Tarift Entr\u00e9e - Mercabilbao","description":"Type de v\u00e9hicule Paiement pour l'acc\u00e8s Abonnement annuel V\u00e9hicules de tourisme et fourgonnettes 1,50\u20ac 155\u20ac Camions de plus de 3,500 kg (2 axes) 3,00\u20ac 495\u20ac Camions de plus de 3,500 kg (3 essieux) 6,00\u20ac 1.210\u20ac","robots":{"index":"index","follow":"follow","max-snippet":"max-snippet:-1","max-image-preview":"max-image-preview:large","max-video-preview":"max-video-preview:-1"},"canonical":"https:\/\/www.mercabilbao.eus\/fr\/information-pratique\/tarift-entree\/","og_locale":"fr_FR","og_type":"article","og_title":"Tarift Entr\u00e9e - Mercabilbao","og_description":"Type de v\u00e9hicule Paiement pour l'acc\u00e8s Abonnement annuel V\u00e9hicules de tourisme et fourgonnettes 1,50\u20ac 155\u20ac Camions de plus de 3,500 kg (2 axes) 3,00\u20ac 495\u20ac Camions de plus de 3,500 kg (3 essieux) 6,00\u20ac 1.210\u20ac","og_url":"https:\/\/www.mercabilbao.eus\/fr\/information-pratique\/tarift-entree\/","og_site_name":"Mercabilbao","article_modified_time":"2020-03-23T14:09:27+00:00","twitter_card":"summary_large_image","schema":{"@context":"https:\/\/schema.org","@graph":[{"@type":"WebSite","@id":"https:\/\/www.mercabilbao.eus\/fr\/#website","url":"https:\/\/www.mercabilbao.eus\/fr\/","name":"Mercabilbao","description":"Mercabilbao es el mayor centro de distribuci\u00f3n de alimentos perecederos del Norte de la Pen\u00ednsula Ib\u00e9rica.","potentialAction":[{"@type":"SearchAction","target":{"@type":"EntryPoint","urlTemplate":"https:\/\/www.mercabilbao.eus\/fr\/?s={search_term_string}"},"query-input":"required name=search_term_string"}],"inLanguage":"fr-FR"},{"@type":"WebPage","@id":"https:\/\/www.mercabilbao.eus\/fr\/information-pratique\/tarift-entree\/","url":"https:\/\/www.mercabilbao.eus\/fr\/information-pratique\/tarift-entree\/","name":"Tarift Entr\u00e9e - Mercabilbao","isPartOf":{"@id":"https:\/\/www.mercabilbao.eus\/fr\/#website"},"datePublished":"2018-01-15T10:06:38+00:00","dateModified":"2020-03-23T14:09:27+00:00","description":"Type de v\u00e9hicule Paiement pour l'acc\u00e8s Abonnement annuel V\u00e9hicules de tourisme et fourgonnettes 1,50\u20ac 155\u20ac Camions de plus de 3,500 kg (2 axes) 3,00\u20ac 495\u20ac Camions de plus de 3,500 kg (3 essieux) 6,00\u20ac 1.210\u20ac","breadcrumb":{"@id":"https:\/\/www.mercabilbao.eus\/fr\/information-pratique\/tarift-entree\/#breadcrumb"},"inLanguage":"fr-FR","potentialAction":[{"@type":"ReadAction","target":["https:\/\/www.mercabilbao.eus\/fr\/information-pratique\/tarift-entree\/"]}]},{"@type":"BreadcrumbList","@id":"https:\/\/www.mercabilbao.eus\/fr\/information-pratique\/tarift-entree\/#breadcrumb","itemListElement":[{"@type":"ListItem","position":1,"name":"Portada","item":"https:\/\/www.mercabilbao.eus\/fr\/"},{"@type":"ListItem","position":2,"name":"Information pratique","item":"https:\/\/www.mercabilbao.eus\/fr\/information-pratique\/"},{"@type":"ListItem","position":3,"name":"Tarift Entr\u00e9e"}]}]}},"_links":{"self":[{"href":"https:\/\/www.mercabilbao.eus\/fr\/wp-json\/wp\/v2\/pages\/1683","targetHints":{"allow":["GET"]}}],"collection":[{"href":"https:\/\/www.mercabilbao.eus\/fr\/wp-json\/wp\/v2\/pages"}],"about":[{"href":"https:\/\/www.mercabilbao.eus\/fr\/wp-json\/wp\/v2\/types\/page"}],"author":[{"embeddable":true,"href":"https:\/\/www.mercabilbao.eus\/fr\/wp-json\/wp\/v2\/users\/1"}],"replies":[{"embeddable":true,"href":"https:\/\/www.mercabilbao.eus\/fr\/wp-json\/wp\/v2\/comments?post=1683"}],"version-history":[{"count":1,"href":"https:\/\/www.mercabilbao.eus\/fr\/wp-json\/wp\/v2\/pages\/1683\/revisions"}],"predecessor-version":[{"id":2575,"href":"https:\/\/www.mercabilbao.eus\/fr\/wp-json\/wp\/v2\/pages\/1683\/revisions\/2575"}],"up":[{"embeddable":true,"href":"https:\/\/www.mercabilbao.eus\/fr\/wp-json\/wp\/v2\/pages\/1644"}],"wp:attachment":[{"href":"https:\/\/www.mercabilbao.eus\/fr\/wp-json\/wp\/v2\/media?parent=1683"}],"curies":[{"name":"wp","href":"https:\/\/api.w.org\/{rel}","templated":true}]}}