{"id":1686,"date":"2018-01-15T10:11:03","date_gmt":"2018-01-15T10:11:03","guid":{"rendered":"https:\/\/www.mercabilbao.eus\/plan-de-mercabilbao\/"},"modified":"2020-03-23T15:24:48","modified_gmt":"2020-03-23T14:24:48","slug":"plan-de-mercabilbao","status":"publish","type":"page","link":"https:\/\/www.mercabilbao.eus\/fr\/plan-de-mercabilbao\/","title":{"rendered":"Plan de Mercabilbao"},"content":{"rendered":"<div class=\"planos\"><img decoding=\"async\" class=\"plano plano_frutas\" src=\"\/wp-content\/themes\/mercabilbao\/img\/plano_frutas.png\" alt=\"\" \/><br \/>\n<img decoding=\"async\" class=\"plano plano_pescados\" src=\"\/wp-content\/themes\/mercabilbao\/img\/plano_pescados.png\" alt=\"\" \/><br \/>\n<img decoding=\"async\" class=\"plano plano_polivalente\" src=\"\/wp-content\/themes\/mercabilbao\/img\/plano_polivalente.png\" alt=\"\" \/><br \/>\n<img decoding=\"async\" class=\"plano plano_zona-comercial\" src=\"\/wp-content\/themes\/mercabilbao\/img\/plano_zona-comercial.png\" alt=\"\" \/><br \/>\n<img decoding=\"async\" class=\"plano plano_actividades\" src=\"\/wp-content\/themes\/mercabilbao\/img\/plano_actividades.png\" alt=\"\" \/><br \/>\n<img decoding=\"async\" class=\"plano plano_estacionamientos\" src=\"\/wp-content\/themes\/mercabilbao\/img\/plano_estacionamientos.png\" alt=\"\" \/><br \/>\n<img decoding=\"async\" class=\"plano plano_seguridad\" src=\"\/wp-content\/themes\/mercabilbao\/img\/plano_seguridad.png\" alt=\"\" \/><br \/>\n<img decoding=\"async\" class=\"plano plano_extra\" src=\"\/wp-content\/themes\/mercabilbao\/img\/plano_extra.png\" alt=\"\" usemap=\"#Map\" \/><\/div>\n<div class=\"areas-plano\">\n<div class=\"area-frutas\">\n<p>&nbsp;<\/p>\n<p>Fruits, l\u00e9gumes et bananes<\/p>\n<\/div>\n<div class=\"area-pescados\">\n<p>&nbsp;<\/p>\n<p>Poissons et crustac\u00e9s<\/p>\n<\/div>\n<div class=\"area-polivalente\">\n<p>&nbsp;<\/p>\n<p>Le march\u00e9 Polyvalent<\/p>\n<\/div>\n<div class=\"area-comercial\">\n<p>&nbsp;<\/p>\n<p>Centre Commercial<\/p>\n<\/div>\n<div class=\"area-actividades\">\n<p>&nbsp;<\/p>\n<p>Installations Compl\u00e9mentaires<\/p>\n<\/div>\n<div class=\"area-estacionamientos\">\n<p>&nbsp;<\/p>\n<p class=\"parking\">P<\/p>\n<p>&nbsp;<\/p>\n<p>Parkings<\/p>\n<\/div>\n<div class=\"area-extra1\">\n<p>&nbsp;<\/p>\n<p>Extra<\/p>\n<\/div>\n<div class=\"area-extra2\">\n<p>&nbsp;<\/p>\n<p>Extra<\/p>\n<\/div>\n<div class=\"area-salida\">\n<p><img decoding=\"async\" src=\"\/wp-content\/themes\/mercabilbao\/img\/salida-emergencia.png\" alt=\"\" \/><\/p>\n<p>Sorties de secours<\/p>\n<\/div>\n<\/div>\n","protected":false},"excerpt":{"rendered":"<p>&nbsp; Fruits, l\u00e9gumes et bananes &nbsp; Poissons et crustac\u00e9s &nbsp; Le march\u00e9 Polyvalent &nbsp; Centre Commercial &nbsp; Installations Compl\u00e9mentaires &nbsp; P &nbsp; Parkings &nbsp; Extra &nbsp; Extra Sorties de secours<\/p>\n","protected":false},"author":1,"featured_media":0,"parent":0,"menu_order":500,"comment_status":"closed","ping_status":"closed","template":"page-sidebar.php","meta":{"footnotes":""},"class_list":["post-1686","page","type-page","status-publish","hentry"],"yoast_head":"<!-- This site is optimized with the Yoast SEO plugin v19.3 - https:\/\/yoast.com\/wordpress\/plugins\/seo\/ -->\n<title>Plan de Mercabilbao - Mercabilbao<\/title>\n<meta name=\"description\" content=\"Fruits, l\u00e9gumes et bananes Poissons et crustac\u00e9s Le march\u00e9 Polyvalent Centre Commercial Installations Compl\u00e9mentaires P Parkings Extra Extra Sorties de secours\" \/>\n<meta name=\"robots\" content=\"index, follow, max-snippet:-1, max-image-preview:large, max-video-preview:-1\" \/>\n<link rel=\"canonical\" href=\"https:\/\/www.mercabilbao.eus\/fr\/plan-de-mercabilbao\/\" \/>\n<meta property=\"og:locale\" content=\"fr_FR\" \/>\n<meta property=\"og:type\" content=\"article\" \/>\n<meta property=\"og:title\" content=\"Plan de Mercabilbao - Mercabilbao\" \/>\n<meta property=\"og:description\" content=\"Fruits, l\u00e9gumes et bananes Poissons et crustac\u00e9s Le march\u00e9 Polyvalent Centre Commercial Installations Compl\u00e9mentaires P Parkings Extra Extra Sorties de secours\" \/>\n<meta property=\"og:url\" content=\"https:\/\/www.mercabilbao.eus\/fr\/plan-de-mercabilbao\/\" \/>\n<meta property=\"og:site_name\" content=\"Mercabilbao\" \/>\n<meta property=\"article:modified_time\" content=\"2020-03-23T14:24:48+00:00\" \/>\n<meta name=\"twitter:card\" content=\"summary_large_image\" \/>\n<script type=\"application\/ld+json\" class=\"yoast-schema-graph\">{\"@context\":\"https:\/\/schema.org\",\"@graph\":[{\"@type\":\"WebSite\",\"@id\":\"https:\/\/www.mercabilbao.eus\/fr\/#website\",\"url\":\"https:\/\/www.mercabilbao.eus\/fr\/\",\"name\":\"Mercabilbao\",\"description\":\"Mercabilbao es el mayor centro de distribuci\u00f3n de alimentos perecederos del Norte de la Pen\u00ednsula Ib\u00e9rica.\",\"potentialAction\":[{\"@type\":\"SearchAction\",\"target\":{\"@type\":\"EntryPoint\",\"urlTemplate\":\"https:\/\/www.mercabilbao.eus\/fr\/?s={search_term_string}\"},\"query-input\":\"required name=search_term_string\"}],\"inLanguage\":\"fr-FR\"},{\"@type\":\"WebPage\",\"@id\":\"https:\/\/www.mercabilbao.eus\/fr\/plan-de-mercabilbao\/\",\"url\":\"https:\/\/www.mercabilbao.eus\/fr\/plan-de-mercabilbao\/\",\"name\":\"Plan de Mercabilbao - Mercabilbao\",\"isPartOf\":{\"@id\":\"https:\/\/www.mercabilbao.eus\/fr\/#website\"},\"datePublished\":\"2018-01-15T10:11:03+00:00\",\"dateModified\":\"2020-03-23T14:24:48+00:00\",\"description\":\"Fruits, l\u00e9gumes et bananes Poissons et crustac\u00e9s Le march\u00e9 Polyvalent Centre Commercial Installations Compl\u00e9mentaires P Parkings Extra Extra Sorties de secours\",\"breadcrumb\":{\"@id\":\"https:\/\/www.mercabilbao.eus\/fr\/plan-de-mercabilbao\/#breadcrumb\"},\"inLanguage\":\"fr-FR\",\"potentialAction\":[{\"@type\":\"ReadAction\",\"target\":[\"https:\/\/www.mercabilbao.eus\/fr\/plan-de-mercabilbao\/\"]}]},{\"@type\":\"BreadcrumbList\",\"@id\":\"https:\/\/www.mercabilbao.eus\/fr\/plan-de-mercabilbao\/#breadcrumb\",\"itemListElement\":[{\"@type\":\"ListItem\",\"position\":1,\"name\":\"Portada\",\"item\":\"https:\/\/www.mercabilbao.eus\/fr\/\"},{\"@type\":\"ListItem\",\"position\":2,\"name\":\"Plan de Mercabilbao\"}]}]}<\/script>\n<!-- \/ Yoast SEO plugin. -->","yoast_head_json":{"title":"Plan de Mercabilbao - Mercabilbao","description":"Fruits, l\u00e9gumes et bananes Poissons et crustac\u00e9s Le march\u00e9 Polyvalent Centre Commercial Installations Compl\u00e9mentaires P Parkings Extra Extra Sorties de secours","robots":{"index":"index","follow":"follow","max-snippet":"max-snippet:-1","max-image-preview":"max-image-preview:large","max-video-preview":"max-video-preview:-1"},"canonical":"https:\/\/www.mercabilbao.eus\/fr\/plan-de-mercabilbao\/","og_locale":"fr_FR","og_type":"article","og_title":"Plan de Mercabilbao - Mercabilbao","og_description":"Fruits, l\u00e9gumes et bananes Poissons et crustac\u00e9s Le march\u00e9 Polyvalent Centre Commercial Installations Compl\u00e9mentaires P Parkings Extra Extra Sorties de secours","og_url":"https:\/\/www.mercabilbao.eus\/fr\/plan-de-mercabilbao\/","og_site_name":"Mercabilbao","article_modified_time":"2020-03-23T14:24:48+00:00","twitter_card":"summary_large_image","schema":{"@context":"https:\/\/schema.org","@graph":[{"@type":"WebSite","@id":"https:\/\/www.mercabilbao.eus\/fr\/#website","url":"https:\/\/www.mercabilbao.eus\/fr\/","name":"Mercabilbao","description":"Mercabilbao es el mayor centro de distribuci\u00f3n de alimentos perecederos del Norte de la Pen\u00ednsula Ib\u00e9rica.","potentialAction":[{"@type":"SearchAction","target":{"@type":"EntryPoint","urlTemplate":"https:\/\/www.mercabilbao.eus\/fr\/?s={search_term_string}"},"query-input":"required name=search_term_string"}],"inLanguage":"fr-FR"},{"@type":"WebPage","@id":"https:\/\/www.mercabilbao.eus\/fr\/plan-de-mercabilbao\/","url":"https:\/\/www.mercabilbao.eus\/fr\/plan-de-mercabilbao\/","name":"Plan de Mercabilbao - Mercabilbao","isPartOf":{"@id":"https:\/\/www.mercabilbao.eus\/fr\/#website"},"datePublished":"2018-01-15T10:11:03+00:00","dateModified":"2020-03-23T14:24:48+00:00","description":"Fruits, l\u00e9gumes et bananes Poissons et crustac\u00e9s Le march\u00e9 Polyvalent Centre Commercial Installations Compl\u00e9mentaires P Parkings Extra Extra Sorties de secours","breadcrumb":{"@id":"https:\/\/www.mercabilbao.eus\/fr\/plan-de-mercabilbao\/#breadcrumb"},"inLanguage":"fr-FR","potentialAction":[{"@type":"ReadAction","target":["https:\/\/www.mercabilbao.eus\/fr\/plan-de-mercabilbao\/"]}]},{"@type":"BreadcrumbList","@id":"https:\/\/www.mercabilbao.eus\/fr\/plan-de-mercabilbao\/#breadcrumb","itemListElement":[{"@type":"ListItem","position":1,"name":"Portada","item":"https:\/\/www.mercabilbao.eus\/fr\/"},{"@type":"ListItem","position":2,"name":"Plan de Mercabilbao"}]}]}},"_links":{"self":[{"href":"https:\/\/www.mercabilbao.eus\/fr\/wp-json\/wp\/v2\/pages\/1686","targetHints":{"allow":["GET"]}}],"collection":[{"href":"https:\/\/www.mercabilbao.eus\/fr\/wp-json\/wp\/v2\/pages"}],"about":[{"href":"https:\/\/www.mercabilbao.eus\/fr\/wp-json\/wp\/v2\/types\/page"}],"author":[{"embeddable":true,"href":"https:\/\/www.mercabilbao.eus\/fr\/wp-json\/wp\/v2\/users\/1"}],"replies":[{"embeddable":true,"href":"https:\/\/www.mercabilbao.eus\/fr\/wp-json\/wp\/v2\/comments?post=1686"}],"version-history":[{"count":1,"href":"https:\/\/www.mercabilbao.eus\/fr\/wp-json\/wp\/v2\/pages\/1686\/revisions"}],"predecessor-version":[{"id":2594,"href":"https:\/\/www.mercabilbao.eus\/fr\/wp-json\/wp\/v2\/pages\/1686\/revisions\/2594"}],"wp:attachment":[{"href":"https:\/\/www.mercabilbao.eus\/fr\/wp-json\/wp\/v2\/media?parent=1686"}],"curies":[{"name":"wp","href":"https:\/\/api.w.org\/{rel}","templated":true}]}}