{"id":1695,"date":"2018-01-15T10:36:13","date_gmt":"2018-01-15T10:36:13","guid":{"rendered":"https:\/\/www.mercabilbao.eus\/securite-et-prevention-des-risques-professionnels\/"},"modified":"2020-03-23T15:14:12","modified_gmt":"2020-03-23T14:14:12","slug":"securite-et-prevention-des-risques-professionnels","status":"publish","type":"page","link":"https:\/\/www.mercabilbao.eus\/fr\/information-pratique\/securite-et-prevention-des-risques-professionnels\/","title":{"rendered":"Securite et prevention des risques professionnels"},"content":{"rendered":"<h2>S\u00e9curit\u00e9 alimentaire<\/h2>\n<p class=\"text-left\">L\u2019inspection des march\u00e9s d\u00e9pendants du service de la sant\u00e9 et de la consommation de la municipalit\u00e9 de Bilbao, effectue chaque jour un contr\u00f4le sanitaire avant la mise en vente des produits commercialis\u00e9s dans le march\u00e9, garantissant ainsi leur qualit\u00e9.<\/p>\n<p class=\"text-left\">Il est possible de consulter le Rapport d\u2019Inspection dans le rapport annuel de Mercabilbao.<\/p>\n<p class=\"text-left\">D\u2019autre part, toutes les entreprises du secteur de la p\u00eache et des fruits et l\u00e9gumes ont instaur\u00e9 le syst\u00e8me de gestion de qualit\u00e9 bas\u00e9 sur l\u2019identification, l\u2019\u00e9valuation et le contr\u00f4le des dangers significatifs pour l\u2019inocuit\u00e9 des aliments (APPCC).<\/p>\n<h2>S\u00e9curit\u00e9 de l\u2019enceinte<\/h2>\n<p class=\"text-left\">L\u2019un des principes de la politique de gestion de Mercabilbao est d\u2019\u00e9tablir les mesures n\u00e9cessaires afin d\u2019\u00e9viter et d\u2019\u00e9liminer les facteurs qui nuisent \u00e0 la qualit\u00e9 des activit\u00e9s du march\u00e9, \u00e0 l\u2019environnement, ou qui engendrerait un risque pour le personnel ou les utilisateurs de cette Unit\u00e9 Alimentaire.<\/p>\n<p class=\"text-left\"><b>PPoint rencontre et issues de secours<\/b><\/p>\n<div class=\"planos\">          \n\t\t<img decoding=\"async\" class=\"plano plano_frutas\" src=\"\/wp-content\/themes\/mercabilbao\/img\/plano_frutas.png\" alt=\"\" \/>\n\t\t<img decoding=\"async\" class=\"plano plano_pescados\" src=\"\/wp-content\/themes\/mercabilbao\/img\/plano_pescados.png\" alt=\"\" \/>\n\t\t<img decoding=\"async\" class=\"plano plano_polivalente\" src=\"\/wp-content\/themes\/mercabilbao\/img\/plano_polivalente.png\" alt=\"\" \/>\n\t\t<img decoding=\"async\" class=\"plano plano_zona-comercial\" src=\"\/wp-content\/themes\/mercabilbao\/img\/plano_zona-comercial.png\" alt=\"\" \/>\n\t\t<img decoding=\"async\" class=\"plano plano_actividades\" src=\"\/wp-content\/themes\/mercabilbao\/img\/plano_actividades.png\" alt=\"\" \/>\n\t\t<img decoding=\"async\" class=\"plano plano_estacionamientos\" src=\"\/wp-content\/themes\/mercabilbao\/img\/plano_estacionamientos.png\" alt=\"\" \/>\n\t\t<img decoding=\"async\" class=\"plano plano_extra\" src=\"\/wp-content\/themes\/mercabilbao\/img\/plano_extra.png\" alt=\"\" usemap=\"#Map\">\n\n\t\t<map name=\"Map\" id=\"Map\">\n\t\t\t<area data-plano=\"plano_frutas\" shape=\"poly\" coords=\"197,186,225,207,164,287,137,266\" href=\"https:\/\/www.mercabilbao.eus\/sectores-de-actividad\/frutas-hortalizas-y-platanos\/\" \/>\n\t\t\t<area data-plano=\"plano_frutas\" shape=\"poly\" coords=\"137,142,167,163,106,243,78,220\" href=\"https:\/\/www.mercabilbao.eus\/sectores-de-actividad\/frutas-hortalizas-y-platanos\/\" \/>\n\t\t\t<area data-plano=\"plano_frutas\" shape=\"poly\" coords=\"94,104,110,114,49,197,34,187,53,163,49,161\" href=\"https:\/\/www.mercabilbao.eus\/mapa-web\/\" \/>\n\t\t\t<area data-plano=\"plano_frutas\" shape=\"poly\" coords=\"163,96,175,105,159,129,146,120\" href=\"https:\/\/www.mercabilbao.eus\/sectores-de-actividad\/frutas-hortalizas-y-platanos\/\" \/>\n\t\t\t<area data-plano=\"plano_pescados\" shape=\"poly\" coords=\"323,101,347,119,275,215,248,196\" href=\"https:\/\/www.mercabilbao.eus\/sectores-de-actividad\/pescados-y-mariscos\/\" \/>\n\t\t\t<area data-plano=\"plano_polivalente\" shape=\"poly\" coords=\"252,63,289,90,270,115,251,102,231,126,213,111,251,62\" href=\"https:\/\/www.mercabilbao.eus\/sectores-de-actividad\/polivalente\/\" \/>\n\t\t\t<area data-plano=\"plano_zona-comercial\" shape=\"poly\" coords=\"204,121,243,148,230,167,192,140\" href=\"https:\/\/www.mercabilbao.eus\/sectores-de-actividad\/zona-comercial\/\" \/>\n\t\t\t<area data-plano=\"plano_actividades\" shape=\"poly\" coords=\"177,41,206,62,175,104,163,95,144,119,127,105\" href=\"https:\/\/www.mercabilbao.eus\/sectores-de-actividad\/actividades-complementarias\/\" \/>\n\t\t\t<area data-plano=\"plano_actividades\" shape=\"poly\" coords=\"394,122,402,114,410,120,416,113,424,118,429,114,435,121,438,117,450,125,436,143,427,135,422,140\" href=\"https:\/\/www.mercabilbao.eus\/sectores-de-actividad\/actividades-complementarias\/\" \/>\n\t\t\t<area data-plano=\"plano_actividades\" shape=\"poly\" coords=\"221,310,270,310,264,318,243,316,240,319,235,316,221,315\" href=\"https:\/\/www.mercabilbao.eus\/sectores-de-actividad\/actividades-complementarias\/\" \/>\n\t\t\t<area data-plano=\"plano_estacionamientos\" shape=\"poly\" coords=\"234,38,213,65,170,31,181,18,187,16,196,17,205,18,213,22\" href=\"https:\/\/www.mercabilbao.eus\/informacion-practica\/estacionamientos\/\" \/>\n\t\t\t<area data-plano=\"plano_estacionamientos\" shape=\"poly\" coords=\"227,247,268,278,253,296,198,296,195,295,194,292,195,288,197,286\" href=\"https:\/\/www.mercabilbao.eus\/informacion-practica\/estacionamientos\/\" \/>\n\t\t<\/map>\n\t<\/div>\n<h2>S\u00e9curit\u00e9 et sant\u00e9 au travail<\/h2>\n<p class=\"text-left\">Mercabilbao a sign\u00e9 depuis 2005, une Convention avec le Service de Pr\u00e9vention de la Mairie de Bilbao pour la r\u00e9alisation d\u2019activit\u00e9s de en mati\u00e8re de Sant\u00e9 et de S\u00e9curit\u00e9 dans le travail, qui envisage la r\u00e9alisation d\u2019un examen annuel de sant\u00e9 \u00e0 caract\u00e8re pr\u00e9ventif, pour tous les travailleurs de Mercabilbao S.A.<\/p>\n<p class=\"text-left\">De m\u00eame, le Service de Pr\u00e9vention Concert\u00e9 r\u00e9alise l\u2019\u00e9valuation et le suivi des risques li\u00e9s au travail \u00e0 Mercabilbao S.A.<\/p>\n<h2>Coordination d\u2019Activit\u00e9s Commerciales<\/h2>\n<p class=\"text-left\">Mercabilbao, en application du Royal D\u00e9cret 171\/2004, qui d\u00e9veloppe l\u2019Article 24 de la Loi 31\/1995 de Pr\u00e9vention des Risques Professionnels (L.P.R.P.), articule la coordination d\u2019activit\u00e9s commerciales aussi bien avec les entreprises du commerce de gros et les op\u00e9rateurs participants dans ses installations que avec les entreprises contract\u00e9es par Mercabilbao.<\/p>\n<p class=\"text-left\">Ensuite vous trouverez toute l\u2019information n\u00e9cessaire selon s\u2019il s\u2019agit de:<\/p>\n<dl id=\"preguntas\">\n<dt>\n<h3>Entreprises du commerce de gros et op\u00e9rateurs de Mercabilbao<\/h3>\n<\/dt>\n<dd>\n<p class=\"text-left\">Il faut que toute l\u2019information d\u00e9crite dans cette section soit lue et transmisse par les entreprises install\u00e9es \u00e0 l\u2019enceinte de Mercabilbao \u00e0 tout son personnel:<\/p>\n<ul class=\"ul-margin-left descargables\">\n<li><a href=\"https:\/\/www.mercabilbao.eus\/documentos\/empresasMAYORISTAS\/Documento%201.Coordinaci%C3%B3n%20Empresa%20titular.pdf\" download=\"Documento1\">Document 1<\/a>: Rapporte la documentation \u00e0 remettre \u00e0 Mercabilbao<\/li>\n<li><a href=\"https:\/\/www.mercabilbao.eus\/documentos\/empresasMAYORISTAS\/Documento%202.pdf\" download=\"Documento2\">Document 2<\/a>: Rapporte la documentation que Mercabilbao met \u00e0 disposition des entreprises participantes<\/li>\n<li><a href=\"https:\/\/www.mercabilbao.eus\/documentos\/empresasMAYORISTAS\/Documento%203%20y%20Anexo.pdf\" download=\"Documento3 y Anexo\">Document 3 et Joint<\/a>: Rapporte les conditions pr\u00e9alables minimes requises pour l\u2019ex\u00e9cution de travaux et modifications dans les installations<\/li>\n<li><a href=\"https:\/\/www.mercabilbao.eus\/documentos\/empresasMAYORISTAS\/Identificaci%C3%B3n%20de%20riesgos%20y%20medidas%20preventivas.pdf\" download=\"Identificaci\u00f3n de riesgos y medidas preventivas\">Identification de risques et mesures pr\u00e9ventives<\/a><\/li>\n<li><a href=\"https:\/\/www.mercabilbao.eus\/documentos\/empresasMAYORISTAS\/Normas%20de%20uso%20y%20P.R.L.PDF\" download=\"Normas de uso y Prevenci\u00f3n de Riesgos laborales\">R\u00e8gles d\u2019utilisation et Pr\u00e9vention des Risques professionnels<\/a><\/li>\n<li><a href=\"https:\/\/www.mercabilbao.eus\/documentos\/empresasMAYORISTAS\/Procedimiento%20uso%20lineas%20de%20vida.PDF\" download=\"Procedimiento de uso de l\u00edneas de vida en las cubiertas de Mercabilbao\">Proc\u00e9d\u00e9 d\u2019utilisation de lignes de vie sur les toitures terrasse de Mercabilbao<\/a><\/li>\n<li><a href=\"https:\/\/www.mercabilbao.eus\/documentos\/empresasMAYORISTAS\/Medidas%20de%20emergencia.pdf\" download=\"Medidas de emergencia\">Mesures d\u2019urgence<\/a><\/li>\n<li><a href=\"https:\/\/www.mercabilbao.eus\/documentos\/empresasMAYORISTAS\/Coordinaci%C3%B3n%20de%20actividades%20empresariales%20Entidades%20Municipales%20de%20Bilba.pdf\" download=\"Coordinaci\u00f3n de actividades empresariales Entidades Municipales de Bilbao\">Coordination d\u2019activit\u00e9s commerciales Organismes Municipaux de Bilbao<\/a><\/li>\n<li><a href=\"https:\/\/www.mercabilbao.eus\/documentos\/Ingurumen%20Jardunbide%20Egokien%20Eskuliburua%20.%20Manual%20%20de%20Buenas%20Pr%C3%A1cticas%20Ambientales.pdf\" download=\"Manual de Buenas Pr\u00e1cticas Ambientales\">Manuel des bonnes pratiques environnementales<\/a><\/li>\n<\/ul>\n<\/dd>\n<dt>\n<h3>Entreprises contract\u00e9es par Mercabilbao<\/h3>\n<\/dt>\n<dd>\n<p class=\"text-left\">Il faut que toute l\u2019information d\u00e9crite dans cette section soit lue et transmisse par les entreprises contract\u00e9es par Mercabilbao \u00e0 tout son personnel:<\/p>\n<ul class=\"ul-margin-left descargables\">\n<li><a href=\"https:\/\/www.mercabilbao.eus\/documentos\/empresasCONTRATADAS\/Documento%201.pdf\" download=\"Documento1\">Document 1<\/a>: apporte la documentation \u00e0 remettre \u00e0 Mercabilbao<\/li>\n<li><a href=\"https:\/\/www.mercabilbao.eus\/documentos\/empresasCONTRATADAS\/Documento%202.pdf\" download=\"Documento2\">Document 2<\/a>: Rapporte la documentation que Mercabilbao met \u00e0 disposition des entreprises contract\u00e9es<\/li>\n<li><a href=\"https:\/\/www.mercabilbao.eus\/documentos\/empresasCONTRATADAS\/Identificaci%C3%B3n%20de%20riesgos%20y%20medidas%20preventivas.pdf\" download=\"Identificaci\u00f3n de riesgos y medidas preventivas\">Identification de risques et mesures pr\u00e9ventives<\/a><\/li>\n<li><a href=\"https:\/\/www.mercabilbao.eus\/documentos\/empresasMAYORISTAS\/Normas%20de%20uso%20y%20P.R.L.PDF\" download=\"Normas de uso y Prevenci\u00f3n de Riesgos laborales\">R\u00e8gles d\u2019utilisation et Pr\u00e9vention des Risques professionnels<\/a><\/li>\n<li><a href=\"https:\/\/www.mercabilbao.eus\/documentos\/empresasMAYORISTAS\/Procedimiento%20uso%20lineas%20de%20vida.PDF\" download=\"Procedimiento de uso de l\u00edneas de vida en las cubiertas de Mercabilbao\">Proc\u00e9d\u00e9 d\u2019utilisation de lignes de vie sur les toitures terrasse de Mercabilbao<\/a><\/li>\n<li><a href=\"https:\/\/www.mercabilbao.eus\/documentos\/empresasMAYORISTAS\/Medidas%20de%20emergencia.pdf\" download=\"Medidas de emergencia\">Mesures d\u2019urgence<\/a><\/li>\n<li><a href=\"https:\/\/www.mercabilbao.eus\/documentos\/empresasCONTRATADAS\/Coordinaci%C3%B3n%20de%20actividades%20empresariales%20Entidades%20Municipales%20de%20Bilba.pdf\" download=\"Coordinaci\u00f3n de actividades empresariales Entidades Municipales de Bilbao\">Coordination d\u2019activit\u00e9s commerciales Organismes Municipaux de Bilbao<\/a><\/li>\n<li><a href=\"https:\/\/www.mercabilbao.eus\/documentos\/Ingurumen%20Jardunbide%20Egokien%20Eskuliburua%20.%20Manual%20%20de%20Buenas%20Pr%C3%A1cticas%20Ambientales.pdf\" download=\"Manual de Buenas Pr\u00e1cticas Ambientales\">Manuel des bonnes pratiques environnementales<\/a><\/li>\n<\/ul>\n<\/dd>\n<\/dl>\n","protected":false},"excerpt":{"rendered":"<p>S\u00e9curit\u00e9 alimentaire L\u2019inspection des march\u00e9s d\u00e9pendants du service de la sant\u00e9 et de la consommation de la municipalit\u00e9 de Bilbao, effectue chaque jour un contr\u00f4le sanitaire avant la mise en [&hellip;]<\/p>\n","protected":false},"author":1,"featured_media":0,"parent":1644,"menu_order":120,"comment_status":"closed","ping_status":"closed","template":"page-sidebar.php","meta":{"footnotes":""},"class_list":["post-1695","page","type-page","status-publish","hentry"],"yoast_head":"<!-- This site is optimized with the Yoast SEO plugin v19.3 - https:\/\/yoast.com\/wordpress\/plugins\/seo\/ -->\n<title>Securite et prevention des risques professionnels - Mercabilbao<\/title>\n<meta name=\"description\" content=\"S\u00e9curit\u00e9 alimentaire L\u2019inspection des march\u00e9s d\u00e9pendants du service de la sant\u00e9 et de la consommation de la municipalit\u00e9 de Bilbao, effectue chaque jour un contr\u00f4le sanitaire avant la mise en vente des produits commercialis\u00e9s dans le march\u00e9, garantissant ainsi leur qualit\u00e9. Il est possible de consulter le Rapport d\u2019Ins\" \/>\n<meta name=\"robots\" content=\"index, follow, max-snippet:-1, max-image-preview:large, max-video-preview:-1\" \/>\n<link rel=\"canonical\" href=\"https:\/\/www.mercabilbao.eus\/fr\/information-pratique\/securite-et-prevention-des-risques-professionnels\/\" \/>\n<meta property=\"og:locale\" content=\"fr_FR\" \/>\n<meta property=\"og:type\" content=\"article\" \/>\n<meta property=\"og:title\" content=\"Securite et prevention des risques professionnels - Mercabilbao\" \/>\n<meta property=\"og:description\" content=\"S\u00e9curit\u00e9 alimentaire L\u2019inspection des march\u00e9s d\u00e9pendants du service de la sant\u00e9 et de la consommation de la municipalit\u00e9 de Bilbao, effectue chaque jour un contr\u00f4le sanitaire avant la mise en vente des produits commercialis\u00e9s dans le march\u00e9, garantissant ainsi leur qualit\u00e9. Il est possible de consulter le Rapport d\u2019Ins\" \/>\n<meta property=\"og:url\" content=\"https:\/\/www.mercabilbao.eus\/fr\/information-pratique\/securite-et-prevention-des-risques-professionnels\/\" \/>\n<meta property=\"og:site_name\" content=\"Mercabilbao\" \/>\n<meta property=\"article:modified_time\" content=\"2020-03-23T14:14:12+00:00\" \/>\n<meta name=\"twitter:card\" content=\"summary_large_image\" \/>\n<meta name=\"twitter:label1\" content=\"Dur\u00e9e de lecture estim\u00e9e\" \/>\n\t<meta name=\"twitter:data1\" content=\"3 minutes\" \/>\n<script type=\"application\/ld+json\" class=\"yoast-schema-graph\">{\"@context\":\"https:\/\/schema.org\",\"@graph\":[{\"@type\":\"WebSite\",\"@id\":\"https:\/\/www.mercabilbao.eus\/fr\/#website\",\"url\":\"https:\/\/www.mercabilbao.eus\/fr\/\",\"name\":\"Mercabilbao\",\"description\":\"Mercabilbao es el mayor centro de distribuci\u00f3n de alimentos perecederos del Norte de la Pen\u00ednsula Ib\u00e9rica.\",\"potentialAction\":[{\"@type\":\"SearchAction\",\"target\":{\"@type\":\"EntryPoint\",\"urlTemplate\":\"https:\/\/www.mercabilbao.eus\/fr\/?s={search_term_string}\"},\"query-input\":\"required name=search_term_string\"}],\"inLanguage\":\"fr-FR\"},{\"@type\":\"WebPage\",\"@id\":\"https:\/\/www.mercabilbao.eus\/fr\/information-pratique\/securite-et-prevention-des-risques-professionnels\/\",\"url\":\"https:\/\/www.mercabilbao.eus\/fr\/information-pratique\/securite-et-prevention-des-risques-professionnels\/\",\"name\":\"Securite et prevention des risques professionnels - Mercabilbao\",\"isPartOf\":{\"@id\":\"https:\/\/www.mercabilbao.eus\/fr\/#website\"},\"datePublished\":\"2018-01-15T10:36:13+00:00\",\"dateModified\":\"2020-03-23T14:14:12+00:00\",\"description\":\"S\u00e9curit\u00e9 alimentaire L\u2019inspection des march\u00e9s d\u00e9pendants du service de la sant\u00e9 et de la consommation de la municipalit\u00e9 de Bilbao, effectue chaque jour un contr\u00f4le sanitaire avant la mise en vente des produits commercialis\u00e9s dans le march\u00e9, garantissant ainsi leur qualit\u00e9. Il est possible de consulter le Rapport d\u2019Ins\",\"breadcrumb\":{\"@id\":\"https:\/\/www.mercabilbao.eus\/fr\/information-pratique\/securite-et-prevention-des-risques-professionnels\/#breadcrumb\"},\"inLanguage\":\"fr-FR\",\"potentialAction\":[{\"@type\":\"ReadAction\",\"target\":[\"https:\/\/www.mercabilbao.eus\/fr\/information-pratique\/securite-et-prevention-des-risques-professionnels\/\"]}]},{\"@type\":\"BreadcrumbList\",\"@id\":\"https:\/\/www.mercabilbao.eus\/fr\/information-pratique\/securite-et-prevention-des-risques-professionnels\/#breadcrumb\",\"itemListElement\":[{\"@type\":\"ListItem\",\"position\":1,\"name\":\"Portada\",\"item\":\"https:\/\/www.mercabilbao.eus\/fr\/\"},{\"@type\":\"ListItem\",\"position\":2,\"name\":\"Information pratique\",\"item\":\"https:\/\/www.mercabilbao.eus\/fr\/information-pratique\/\"},{\"@type\":\"ListItem\",\"position\":3,\"name\":\"Securite et prevention des risques professionnels\"}]}]}<\/script>\n<!-- \/ Yoast SEO plugin. -->","yoast_head_json":{"title":"Securite et prevention des risques professionnels - Mercabilbao","description":"S\u00e9curit\u00e9 alimentaire L\u2019inspection des march\u00e9s d\u00e9pendants du service de la sant\u00e9 et de la consommation de la municipalit\u00e9 de Bilbao, effectue chaque jour un contr\u00f4le sanitaire avant la mise en vente des produits commercialis\u00e9s dans le march\u00e9, garantissant ainsi leur qualit\u00e9. Il est possible de consulter le Rapport d\u2019Ins","robots":{"index":"index","follow":"follow","max-snippet":"max-snippet:-1","max-image-preview":"max-image-preview:large","max-video-preview":"max-video-preview:-1"},"canonical":"https:\/\/www.mercabilbao.eus\/fr\/information-pratique\/securite-et-prevention-des-risques-professionnels\/","og_locale":"fr_FR","og_type":"article","og_title":"Securite et prevention des risques professionnels - Mercabilbao","og_description":"S\u00e9curit\u00e9 alimentaire L\u2019inspection des march\u00e9s d\u00e9pendants du service de la sant\u00e9 et de la consommation de la municipalit\u00e9 de Bilbao, effectue chaque jour un contr\u00f4le sanitaire avant la mise en vente des produits commercialis\u00e9s dans le march\u00e9, garantissant ainsi leur qualit\u00e9. Il est possible de consulter le Rapport d\u2019Ins","og_url":"https:\/\/www.mercabilbao.eus\/fr\/information-pratique\/securite-et-prevention-des-risques-professionnels\/","og_site_name":"Mercabilbao","article_modified_time":"2020-03-23T14:14:12+00:00","twitter_card":"summary_large_image","twitter_misc":{"Dur\u00e9e de lecture estim\u00e9e":"3 minutes"},"schema":{"@context":"https:\/\/schema.org","@graph":[{"@type":"WebSite","@id":"https:\/\/www.mercabilbao.eus\/fr\/#website","url":"https:\/\/www.mercabilbao.eus\/fr\/","name":"Mercabilbao","description":"Mercabilbao es el mayor centro de distribuci\u00f3n de alimentos perecederos del Norte de la Pen\u00ednsula Ib\u00e9rica.","potentialAction":[{"@type":"SearchAction","target":{"@type":"EntryPoint","urlTemplate":"https:\/\/www.mercabilbao.eus\/fr\/?s={search_term_string}"},"query-input":"required name=search_term_string"}],"inLanguage":"fr-FR"},{"@type":"WebPage","@id":"https:\/\/www.mercabilbao.eus\/fr\/information-pratique\/securite-et-prevention-des-risques-professionnels\/","url":"https:\/\/www.mercabilbao.eus\/fr\/information-pratique\/securite-et-prevention-des-risques-professionnels\/","name":"Securite et prevention des risques professionnels - Mercabilbao","isPartOf":{"@id":"https:\/\/www.mercabilbao.eus\/fr\/#website"},"datePublished":"2018-01-15T10:36:13+00:00","dateModified":"2020-03-23T14:14:12+00:00","description":"S\u00e9curit\u00e9 alimentaire L\u2019inspection des march\u00e9s d\u00e9pendants du service de la sant\u00e9 et de la consommation de la municipalit\u00e9 de Bilbao, effectue chaque jour un contr\u00f4le sanitaire avant la mise en vente des produits commercialis\u00e9s dans le march\u00e9, garantissant ainsi leur qualit\u00e9. Il est possible de consulter le Rapport d\u2019Ins","breadcrumb":{"@id":"https:\/\/www.mercabilbao.eus\/fr\/information-pratique\/securite-et-prevention-des-risques-professionnels\/#breadcrumb"},"inLanguage":"fr-FR","potentialAction":[{"@type":"ReadAction","target":["https:\/\/www.mercabilbao.eus\/fr\/information-pratique\/securite-et-prevention-des-risques-professionnels\/"]}]},{"@type":"BreadcrumbList","@id":"https:\/\/www.mercabilbao.eus\/fr\/information-pratique\/securite-et-prevention-des-risques-professionnels\/#breadcrumb","itemListElement":[{"@type":"ListItem","position":1,"name":"Portada","item":"https:\/\/www.mercabilbao.eus\/fr\/"},{"@type":"ListItem","position":2,"name":"Information pratique","item":"https:\/\/www.mercabilbao.eus\/fr\/information-pratique\/"},{"@type":"ListItem","position":3,"name":"Securite et prevention des risques professionnels"}]}]}},"_links":{"self":[{"href":"https:\/\/www.mercabilbao.eus\/fr\/wp-json\/wp\/v2\/pages\/1695","targetHints":{"allow":["GET"]}}],"collection":[{"href":"https:\/\/www.mercabilbao.eus\/fr\/wp-json\/wp\/v2\/pages"}],"about":[{"href":"https:\/\/www.mercabilbao.eus\/fr\/wp-json\/wp\/v2\/types\/page"}],"author":[{"embeddable":true,"href":"https:\/\/www.mercabilbao.eus\/fr\/wp-json\/wp\/v2\/users\/1"}],"replies":[{"embeddable":true,"href":"https:\/\/www.mercabilbao.eus\/fr\/wp-json\/wp\/v2\/comments?post=1695"}],"version-history":[{"count":1,"href":"https:\/\/www.mercabilbao.eus\/fr\/wp-json\/wp\/v2\/pages\/1695\/revisions"}],"predecessor-version":[{"id":2587,"href":"https:\/\/www.mercabilbao.eus\/fr\/wp-json\/wp\/v2\/pages\/1695\/revisions\/2587"}],"up":[{"embeddable":true,"href":"https:\/\/www.mercabilbao.eus\/fr\/wp-json\/wp\/v2\/pages\/1644"}],"wp:attachment":[{"href":"https:\/\/www.mercabilbao.eus\/fr\/wp-json\/wp\/v2\/media?parent=1695"}],"curies":[{"name":"wp","href":"https:\/\/api.w.org\/{rel}","templated":true}]}}