{"id":1750,"date":"2018-01-23T17:13:06","date_gmt":"2018-01-23T17:13:06","guid":{"rendered":"https:\/\/www.mercabilbao.eus\/bourse-de-travail\/"},"modified":"2018-01-23T17:13:06","modified_gmt":"2018-01-23T17:13:06","slug":"bourse-de-travail","status":"publish","type":"page","link":"https:\/\/www.mercabilbao.eus\/fr\/services\/bourse-de-travail\/","title":{"rendered":"Bourse de travail"},"content":{"rendered":"<p class=\"text-left\"><b>Date de la demande :<\/b> 13\/10\/2017<\/p>\n<p class=\"text-left\">Les donn\u00e9es personnelles contenues dans ce formulaire seront incorpor\u00e9es dans un fichier automatis\u00e9 de donn\u00e9es personnelles cr\u00e9\u00e9, maintenu et sous la responsabilit\u00e9 de Mercabilbao S. A.. Son but est de g\u00e9rer le service demand\u00e9. L&rsquo;utilisateur est inform\u00e9 de la possibilit\u00e9 d&rsquo;exercer ses droits d&rsquo;acc\u00e8s, de rectification, d&rsquo;annulation et d&rsquo;opposition, conform\u00e9ment \u00e0 la l\u00e9gislation en vigueur, en envoyant un courrier \u00e0 (Relations Publiques de Mercabilbao), District d&rsquo;Ibarreta, 1-48970 Basauri.<\/p>\n","protected":false},"excerpt":{"rendered":"<p>Date de la demande : 13\/10\/2017 Les donn\u00e9es personnelles contenues dans ce formulaire seront incorpor\u00e9es dans un fichier automatis\u00e9 de donn\u00e9es personnelles cr\u00e9\u00e9, maintenu et sous la responsabilit\u00e9 de Mercabilbao [&hellip;]<\/p>\n","protected":false},"author":1,"featured_media":0,"parent":1647,"menu_order":20,"comment_status":"closed","ping_status":"closed","template":"page-bolsa-trabajo.php","meta":{"footnotes":""},"class_list":["post-1750","page","type-page","status-publish","hentry"],"yoast_head":"<!-- This site is optimized with the Yoast SEO plugin v19.3 - https:\/\/yoast.com\/wordpress\/plugins\/seo\/ -->\n<title>Bourse de travail - Mercabilbao<\/title>\n<meta name=\"robots\" content=\"index, follow, max-snippet:-1, max-image-preview:large, max-video-preview:-1\" \/>\n<link rel=\"canonical\" href=\"https:\/\/www.mercabilbao.eus\/fr\/services\/bourse-de-travail\/\" \/>\n<meta property=\"og:locale\" content=\"fr_FR\" \/>\n<meta property=\"og:type\" content=\"article\" \/>\n<meta property=\"og:title\" content=\"Bourse de travail - Mercabilbao\" \/>\n<meta property=\"og:description\" content=\"Date de la demande : 13\/10\/2017 Les donn\u00e9es personnelles contenues dans ce formulaire seront incorpor\u00e9es dans un fichier automatis\u00e9 de donn\u00e9es personnelles cr\u00e9\u00e9, maintenu et sous la responsabilit\u00e9 de Mercabilbao [&hellip;]\" \/>\n<meta property=\"og:url\" content=\"https:\/\/www.mercabilbao.eus\/fr\/services\/bourse-de-travail\/\" \/>\n<meta property=\"og:site_name\" content=\"Mercabilbao\" \/>\n<meta name=\"twitter:card\" content=\"summary_large_image\" \/>\n<script type=\"application\/ld+json\" class=\"yoast-schema-graph\">{\"@context\":\"https:\/\/schema.org\",\"@graph\":[{\"@type\":\"WebSite\",\"@id\":\"https:\/\/www.mercabilbao.eus\/fr\/#website\",\"url\":\"https:\/\/www.mercabilbao.eus\/fr\/\",\"name\":\"Mercabilbao\",\"description\":\"Mercabilbao es el mayor centro de distribuci\u00f3n de alimentos perecederos del Norte de la Pen\u00ednsula Ib\u00e9rica.\",\"potentialAction\":[{\"@type\":\"SearchAction\",\"target\":{\"@type\":\"EntryPoint\",\"urlTemplate\":\"https:\/\/www.mercabilbao.eus\/fr\/?s={search_term_string}\"},\"query-input\":\"required name=search_term_string\"}],\"inLanguage\":\"fr-FR\"},{\"@type\":\"WebPage\",\"@id\":\"https:\/\/www.mercabilbao.eus\/fr\/services\/bourse-de-travail\/\",\"url\":\"https:\/\/www.mercabilbao.eus\/fr\/services\/bourse-de-travail\/\",\"name\":\"Bourse de travail - Mercabilbao\",\"isPartOf\":{\"@id\":\"https:\/\/www.mercabilbao.eus\/fr\/#website\"},\"datePublished\":\"2018-01-23T17:13:06+00:00\",\"dateModified\":\"2018-01-23T17:13:06+00:00\",\"breadcrumb\":{\"@id\":\"https:\/\/www.mercabilbao.eus\/fr\/services\/bourse-de-travail\/#breadcrumb\"},\"inLanguage\":\"fr-FR\",\"potentialAction\":[{\"@type\":\"ReadAction\",\"target\":[\"https:\/\/www.mercabilbao.eus\/fr\/services\/bourse-de-travail\/\"]}]},{\"@type\":\"BreadcrumbList\",\"@id\":\"https:\/\/www.mercabilbao.eus\/fr\/services\/bourse-de-travail\/#breadcrumb\",\"itemListElement\":[{\"@type\":\"ListItem\",\"position\":1,\"name\":\"Portada\",\"item\":\"https:\/\/www.mercabilbao.eus\/fr\/\"},{\"@type\":\"ListItem\",\"position\":2,\"name\":\"Services\",\"item\":\"https:\/\/www.mercabilbao.eus\/fr\/services\/\"},{\"@type\":\"ListItem\",\"position\":3,\"name\":\"Bourse de travail\"}]}]}<\/script>\n<!-- \/ Yoast SEO plugin. -->","yoast_head_json":{"title":"Bourse de travail - Mercabilbao","robots":{"index":"index","follow":"follow","max-snippet":"max-snippet:-1","max-image-preview":"max-image-preview:large","max-video-preview":"max-video-preview:-1"},"canonical":"https:\/\/www.mercabilbao.eus\/fr\/services\/bourse-de-travail\/","og_locale":"fr_FR","og_type":"article","og_title":"Bourse de travail - Mercabilbao","og_description":"Date de la demande : 13\/10\/2017 Les donn\u00e9es personnelles contenues dans ce formulaire seront incorpor\u00e9es dans un fichier automatis\u00e9 de donn\u00e9es personnelles cr\u00e9\u00e9, maintenu et sous la responsabilit\u00e9 de Mercabilbao [&hellip;]","og_url":"https:\/\/www.mercabilbao.eus\/fr\/services\/bourse-de-travail\/","og_site_name":"Mercabilbao","twitter_card":"summary_large_image","schema":{"@context":"https:\/\/schema.org","@graph":[{"@type":"WebSite","@id":"https:\/\/www.mercabilbao.eus\/fr\/#website","url":"https:\/\/www.mercabilbao.eus\/fr\/","name":"Mercabilbao","description":"Mercabilbao es el mayor centro de distribuci\u00f3n de alimentos perecederos del Norte de la Pen\u00ednsula Ib\u00e9rica.","potentialAction":[{"@type":"SearchAction","target":{"@type":"EntryPoint","urlTemplate":"https:\/\/www.mercabilbao.eus\/fr\/?s={search_term_string}"},"query-input":"required name=search_term_string"}],"inLanguage":"fr-FR"},{"@type":"WebPage","@id":"https:\/\/www.mercabilbao.eus\/fr\/services\/bourse-de-travail\/","url":"https:\/\/www.mercabilbao.eus\/fr\/services\/bourse-de-travail\/","name":"Bourse de travail - Mercabilbao","isPartOf":{"@id":"https:\/\/www.mercabilbao.eus\/fr\/#website"},"datePublished":"2018-01-23T17:13:06+00:00","dateModified":"2018-01-23T17:13:06+00:00","breadcrumb":{"@id":"https:\/\/www.mercabilbao.eus\/fr\/services\/bourse-de-travail\/#breadcrumb"},"inLanguage":"fr-FR","potentialAction":[{"@type":"ReadAction","target":["https:\/\/www.mercabilbao.eus\/fr\/services\/bourse-de-travail\/"]}]},{"@type":"BreadcrumbList","@id":"https:\/\/www.mercabilbao.eus\/fr\/services\/bourse-de-travail\/#breadcrumb","itemListElement":[{"@type":"ListItem","position":1,"name":"Portada","item":"https:\/\/www.mercabilbao.eus\/fr\/"},{"@type":"ListItem","position":2,"name":"Services","item":"https:\/\/www.mercabilbao.eus\/fr\/services\/"},{"@type":"ListItem","position":3,"name":"Bourse de travail"}]}]}},"_links":{"self":[{"href":"https:\/\/www.mercabilbao.eus\/fr\/wp-json\/wp\/v2\/pages\/1750","targetHints":{"allow":["GET"]}}],"collection":[{"href":"https:\/\/www.mercabilbao.eus\/fr\/wp-json\/wp\/v2\/pages"}],"about":[{"href":"https:\/\/www.mercabilbao.eus\/fr\/wp-json\/wp\/v2\/types\/page"}],"author":[{"embeddable":true,"href":"https:\/\/www.mercabilbao.eus\/fr\/wp-json\/wp\/v2\/users\/1"}],"replies":[{"embeddable":true,"href":"https:\/\/www.mercabilbao.eus\/fr\/wp-json\/wp\/v2\/comments?post=1750"}],"version-history":[{"count":0,"href":"https:\/\/www.mercabilbao.eus\/fr\/wp-json\/wp\/v2\/pages\/1750\/revisions"}],"up":[{"embeddable":true,"href":"https:\/\/www.mercabilbao.eus\/fr\/wp-json\/wp\/v2\/pages\/1647"}],"wp:attachment":[{"href":"https:\/\/www.mercabilbao.eus\/fr\/wp-json\/wp\/v2\/media?parent=1750"}],"curies":[{"name":"wp","href":"https:\/\/api.w.org\/{rel}","templated":true}]}}