{"id":1756,"date":"2018-02-05T14:37:10","date_gmt":"2018-02-05T14:37:10","guid":{"rendered":"https:\/\/www.mercabilbao.eus\/demande-dacces-aux-medias\/"},"modified":"2018-02-05T14:37:10","modified_gmt":"2018-02-05T14:37:10","slug":"demande-dacces-aux-medias","status":"publish","type":"page","link":"https:\/\/www.mercabilbao.eus\/fr\/presse-et-publications\/demande-dacces-aux-medias\/","title":{"rendered":"Demande d\u2019acc\u00e8s aux m\u00e9dias"},"content":{"rendered":"","protected":false},"excerpt":{"rendered":"","protected":false},"author":1,"featured_media":0,"parent":1650,"menu_order":30,"comment_status":"closed","ping_status":"closed","template":"page-medios.php","meta":{"footnotes":""},"class_list":["post-1756","page","type-page","status-publish","hentry"],"yoast_head":"<!-- This site is optimized with the Yoast SEO plugin v19.3 - https:\/\/yoast.com\/wordpress\/plugins\/seo\/ -->\n<title>Demande d\u2019acc\u00e8s aux m\u00e9dias - Mercabilbao<\/title>\n<meta name=\"robots\" content=\"index, follow, max-snippet:-1, max-image-preview:large, max-video-preview:-1\" \/>\n<link rel=\"canonical\" href=\"https:\/\/www.mercabilbao.eus\/fr\/presse-et-publications\/demande-dacces-aux-medias\/\" \/>\n<meta property=\"og:locale\" content=\"fr_FR\" \/>\n<meta property=\"og:type\" content=\"article\" \/>\n<meta property=\"og:title\" content=\"Demande d\u2019acc\u00e8s aux m\u00e9dias - Mercabilbao\" \/>\n<meta property=\"og:url\" content=\"https:\/\/www.mercabilbao.eus\/fr\/presse-et-publications\/demande-dacces-aux-medias\/\" \/>\n<meta property=\"og:site_name\" content=\"Mercabilbao\" \/>\n<meta name=\"twitter:card\" content=\"summary_large_image\" \/>\n<script type=\"application\/ld+json\" class=\"yoast-schema-graph\">{\"@context\":\"https:\/\/schema.org\",\"@graph\":[{\"@type\":\"WebSite\",\"@id\":\"https:\/\/www.mercabilbao.eus\/fr\/#website\",\"url\":\"https:\/\/www.mercabilbao.eus\/fr\/\",\"name\":\"Mercabilbao\",\"description\":\"Mercabilbao es el mayor centro de distribuci\u00f3n de alimentos perecederos del Norte de la Pen\u00ednsula Ib\u00e9rica.\",\"potentialAction\":[{\"@type\":\"SearchAction\",\"target\":{\"@type\":\"EntryPoint\",\"urlTemplate\":\"https:\/\/www.mercabilbao.eus\/fr\/?s={search_term_string}\"},\"query-input\":\"required name=search_term_string\"}],\"inLanguage\":\"fr-FR\"},{\"@type\":\"WebPage\",\"@id\":\"https:\/\/www.mercabilbao.eus\/fr\/presse-et-publications\/demande-dacces-aux-medias\/\",\"url\":\"https:\/\/www.mercabilbao.eus\/fr\/presse-et-publications\/demande-dacces-aux-medias\/\",\"name\":\"Demande d\u2019acc\u00e8s aux m\u00e9dias - Mercabilbao\",\"isPartOf\":{\"@id\":\"https:\/\/www.mercabilbao.eus\/fr\/#website\"},\"datePublished\":\"2018-02-05T14:37:10+00:00\",\"dateModified\":\"2018-02-05T14:37:10+00:00\",\"breadcrumb\":{\"@id\":\"https:\/\/www.mercabilbao.eus\/fr\/presse-et-publications\/demande-dacces-aux-medias\/#breadcrumb\"},\"inLanguage\":\"fr-FR\",\"potentialAction\":[{\"@type\":\"ReadAction\",\"target\":[\"https:\/\/www.mercabilbao.eus\/fr\/presse-et-publications\/demande-dacces-aux-medias\/\"]}]},{\"@type\":\"BreadcrumbList\",\"@id\":\"https:\/\/www.mercabilbao.eus\/fr\/presse-et-publications\/demande-dacces-aux-medias\/#breadcrumb\",\"itemListElement\":[{\"@type\":\"ListItem\",\"position\":1,\"name\":\"Portada\",\"item\":\"https:\/\/www.mercabilbao.eus\/fr\/\"},{\"@type\":\"ListItem\",\"position\":2,\"name\":\"Presse et publications\",\"item\":\"https:\/\/www.mercabilbao.eus\/fr\/presse-et-publications\/\"},{\"@type\":\"ListItem\",\"position\":3,\"name\":\"Demande d\u2019acc\u00e8s aux m\u00e9dias\"}]}]}<\/script>\n<!-- \/ Yoast SEO plugin. -->","yoast_head_json":{"title":"Demande d\u2019acc\u00e8s aux m\u00e9dias - Mercabilbao","robots":{"index":"index","follow":"follow","max-snippet":"max-snippet:-1","max-image-preview":"max-image-preview:large","max-video-preview":"max-video-preview:-1"},"canonical":"https:\/\/www.mercabilbao.eus\/fr\/presse-et-publications\/demande-dacces-aux-medias\/","og_locale":"fr_FR","og_type":"article","og_title":"Demande d\u2019acc\u00e8s aux m\u00e9dias - Mercabilbao","og_url":"https:\/\/www.mercabilbao.eus\/fr\/presse-et-publications\/demande-dacces-aux-medias\/","og_site_name":"Mercabilbao","twitter_card":"summary_large_image","schema":{"@context":"https:\/\/schema.org","@graph":[{"@type":"WebSite","@id":"https:\/\/www.mercabilbao.eus\/fr\/#website","url":"https:\/\/www.mercabilbao.eus\/fr\/","name":"Mercabilbao","description":"Mercabilbao es el mayor centro de distribuci\u00f3n de alimentos perecederos del Norte de la Pen\u00ednsula Ib\u00e9rica.","potentialAction":[{"@type":"SearchAction","target":{"@type":"EntryPoint","urlTemplate":"https:\/\/www.mercabilbao.eus\/fr\/?s={search_term_string}"},"query-input":"required name=search_term_string"}],"inLanguage":"fr-FR"},{"@type":"WebPage","@id":"https:\/\/www.mercabilbao.eus\/fr\/presse-et-publications\/demande-dacces-aux-medias\/","url":"https:\/\/www.mercabilbao.eus\/fr\/presse-et-publications\/demande-dacces-aux-medias\/","name":"Demande d\u2019acc\u00e8s aux m\u00e9dias - Mercabilbao","isPartOf":{"@id":"https:\/\/www.mercabilbao.eus\/fr\/#website"},"datePublished":"2018-02-05T14:37:10+00:00","dateModified":"2018-02-05T14:37:10+00:00","breadcrumb":{"@id":"https:\/\/www.mercabilbao.eus\/fr\/presse-et-publications\/demande-dacces-aux-medias\/#breadcrumb"},"inLanguage":"fr-FR","potentialAction":[{"@type":"ReadAction","target":["https:\/\/www.mercabilbao.eus\/fr\/presse-et-publications\/demande-dacces-aux-medias\/"]}]},{"@type":"BreadcrumbList","@id":"https:\/\/www.mercabilbao.eus\/fr\/presse-et-publications\/demande-dacces-aux-medias\/#breadcrumb","itemListElement":[{"@type":"ListItem","position":1,"name":"Portada","item":"https:\/\/www.mercabilbao.eus\/fr\/"},{"@type":"ListItem","position":2,"name":"Presse et publications","item":"https:\/\/www.mercabilbao.eus\/fr\/presse-et-publications\/"},{"@type":"ListItem","position":3,"name":"Demande d\u2019acc\u00e8s aux m\u00e9dias"}]}]}},"_links":{"self":[{"href":"https:\/\/www.mercabilbao.eus\/fr\/wp-json\/wp\/v2\/pages\/1756","targetHints":{"allow":["GET"]}}],"collection":[{"href":"https:\/\/www.mercabilbao.eus\/fr\/wp-json\/wp\/v2\/pages"}],"about":[{"href":"https:\/\/www.mercabilbao.eus\/fr\/wp-json\/wp\/v2\/types\/page"}],"author":[{"embeddable":true,"href":"https:\/\/www.mercabilbao.eus\/fr\/wp-json\/wp\/v2\/users\/1"}],"replies":[{"embeddable":true,"href":"https:\/\/www.mercabilbao.eus\/fr\/wp-json\/wp\/v2\/comments?post=1756"}],"version-history":[{"count":0,"href":"https:\/\/www.mercabilbao.eus\/fr\/wp-json\/wp\/v2\/pages\/1756\/revisions"}],"up":[{"embeddable":true,"href":"https:\/\/www.mercabilbao.eus\/fr\/wp-json\/wp\/v2\/pages\/1650"}],"wp:attachment":[{"href":"https:\/\/www.mercabilbao.eus\/fr\/wp-json\/wp\/v2\/media?parent=1756"}],"curies":[{"name":"wp","href":"https:\/\/api.w.org\/{rel}","templated":true}]}}