{"id":1762,"date":"2018-02-06T18:15:29","date_gmt":"2018-02-06T18:15:29","guid":{"rendered":"https:\/\/www.mercabilbao.eus\/recherche-dentreprises\/"},"modified":"2020-03-23T14:59:45","modified_gmt":"2020-03-23T13:59:45","slug":"recherche-dentreprises","status":"publish","type":"page","link":"https:\/\/www.mercabilbao.eus\/fr\/information-pratique\/recherche-dentreprises\/","title":{"rendered":"Recherche d\u2019entreprises"},"content":{"rendered":"<p class=\"text-left\">Mercabilbao ouvre ses portes \u00e0 tous les professionnels, institutions, centres scolaires et associations qui veulent d\u00e9couvrir l\u2019activit\u00e9 men\u00e9e \u00e0 bien dans un march\u00e9 de gros.<\/p>\n","protected":false},"excerpt":{"rendered":"<p>Mercabilbao ouvre ses portes \u00e0 tous les professionnels, institutions, centres scolaires et associations qui veulent d\u00e9couvrir l\u2019activit\u00e9 men\u00e9e \u00e0 bien dans un march\u00e9 de gros.<\/p>\n","protected":false},"author":1,"featured_media":0,"parent":1644,"menu_order":10,"comment_status":"closed","ping_status":"closed","template":"page-sidebar-companies.php","meta":{"footnotes":""},"class_list":["post-1762","page","type-page","status-publish","hentry"],"yoast_head":"<!-- This site is optimized with the Yoast SEO plugin v19.3 - https:\/\/yoast.com\/wordpress\/plugins\/seo\/ -->\n<title>Recherche d\u2019entreprises - Mercabilbao<\/title>\n<meta name=\"description\" content=\"Mercabilbao ouvre ses portes \u00e0 tous les professionnels, institutions, centres scolaires et associations qui veulent d\u00e9couvrir l\u2019activit\u00e9 men\u00e9e \u00e0 bien dans un march\u00e9 de gros.\" \/>\n<meta name=\"robots\" content=\"index, follow, max-snippet:-1, max-image-preview:large, max-video-preview:-1\" \/>\n<link rel=\"canonical\" href=\"https:\/\/www.mercabilbao.eus\/fr\/information-pratique\/recherche-dentreprises\/\" \/>\n<meta property=\"og:locale\" content=\"fr_FR\" \/>\n<meta property=\"og:type\" content=\"article\" \/>\n<meta property=\"og:title\" content=\"Recherche d\u2019entreprises - Mercabilbao\" \/>\n<meta property=\"og:description\" content=\"Mercabilbao ouvre ses portes \u00e0 tous les professionnels, institutions, centres scolaires et associations qui veulent d\u00e9couvrir l\u2019activit\u00e9 men\u00e9e \u00e0 bien dans un march\u00e9 de gros.\" \/>\n<meta property=\"og:url\" content=\"https:\/\/www.mercabilbao.eus\/fr\/information-pratique\/recherche-dentreprises\/\" \/>\n<meta property=\"og:site_name\" content=\"Mercabilbao\" \/>\n<meta property=\"article:modified_time\" content=\"2020-03-23T13:59:45+00:00\" \/>\n<meta name=\"twitter:card\" content=\"summary_large_image\" \/>\n<script type=\"application\/ld+json\" class=\"yoast-schema-graph\">{\"@context\":\"https:\/\/schema.org\",\"@graph\":[{\"@type\":\"WebSite\",\"@id\":\"https:\/\/www.mercabilbao.eus\/fr\/#website\",\"url\":\"https:\/\/www.mercabilbao.eus\/fr\/\",\"name\":\"Mercabilbao\",\"description\":\"Mercabilbao es el mayor centro de distribuci\u00f3n de alimentos perecederos del Norte de la Pen\u00ednsula Ib\u00e9rica.\",\"potentialAction\":[{\"@type\":\"SearchAction\",\"target\":{\"@type\":\"EntryPoint\",\"urlTemplate\":\"https:\/\/www.mercabilbao.eus\/fr\/?s={search_term_string}\"},\"query-input\":\"required name=search_term_string\"}],\"inLanguage\":\"fr-FR\"},{\"@type\":\"WebPage\",\"@id\":\"https:\/\/www.mercabilbao.eus\/fr\/information-pratique\/recherche-dentreprises\/\",\"url\":\"https:\/\/www.mercabilbao.eus\/fr\/information-pratique\/recherche-dentreprises\/\",\"name\":\"Recherche d\u2019entreprises - Mercabilbao\",\"isPartOf\":{\"@id\":\"https:\/\/www.mercabilbao.eus\/fr\/#website\"},\"datePublished\":\"2018-02-06T18:15:29+00:00\",\"dateModified\":\"2020-03-23T13:59:45+00:00\",\"description\":\"Mercabilbao ouvre ses portes \u00e0 tous les professionnels, institutions, centres scolaires et associations qui veulent d\u00e9couvrir l\u2019activit\u00e9 men\u00e9e \u00e0 bien dans un march\u00e9 de gros.\",\"breadcrumb\":{\"@id\":\"https:\/\/www.mercabilbao.eus\/fr\/information-pratique\/recherche-dentreprises\/#breadcrumb\"},\"inLanguage\":\"fr-FR\",\"potentialAction\":[{\"@type\":\"ReadAction\",\"target\":[\"https:\/\/www.mercabilbao.eus\/fr\/information-pratique\/recherche-dentreprises\/\"]}]},{\"@type\":\"BreadcrumbList\",\"@id\":\"https:\/\/www.mercabilbao.eus\/fr\/information-pratique\/recherche-dentreprises\/#breadcrumb\",\"itemListElement\":[{\"@type\":\"ListItem\",\"position\":1,\"name\":\"Portada\",\"item\":\"https:\/\/www.mercabilbao.eus\/fr\/\"},{\"@type\":\"ListItem\",\"position\":2,\"name\":\"Information pratique\",\"item\":\"https:\/\/www.mercabilbao.eus\/fr\/information-pratique\/\"},{\"@type\":\"ListItem\",\"position\":3,\"name\":\"Recherche d\u2019entreprises\"}]}]}<\/script>\n<!-- \/ Yoast SEO plugin. -->","yoast_head_json":{"title":"Recherche d\u2019entreprises - Mercabilbao","description":"Mercabilbao ouvre ses portes \u00e0 tous les professionnels, institutions, centres scolaires et associations qui veulent d\u00e9couvrir l\u2019activit\u00e9 men\u00e9e \u00e0 bien dans un march\u00e9 de gros.","robots":{"index":"index","follow":"follow","max-snippet":"max-snippet:-1","max-image-preview":"max-image-preview:large","max-video-preview":"max-video-preview:-1"},"canonical":"https:\/\/www.mercabilbao.eus\/fr\/information-pratique\/recherche-dentreprises\/","og_locale":"fr_FR","og_type":"article","og_title":"Recherche d\u2019entreprises - Mercabilbao","og_description":"Mercabilbao ouvre ses portes \u00e0 tous les professionnels, institutions, centres scolaires et associations qui veulent d\u00e9couvrir l\u2019activit\u00e9 men\u00e9e \u00e0 bien dans un march\u00e9 de gros.","og_url":"https:\/\/www.mercabilbao.eus\/fr\/information-pratique\/recherche-dentreprises\/","og_site_name":"Mercabilbao","article_modified_time":"2020-03-23T13:59:45+00:00","twitter_card":"summary_large_image","schema":{"@context":"https:\/\/schema.org","@graph":[{"@type":"WebSite","@id":"https:\/\/www.mercabilbao.eus\/fr\/#website","url":"https:\/\/www.mercabilbao.eus\/fr\/","name":"Mercabilbao","description":"Mercabilbao es el mayor centro de distribuci\u00f3n de alimentos perecederos del Norte de la Pen\u00ednsula Ib\u00e9rica.","potentialAction":[{"@type":"SearchAction","target":{"@type":"EntryPoint","urlTemplate":"https:\/\/www.mercabilbao.eus\/fr\/?s={search_term_string}"},"query-input":"required name=search_term_string"}],"inLanguage":"fr-FR"},{"@type":"WebPage","@id":"https:\/\/www.mercabilbao.eus\/fr\/information-pratique\/recherche-dentreprises\/","url":"https:\/\/www.mercabilbao.eus\/fr\/information-pratique\/recherche-dentreprises\/","name":"Recherche d\u2019entreprises - Mercabilbao","isPartOf":{"@id":"https:\/\/www.mercabilbao.eus\/fr\/#website"},"datePublished":"2018-02-06T18:15:29+00:00","dateModified":"2020-03-23T13:59:45+00:00","description":"Mercabilbao ouvre ses portes \u00e0 tous les professionnels, institutions, centres scolaires et associations qui veulent d\u00e9couvrir l\u2019activit\u00e9 men\u00e9e \u00e0 bien dans un march\u00e9 de gros.","breadcrumb":{"@id":"https:\/\/www.mercabilbao.eus\/fr\/information-pratique\/recherche-dentreprises\/#breadcrumb"},"inLanguage":"fr-FR","potentialAction":[{"@type":"ReadAction","target":["https:\/\/www.mercabilbao.eus\/fr\/information-pratique\/recherche-dentreprises\/"]}]},{"@type":"BreadcrumbList","@id":"https:\/\/www.mercabilbao.eus\/fr\/information-pratique\/recherche-dentreprises\/#breadcrumb","itemListElement":[{"@type":"ListItem","position":1,"name":"Portada","item":"https:\/\/www.mercabilbao.eus\/fr\/"},{"@type":"ListItem","position":2,"name":"Information pratique","item":"https:\/\/www.mercabilbao.eus\/fr\/information-pratique\/"},{"@type":"ListItem","position":3,"name":"Recherche d\u2019entreprises"}]}]}},"_links":{"self":[{"href":"https:\/\/www.mercabilbao.eus\/fr\/wp-json\/wp\/v2\/pages\/1762","targetHints":{"allow":["GET"]}}],"collection":[{"href":"https:\/\/www.mercabilbao.eus\/fr\/wp-json\/wp\/v2\/pages"}],"about":[{"href":"https:\/\/www.mercabilbao.eus\/fr\/wp-json\/wp\/v2\/types\/page"}],"author":[{"embeddable":true,"href":"https:\/\/www.mercabilbao.eus\/fr\/wp-json\/wp\/v2\/users\/1"}],"replies":[{"embeddable":true,"href":"https:\/\/www.mercabilbao.eus\/fr\/wp-json\/wp\/v2\/comments?post=1762"}],"version-history":[{"count":1,"href":"https:\/\/www.mercabilbao.eus\/fr\/wp-json\/wp\/v2\/pages\/1762\/revisions"}],"predecessor-version":[{"id":2557,"href":"https:\/\/www.mercabilbao.eus\/fr\/wp-json\/wp\/v2\/pages\/1762\/revisions\/2557"}],"up":[{"embeddable":true,"href":"https:\/\/www.mercabilbao.eus\/fr\/wp-json\/wp\/v2\/pages\/1644"}],"wp:attachment":[{"href":"https:\/\/www.mercabilbao.eus\/fr\/wp-json\/wp\/v2\/media?parent=1762"}],"curies":[{"name":"wp","href":"https:\/\/api.w.org\/{rel}","templated":true}]}}