{"id":1779,"date":"2018-02-07T18:06:43","date_gmt":"2018-02-07T18:06:43","guid":{"rendered":"https:\/\/www.mercabilbao.eus\/collaborations\/"},"modified":"2020-03-23T15:26:49","modified_gmt":"2020-03-23T14:26:49","slug":"collaborations","status":"publish","type":"page","link":"https:\/\/www.mercabilbao.eus\/fr\/collaborations\/","title":{"rendered":"Collaborations"},"content":{"rendered":"<h1>Collaborations<\/h1>\n<h2>Banque alimentaire<\/h2>\n<p class=\"text-left\"><img decoding=\"async\" src=\"\/wp-content\/uploads\/2018\/02\/bancoALIMENTOS.gif\" alt=\"Banque alimentaire\" \/><\/p>\n<p class=\"text-left\">Mercabilbao collabore depuis plus d\u2019une dizaine d\u2019ann\u00e9es avec la Banque Alimentaire de Biscaye, qui dispose d\u2019un local dans les installations, o\u00f9 sont recueillis quotidiennement les dons effectu\u00e9s par les entreprises grossistes, pour \u00eatre distribu\u00e9s ult\u00e9rieurement.<\/p>\n<p class=\"text-left\"><a href=\"https:\/\/www.bancali-biz.org\/es\/\" target=\"_blank\" rel=\"noopener noreferrer\">www.bancali-biz.org<\/a><\/p>\n<h2>AECC<\/h2>\n<p class=\"text-left\"><img decoding=\"async\" src=\"\/wp-content\/uploads\/2018\/02\/LOGOcancer.gif\" alt=\"AECC\" \/><\/p>\n<p class=\"text-left\">De m\u00eame, Mercabilbao poursuit sa coop\u00e9ration avec la D\u00e9l\u00e9gation de Biscaye de l\u2019Association de Lutte contre le Cancer, en participant aux campagnes g\u00e9n\u00e9rales de conscientisation pour une alimentation saine, ainsi qu\u2019\u00e0 celles qui sont organis\u00e9es chaque ann\u00e9e dans les \u00e9tablissements scolaires de plusieurs communes.<\/p>\n<p class=\"text-left\"><a href=\"https:\/\/www.aecc.es\/Paginas\/PaginaPrincipal.aspx\" target=\"_blank\" rel=\"noopener noreferrer\">www.aecc.es<\/a><\/p>\n<h2>\u201c5 par jour\u201d<\/h2>\n<p class=\"text-left\"><img decoding=\"async\" src=\"https:\/\/www.mercabilbao.eus\/wp-content\/uploads\/2018\/02\/5aldia.gif\" alt=\"5 par jour\" \/><\/p>\n<p class=\"text-left\">Mercabilbao est membre actif de l\u2019Association pour la Promotion de la Consommation de Fruits et L\u00e9gumes \u201c5 par jour.<\/p>\n<p class=\"text-left\"><a href=\"http:\/\/www.5aldia.org\/\" target=\"_blank\" rel=\"noopener noreferrer\">www.5aldia.org<\/a><\/p>\n","protected":false},"excerpt":{"rendered":"<p>Collaborations Banque alimentaire Mercabilbao collabore depuis plus d\u2019une dizaine d\u2019ann\u00e9es avec la Banque Alimentaire de Biscaye, qui dispose d\u2019un local dans les installations, o\u00f9 sont recueillis quotidiennement les dons effectu\u00e9s [&hellip;]<\/p>\n","protected":false},"author":1,"featured_media":0,"parent":0,"menu_order":600,"comment_status":"closed","ping_status":"closed","template":"","meta":{"footnotes":""},"class_list":["post-1779","page","type-page","status-publish","hentry"],"yoast_head":"<!-- This site is optimized with the Yoast SEO plugin v19.3 - https:\/\/yoast.com\/wordpress\/plugins\/seo\/ -->\n<title>Collaborations - Mercabilbao<\/title>\n<meta name=\"description\" content=\"Collaborations Banque alimentaire Mercabilbao collabore depuis plus d\u2019une dizaine d\u2019ann\u00e9es avec la Banque Alimentaire de Biscaye, qui dispose d\u2019un local dans les installations, o\u00f9 sont recueillis quotidiennement les dons effectu\u00e9s par les entreprises grossistes, pour \u00eatre distribu\u00e9s ult\u00e9rieurement. www.bancali-biz.org\" \/>\n<meta name=\"robots\" content=\"index, follow, max-snippet:-1, max-image-preview:large, max-video-preview:-1\" \/>\n<link rel=\"canonical\" href=\"https:\/\/www.mercabilbao.eus\/fr\/collaborations\/\" \/>\n<meta property=\"og:locale\" content=\"fr_FR\" \/>\n<meta property=\"og:type\" content=\"article\" \/>\n<meta property=\"og:title\" content=\"Collaborations - Mercabilbao\" \/>\n<meta property=\"og:description\" content=\"Collaborations Banque alimentaire Mercabilbao collabore depuis plus d\u2019une dizaine d\u2019ann\u00e9es avec la Banque Alimentaire de Biscaye, qui dispose d\u2019un local dans les installations, o\u00f9 sont recueillis quotidiennement les dons effectu\u00e9s par les entreprises grossistes, pour \u00eatre distribu\u00e9s ult\u00e9rieurement. www.bancali-biz.org\" \/>\n<meta property=\"og:url\" content=\"https:\/\/www.mercabilbao.eus\/fr\/collaborations\/\" \/>\n<meta property=\"og:site_name\" content=\"Mercabilbao\" \/>\n<meta property=\"article:modified_time\" content=\"2020-03-23T14:26:49+00:00\" \/>\n<meta property=\"og:image\" content=\"https:\/\/www.mercabilbao.eus\/wp-content\/uploads\/2018\/02\/5aldia.gif\" \/>\n<meta name=\"twitter:card\" content=\"summary_large_image\" \/>\n<meta name=\"twitter:label1\" content=\"Dur\u00e9e de lecture estim\u00e9e\" \/>\n\t<meta name=\"twitter:data1\" content=\"1 minute\" \/>\n<script type=\"application\/ld+json\" class=\"yoast-schema-graph\">{\"@context\":\"https:\/\/schema.org\",\"@graph\":[{\"@type\":\"WebSite\",\"@id\":\"https:\/\/www.mercabilbao.eus\/fr\/#website\",\"url\":\"https:\/\/www.mercabilbao.eus\/fr\/\",\"name\":\"Mercabilbao\",\"description\":\"Mercabilbao es el mayor centro de distribuci\u00f3n de alimentos perecederos del Norte de la Pen\u00ednsula Ib\u00e9rica.\",\"potentialAction\":[{\"@type\":\"SearchAction\",\"target\":{\"@type\":\"EntryPoint\",\"urlTemplate\":\"https:\/\/www.mercabilbao.eus\/fr\/?s={search_term_string}\"},\"query-input\":\"required name=search_term_string\"}],\"inLanguage\":\"fr-FR\"},{\"@type\":\"ImageObject\",\"inLanguage\":\"fr-FR\",\"@id\":\"https:\/\/www.mercabilbao.eus\/fr\/collaborations\/#primaryimage\",\"url\":\"https:\/\/www.mercabilbao.eus\/wp-content\/uploads\/2018\/02\/5aldia.gif\",\"contentUrl\":\"https:\/\/www.mercabilbao.eus\/wp-content\/uploads\/2018\/02\/5aldia.gif\",\"width\":179,\"height\":151},{\"@type\":\"WebPage\",\"@id\":\"https:\/\/www.mercabilbao.eus\/fr\/collaborations\/\",\"url\":\"https:\/\/www.mercabilbao.eus\/fr\/collaborations\/\",\"name\":\"Collaborations - Mercabilbao\",\"isPartOf\":{\"@id\":\"https:\/\/www.mercabilbao.eus\/fr\/#website\"},\"primaryImageOfPage\":{\"@id\":\"https:\/\/www.mercabilbao.eus\/fr\/collaborations\/#primaryimage\"},\"datePublished\":\"2018-02-07T18:06:43+00:00\",\"dateModified\":\"2020-03-23T14:26:49+00:00\",\"description\":\"Collaborations Banque alimentaire Mercabilbao collabore depuis plus d\u2019une dizaine d\u2019ann\u00e9es avec la Banque Alimentaire de Biscaye, qui dispose d\u2019un local dans les installations, o\u00f9 sont recueillis quotidiennement les dons effectu\u00e9s par les entreprises grossistes, pour \u00eatre distribu\u00e9s ult\u00e9rieurement. www.bancali-biz.org\",\"breadcrumb\":{\"@id\":\"https:\/\/www.mercabilbao.eus\/fr\/collaborations\/#breadcrumb\"},\"inLanguage\":\"fr-FR\",\"potentialAction\":[{\"@type\":\"ReadAction\",\"target\":[\"https:\/\/www.mercabilbao.eus\/fr\/collaborations\/\"]}]},{\"@type\":\"BreadcrumbList\",\"@id\":\"https:\/\/www.mercabilbao.eus\/fr\/collaborations\/#breadcrumb\",\"itemListElement\":[{\"@type\":\"ListItem\",\"position\":1,\"name\":\"Portada\",\"item\":\"https:\/\/www.mercabilbao.eus\/fr\/\"},{\"@type\":\"ListItem\",\"position\":2,\"name\":\"Collaborations\"}]}]}<\/script>\n<!-- \/ Yoast SEO plugin. -->","yoast_head_json":{"title":"Collaborations - Mercabilbao","description":"Collaborations Banque alimentaire Mercabilbao collabore depuis plus d\u2019une dizaine d\u2019ann\u00e9es avec la Banque Alimentaire de Biscaye, qui dispose d\u2019un local dans les installations, o\u00f9 sont recueillis quotidiennement les dons effectu\u00e9s par les entreprises grossistes, pour \u00eatre distribu\u00e9s ult\u00e9rieurement. www.bancali-biz.org","robots":{"index":"index","follow":"follow","max-snippet":"max-snippet:-1","max-image-preview":"max-image-preview:large","max-video-preview":"max-video-preview:-1"},"canonical":"https:\/\/www.mercabilbao.eus\/fr\/collaborations\/","og_locale":"fr_FR","og_type":"article","og_title":"Collaborations - Mercabilbao","og_description":"Collaborations Banque alimentaire Mercabilbao collabore depuis plus d\u2019une dizaine d\u2019ann\u00e9es avec la Banque Alimentaire de Biscaye, qui dispose d\u2019un local dans les installations, o\u00f9 sont recueillis quotidiennement les dons effectu\u00e9s par les entreprises grossistes, pour \u00eatre distribu\u00e9s ult\u00e9rieurement. www.bancali-biz.org","og_url":"https:\/\/www.mercabilbao.eus\/fr\/collaborations\/","og_site_name":"Mercabilbao","article_modified_time":"2020-03-23T14:26:49+00:00","og_image":[{"url":"https:\/\/www.mercabilbao.eus\/wp-content\/uploads\/2018\/02\/5aldia.gif"}],"twitter_card":"summary_large_image","twitter_misc":{"Dur\u00e9e de lecture estim\u00e9e":"1 minute"},"schema":{"@context":"https:\/\/schema.org","@graph":[{"@type":"WebSite","@id":"https:\/\/www.mercabilbao.eus\/fr\/#website","url":"https:\/\/www.mercabilbao.eus\/fr\/","name":"Mercabilbao","description":"Mercabilbao es el mayor centro de distribuci\u00f3n de alimentos perecederos del Norte de la Pen\u00ednsula Ib\u00e9rica.","potentialAction":[{"@type":"SearchAction","target":{"@type":"EntryPoint","urlTemplate":"https:\/\/www.mercabilbao.eus\/fr\/?s={search_term_string}"},"query-input":"required name=search_term_string"}],"inLanguage":"fr-FR"},{"@type":"ImageObject","inLanguage":"fr-FR","@id":"https:\/\/www.mercabilbao.eus\/fr\/collaborations\/#primaryimage","url":"https:\/\/www.mercabilbao.eus\/wp-content\/uploads\/2018\/02\/5aldia.gif","contentUrl":"https:\/\/www.mercabilbao.eus\/wp-content\/uploads\/2018\/02\/5aldia.gif","width":179,"height":151},{"@type":"WebPage","@id":"https:\/\/www.mercabilbao.eus\/fr\/collaborations\/","url":"https:\/\/www.mercabilbao.eus\/fr\/collaborations\/","name":"Collaborations - Mercabilbao","isPartOf":{"@id":"https:\/\/www.mercabilbao.eus\/fr\/#website"},"primaryImageOfPage":{"@id":"https:\/\/www.mercabilbao.eus\/fr\/collaborations\/#primaryimage"},"datePublished":"2018-02-07T18:06:43+00:00","dateModified":"2020-03-23T14:26:49+00:00","description":"Collaborations Banque alimentaire Mercabilbao collabore depuis plus d\u2019une dizaine d\u2019ann\u00e9es avec la Banque Alimentaire de Biscaye, qui dispose d\u2019un local dans les installations, o\u00f9 sont recueillis quotidiennement les dons effectu\u00e9s par les entreprises grossistes, pour \u00eatre distribu\u00e9s ult\u00e9rieurement. www.bancali-biz.org","breadcrumb":{"@id":"https:\/\/www.mercabilbao.eus\/fr\/collaborations\/#breadcrumb"},"inLanguage":"fr-FR","potentialAction":[{"@type":"ReadAction","target":["https:\/\/www.mercabilbao.eus\/fr\/collaborations\/"]}]},{"@type":"BreadcrumbList","@id":"https:\/\/www.mercabilbao.eus\/fr\/collaborations\/#breadcrumb","itemListElement":[{"@type":"ListItem","position":1,"name":"Portada","item":"https:\/\/www.mercabilbao.eus\/fr\/"},{"@type":"ListItem","position":2,"name":"Collaborations"}]}]}},"_links":{"self":[{"href":"https:\/\/www.mercabilbao.eus\/fr\/wp-json\/wp\/v2\/pages\/1779","targetHints":{"allow":["GET"]}}],"collection":[{"href":"https:\/\/www.mercabilbao.eus\/fr\/wp-json\/wp\/v2\/pages"}],"about":[{"href":"https:\/\/www.mercabilbao.eus\/fr\/wp-json\/wp\/v2\/types\/page"}],"author":[{"embeddable":true,"href":"https:\/\/www.mercabilbao.eus\/fr\/wp-json\/wp\/v2\/users\/1"}],"replies":[{"embeddable":true,"href":"https:\/\/www.mercabilbao.eus\/fr\/wp-json\/wp\/v2\/comments?post=1779"}],"version-history":[{"count":1,"href":"https:\/\/www.mercabilbao.eus\/fr\/wp-json\/wp\/v2\/pages\/1779\/revisions"}],"predecessor-version":[{"id":2596,"href":"https:\/\/www.mercabilbao.eus\/fr\/wp-json\/wp\/v2\/pages\/1779\/revisions\/2596"}],"wp:attachment":[{"href":"https:\/\/www.mercabilbao.eus\/fr\/wp-json\/wp\/v2\/media?parent=1779"}],"curies":[{"name":"wp","href":"https:\/\/api.w.org\/{rel}","templated":true}]}}