{"id":1933,"date":"2018-02-09T18:16:57","date_gmt":"2018-02-09T18:16:57","guid":{"rendered":"https:\/\/www.mercabilbao.eus\/liens-vers-dautres-marches\/"},"modified":"2020-03-23T15:32:42","modified_gmt":"2020-03-23T14:32:42","slug":"liens-vers-dautres-marches","status":"publish","type":"page","link":"https:\/\/www.mercabilbao.eus\/fr\/liens-vers-dautres-marches\/","title":{"rendered":"Liens vers d\u00e1utres marches"},"content":{"rendered":"<p><b>AYUNTAMIENTO DE BILBAO<\/b><br \/>\n<a href=\"http:\/\/www.bilbao.eus\" target=\"_blank\" rel=\"noopener noreferrer\">www.bilbao.eus<\/a><\/p>\n<p><b>E. N. MERCASA<\/b><br \/>\n<a href=\"http:\/\/www.mercasa.es\" target=\"_blank\" rel=\"noopener noreferrer\">www.mercasa.es<\/a><\/p>\n<p>&lt;!&#8211;<\/p>\n<p><b>MERCADO DE LA RIBERA<\/b><br \/>\n<a href=\"http:\/\/www.mercadodelaribera.com\" target=\"_blank\" rel=\"noopener noreferrer\">www.mercadodelaribera.com<\/a><\/p>\n<p>&#8211;!&gt;<\/p>\n<h2>R\u00c9SEAU DE MARCH\u00c9S:<\/h2>\n<p><b>MERCALICANTE<\/b><br \/>\n<a href=\"http:\/\/www.mercalicante.com\" target=\"_blank\" rel=\"noopener noreferrer\">www.mercalicante.com<\/a><\/p>\n<p><b>MERCASTURIAS<\/b><br \/>\n<a href=\"http:\/\/www.mercasturias.com\" target=\"_blank\" rel=\"noopener noreferrer\">www.mercasturias.com<\/a><\/p>\n<p><b>MERCABARNA<\/b><br \/>\n<a href=\"http:\/\/www.mercabarna.es\" target=\"_blank\" rel=\"noopener noreferrer\">www.mercabarna.es<\/a><\/p>\n<p><b>MERCACORDOBA<\/b><br \/>\n<a href=\"http:\/\/www.mercacordoba.es\" target=\"_blank\" rel=\"noopener noreferrer\">www.mercacordoba.es<\/a><\/p>\n<p><b>MERCAGALICIA<\/b><br \/>\n<a href=\"http:\/\/www.mercagalicia.gal\" target=\"_blank\" rel=\"noopener noreferrer\">www.mercagalicia.gal<\/a><\/p>\n<p><b>MERCAGRANADA<\/b><br \/>\n<a href=\"http:\/\/www.mercagranada.es\" target=\"_blank\" rel=\"noopener noreferrer\">www.mercagranada.es<\/a><\/p>\n<p><b>MERCAIRU\u00d1A<\/b><br \/>\n<a href=\"http:\/\/www.mercairuna.es\" target=\"_blank\" rel=\"noopener noreferrer\">www.mercairuna.es<\/a><\/p>\n<p><b>MERCAJEREZ<\/b><br \/>\n<a href=\"http:\/\/www.mercajerez.com\" target=\"_blank\" rel=\"noopener noreferrer\">www.mercajerez.com<\/a><\/p>\n<p><b>MERCALASPALMAS<\/b><br \/>\n<a href=\"http:\/\/www.mercalaspalmas.es\" target=\"_blank\" rel=\"noopener noreferrer\">www.mercalaspalmas.es<\/a><\/p>\n<p><b>MERCALEON<\/b><br \/>\n<a href=\"http:\/\/www.mercaleon.es\" target=\"_blank\" rel=\"noopener noreferrer\">www.mercaleon.es<\/a><\/p>\n<p><b>MERCAMADRID<\/b><br \/>\n<a href=\"http:\/\/www.mercamadrid.es\" target=\"_blank\" rel=\"noopener noreferrer\">www.mercamadrid.es<\/a><\/p>\n<p><b>MERCAMALAGA<\/b><br \/>\n<a href=\"http:\/\/www.mercamalaga.es\" target=\"_blank\" rel=\"noopener noreferrer\">www.mercamalaga.es<\/a><\/p>\n<p><b>MERCAMURCIA<\/b><br \/>\n<a href=\"http:\/\/www.mercamurcia.es\" target=\"_blank\" rel=\"noopener noreferrer\">www.mercamurcia.es<\/a><\/p>\n<p><b>MERCAPALMA<\/b><br \/>\n<a href=\"http:\/\/www.mercapalma.es\" target=\"_blank\" rel=\"noopener noreferrer\">www.mercapalma.es<\/a><\/p>\n<p><b>MERCASALAMANCA<\/b><br \/>\n<a href=\"http:\/\/www.mercasalamanca.com\" target=\"_blank\" rel=\"noopener noreferrer\">www.mercasalamanca.com<\/a><\/p>\n<p><b>MERCASANTANDER<\/b><br \/>\n<a href=\"http:\/\/www.mercasantander.com\" target=\"_blank\" rel=\"noopener noreferrer\">www.mercasantander.com<\/a><\/p>\n<p><b>MERCASEVILLA<\/b><br \/>\n<a href=\"http:\/\/www.mercasevilla.com\" target=\"_blank\" rel=\"noopener noreferrer\">www.mercasevilla.com<\/a><\/p>\n<p><b>MERCATENERIFE<\/b><br \/>\n<a href=\"http:\/\/www.mercatenerife.com\" target=\"_blank\" rel=\"noopener noreferrer\">www.mercatenerife.com<\/a><\/p>\n<p><b>MERCAVALENCIA<\/b><br \/>\n<a href=\"http:\/\/www.mercavalencia.es\" target=\"_blank\" rel=\"noopener noreferrer\">www.mercavalencia.es<\/a><\/p>\n<p><b>MERCAZARAGOZA<\/b><br \/>\n<a href=\"http:\/\/www.mercazaragoza.es\" target=\"_blank\" rel=\"noopener noreferrer\">www.mercazaragoza.es<\/a><\/p>\n<h2>D\u00b4AUTRES LIENS:<\/h2>\n<p><b>CLEANFEED<\/b><br \/>\n<a href=\"http:\/\/www.cleanfeed.net\" target=\"_blank\" rel=\"noopener noreferrer\">www.cleanfeed.net<\/a><\/p>\n<p><b>CLUSTER de ALIMENTACI\u00d3N<\/b><br \/>\n<a href=\"http:\/\/www.clusteralimentacion.com\" target=\"_blank\" rel=\"noopener noreferrer\">www.clusteralimentacion.com<\/a><\/p>\n<p><b>ASOCIACI\u00d3N 5 al D\u00eda<\/b><br \/>\n<a href=\"http:\/\/www.5aldia.org\" target=\"_blank\" rel=\"noopener noreferrer\">www.5aldia.org<\/a><\/p>\n","protected":false},"excerpt":{"rendered":"<p>AYUNTAMIENTO DE BILBAO www.bilbao.eus E. N. MERCASA www.mercasa.es &lt;!&#8211; MERCADO DE LA RIBERA www.mercadodelaribera.com &#8211;!&gt; R\u00c9SEAU DE MARCH\u00c9S: MERCALICANTE www.mercalicante.com MERCASTURIAS www.mercasturias.com MERCABARNA www.mercabarna.es MERCACORDOBA www.mercacordoba.es MERCAGALICIA www.mercagalicia.gal MERCAGRANADA www.mercagranada.es [&hellip;]<\/p>\n","protected":false},"author":1,"featured_media":0,"parent":0,"menu_order":1030,"comment_status":"closed","ping_status":"closed","template":"page-sidebar.php","meta":{"footnotes":""},"class_list":["post-1933","page","type-page","status-publish","hentry"],"yoast_head":"<!-- This site is optimized with the Yoast SEO plugin v19.3 - https:\/\/yoast.com\/wordpress\/plugins\/seo\/ -->\n<title>Liens vers d\u00e1utres marches - Mercabilbao<\/title>\n<meta name=\"description\" content=\"AYUNTAMIENTO DE BILBAO www.bilbao.net E. N. MERCASA www.mercasa.es MERCADO DE LA RIBERA www.mercadodelaribera.com R\u00c9SEAU DE MARCH\u00c9S: MERCALICANTE www.mercalicante.com MERCASTURIAS www.mercasturias.com MERCABARNA www.mercabarna.es MERCACORDOBA www.mercacordoba.com MERCAGALICIA www.mercagalicia.com MERCAGRANADA www.merca\" \/>\n<meta name=\"robots\" content=\"index, follow, max-snippet:-1, max-image-preview:large, max-video-preview:-1\" \/>\n<link rel=\"canonical\" href=\"https:\/\/www.mercabilbao.eus\/fr\/liens-vers-dautres-marches\/\" \/>\n<meta property=\"og:locale\" content=\"fr_FR\" \/>\n<meta property=\"og:type\" content=\"article\" \/>\n<meta property=\"og:title\" content=\"Liens vers d\u00e1utres marches - Mercabilbao\" \/>\n<meta property=\"og:description\" content=\"AYUNTAMIENTO DE BILBAO www.bilbao.net E. N. MERCASA www.mercasa.es MERCADO DE LA RIBERA www.mercadodelaribera.com R\u00c9SEAU DE MARCH\u00c9S: MERCALICANTE www.mercalicante.com MERCASTURIAS www.mercasturias.com MERCABARNA www.mercabarna.es MERCACORDOBA www.mercacordoba.com MERCAGALICIA www.mercagalicia.com MERCAGRANADA www.merca\" \/>\n<meta property=\"og:url\" content=\"https:\/\/www.mercabilbao.eus\/fr\/liens-vers-dautres-marches\/\" \/>\n<meta property=\"og:site_name\" content=\"Mercabilbao\" \/>\n<meta property=\"article:modified_time\" content=\"2020-03-23T14:32:42+00:00\" \/>\n<meta name=\"twitter:card\" content=\"summary_large_image\" \/>\n<meta name=\"twitter:label1\" content=\"Dur\u00e9e de lecture estim\u00e9e\" \/>\n\t<meta name=\"twitter:data1\" content=\"1 minute\" \/>\n<script type=\"application\/ld+json\" class=\"yoast-schema-graph\">{\"@context\":\"https:\/\/schema.org\",\"@graph\":[{\"@type\":\"WebSite\",\"@id\":\"https:\/\/www.mercabilbao.eus\/fr\/#website\",\"url\":\"https:\/\/www.mercabilbao.eus\/fr\/\",\"name\":\"Mercabilbao\",\"description\":\"Mercabilbao es el mayor centro de distribuci\u00f3n de alimentos perecederos del Norte de la Pen\u00ednsula Ib\u00e9rica.\",\"potentialAction\":[{\"@type\":\"SearchAction\",\"target\":{\"@type\":\"EntryPoint\",\"urlTemplate\":\"https:\/\/www.mercabilbao.eus\/fr\/?s={search_term_string}\"},\"query-input\":\"required name=search_term_string\"}],\"inLanguage\":\"fr-FR\"},{\"@type\":\"WebPage\",\"@id\":\"https:\/\/www.mercabilbao.eus\/fr\/liens-vers-dautres-marches\/\",\"url\":\"https:\/\/www.mercabilbao.eus\/fr\/liens-vers-dautres-marches\/\",\"name\":\"Liens vers d\u00e1utres marches - Mercabilbao\",\"isPartOf\":{\"@id\":\"https:\/\/www.mercabilbao.eus\/fr\/#website\"},\"datePublished\":\"2018-02-09T18:16:57+00:00\",\"dateModified\":\"2020-03-23T14:32:42+00:00\",\"description\":\"AYUNTAMIENTO DE BILBAO www.bilbao.net E. N. MERCASA www.mercasa.es MERCADO DE LA RIBERA www.mercadodelaribera.com R\u00c9SEAU DE MARCH\u00c9S: MERCALICANTE www.mercalicante.com MERCASTURIAS www.mercasturias.com MERCABARNA www.mercabarna.es MERCACORDOBA www.mercacordoba.com MERCAGALICIA www.mercagalicia.com MERCAGRANADA www.merca\",\"breadcrumb\":{\"@id\":\"https:\/\/www.mercabilbao.eus\/fr\/liens-vers-dautres-marches\/#breadcrumb\"},\"inLanguage\":\"fr-FR\",\"potentialAction\":[{\"@type\":\"ReadAction\",\"target\":[\"https:\/\/www.mercabilbao.eus\/fr\/liens-vers-dautres-marches\/\"]}]},{\"@type\":\"BreadcrumbList\",\"@id\":\"https:\/\/www.mercabilbao.eus\/fr\/liens-vers-dautres-marches\/#breadcrumb\",\"itemListElement\":[{\"@type\":\"ListItem\",\"position\":1,\"name\":\"Portada\",\"item\":\"https:\/\/www.mercabilbao.eus\/fr\/\"},{\"@type\":\"ListItem\",\"position\":2,\"name\":\"Liens vers d\u00e1utres marches\"}]}]}<\/script>\n<!-- \/ Yoast SEO plugin. -->","yoast_head_json":{"title":"Liens vers d\u00e1utres marches - Mercabilbao","description":"AYUNTAMIENTO DE BILBAO www.bilbao.net E. N. MERCASA www.mercasa.es MERCADO DE LA RIBERA www.mercadodelaribera.com R\u00c9SEAU DE MARCH\u00c9S: MERCALICANTE www.mercalicante.com MERCASTURIAS www.mercasturias.com MERCABARNA www.mercabarna.es MERCACORDOBA www.mercacordoba.com MERCAGALICIA www.mercagalicia.com MERCAGRANADA www.merca","robots":{"index":"index","follow":"follow","max-snippet":"max-snippet:-1","max-image-preview":"max-image-preview:large","max-video-preview":"max-video-preview:-1"},"canonical":"https:\/\/www.mercabilbao.eus\/fr\/liens-vers-dautres-marches\/","og_locale":"fr_FR","og_type":"article","og_title":"Liens vers d\u00e1utres marches - Mercabilbao","og_description":"AYUNTAMIENTO DE BILBAO www.bilbao.net E. N. MERCASA www.mercasa.es MERCADO DE LA RIBERA www.mercadodelaribera.com R\u00c9SEAU DE MARCH\u00c9S: MERCALICANTE www.mercalicante.com MERCASTURIAS www.mercasturias.com MERCABARNA www.mercabarna.es MERCACORDOBA www.mercacordoba.com MERCAGALICIA www.mercagalicia.com MERCAGRANADA www.merca","og_url":"https:\/\/www.mercabilbao.eus\/fr\/liens-vers-dautres-marches\/","og_site_name":"Mercabilbao","article_modified_time":"2020-03-23T14:32:42+00:00","twitter_card":"summary_large_image","twitter_misc":{"Dur\u00e9e de lecture estim\u00e9e":"1 minute"},"schema":{"@context":"https:\/\/schema.org","@graph":[{"@type":"WebSite","@id":"https:\/\/www.mercabilbao.eus\/fr\/#website","url":"https:\/\/www.mercabilbao.eus\/fr\/","name":"Mercabilbao","description":"Mercabilbao es el mayor centro de distribuci\u00f3n de alimentos perecederos del Norte de la Pen\u00ednsula Ib\u00e9rica.","potentialAction":[{"@type":"SearchAction","target":{"@type":"EntryPoint","urlTemplate":"https:\/\/www.mercabilbao.eus\/fr\/?s={search_term_string}"},"query-input":"required name=search_term_string"}],"inLanguage":"fr-FR"},{"@type":"WebPage","@id":"https:\/\/www.mercabilbao.eus\/fr\/liens-vers-dautres-marches\/","url":"https:\/\/www.mercabilbao.eus\/fr\/liens-vers-dautres-marches\/","name":"Liens vers d\u00e1utres marches - Mercabilbao","isPartOf":{"@id":"https:\/\/www.mercabilbao.eus\/fr\/#website"},"datePublished":"2018-02-09T18:16:57+00:00","dateModified":"2020-03-23T14:32:42+00:00","description":"AYUNTAMIENTO DE BILBAO www.bilbao.net E. N. MERCASA www.mercasa.es MERCADO DE LA RIBERA www.mercadodelaribera.com R\u00c9SEAU DE MARCH\u00c9S: MERCALICANTE www.mercalicante.com MERCASTURIAS www.mercasturias.com MERCABARNA www.mercabarna.es MERCACORDOBA www.mercacordoba.com MERCAGALICIA www.mercagalicia.com MERCAGRANADA www.merca","breadcrumb":{"@id":"https:\/\/www.mercabilbao.eus\/fr\/liens-vers-dautres-marches\/#breadcrumb"},"inLanguage":"fr-FR","potentialAction":[{"@type":"ReadAction","target":["https:\/\/www.mercabilbao.eus\/fr\/liens-vers-dautres-marches\/"]}]},{"@type":"BreadcrumbList","@id":"https:\/\/www.mercabilbao.eus\/fr\/liens-vers-dautres-marches\/#breadcrumb","itemListElement":[{"@type":"ListItem","position":1,"name":"Portada","item":"https:\/\/www.mercabilbao.eus\/fr\/"},{"@type":"ListItem","position":2,"name":"Liens vers d\u00e1utres marches"}]}]}},"_links":{"self":[{"href":"https:\/\/www.mercabilbao.eus\/fr\/wp-json\/wp\/v2\/pages\/1933","targetHints":{"allow":["GET"]}}],"collection":[{"href":"https:\/\/www.mercabilbao.eus\/fr\/wp-json\/wp\/v2\/pages"}],"about":[{"href":"https:\/\/www.mercabilbao.eus\/fr\/wp-json\/wp\/v2\/types\/page"}],"author":[{"embeddable":true,"href":"https:\/\/www.mercabilbao.eus\/fr\/wp-json\/wp\/v2\/users\/1"}],"replies":[{"embeddable":true,"href":"https:\/\/www.mercabilbao.eus\/fr\/wp-json\/wp\/v2\/comments?post=1933"}],"version-history":[{"count":1,"href":"https:\/\/www.mercabilbao.eus\/fr\/wp-json\/wp\/v2\/pages\/1933\/revisions"}],"predecessor-version":[{"id":2603,"href":"https:\/\/www.mercabilbao.eus\/fr\/wp-json\/wp\/v2\/pages\/1933\/revisions\/2603"}],"wp:attachment":[{"href":"https:\/\/www.mercabilbao.eus\/fr\/wp-json\/wp\/v2\/media?parent=1933"}],"curies":[{"name":"wp","href":"https:\/\/api.w.org\/{rel}","templated":true}]}}