{"id":2680,"date":"2020-03-31T05:41:06","date_gmt":"2020-03-31T04:41:06","guid":{"rendered":"https:\/\/www.mercabilbao.eus\/faqcovid19mercabilbao\/"},"modified":"2020-06-19T11:21:10","modified_gmt":"2020-06-19T10:21:10","slug":"faqcovid19mercabilbao","status":"publish","type":"page","link":"https:\/\/www.mercabilbao.eus\/fr\/faqcovid19mercabilbao\/","title":{"rendered":"Preguntas Frecuentes sobre Covid19 en Mercabilbao"},"content":{"rendered":"<p><span style=\"color: #c00000;\"><strong>\u00bfMercabilbao se cierra?<\/strong><\/span><\/p>\n<p>No, el abastecimiento de alimentos est\u00e1 garantizado: es un servicio esencial. Mercabilbao mantiene su actividad habitual.<\/p>\n<p><span style=\"color: #c00000;\"><strong>\u00bfC\u00f3mo se puede acceder a Mercabilbao?<\/strong><\/span><\/p>\n<p>Para acceder a la Unidad Alimentaria es necesario estar debidamente acreditado como profesional de la alimentaci\u00f3n. El personal de Merkazaina podr\u00e1 reclamar la acreditaci\u00f3n en cualquier momento durante la estancia en el recinto, por lo que se recomienda llevarla en lugar visible.<\/p>\n<p><span style=\"color: #c00000;\"><strong>\u00bfQu\u00e9 se necesita para comprar?<\/strong><\/span><\/p>\n<p>Darse de\u00a0alta en las Oficinas Generales, de forma gratuita, presentando la Licencia Fiscal o el permiso de apertura del establecimiento, y una fotograf\u00eda, tipo carnet, de cada una de las personas que quieran entrar a comprar.<\/p>\n<p><span style=\"color: #c00000;\"><strong>\u00bfCambian los d\u00edas y horarios de apertura?<\/strong><\/span><\/p>\n<p>Si, para el mejor control de aforo, la Unidad Alimentaria ha modificado los horarios de venta tanto para el mercado de Pescados y Mariscos como para el mercado de Frutas y Hortalizas. Adicionalmente al cambio horario, el acceso se realizar por turnos permiti\u00e9ndose una hora para realizar la compra. <a href=\"https:\/\/www.mercabilbao.eus\/wp-content\/uploads\/2020\/06\/Funcionamiento-FASE_3.pdf\">M\u00e1s informaci\u00f3n aqu\u00ed<\/a>.<\/p>\n<p><span style=\"color: #c00000;\"><strong>\u00bfC\u00f3mo se limpia Mercabilbao?<\/strong><\/span><\/p>\n<p>Los servicios de limpieza de Mercabilbao, ha reforzado las tareas de desinfecci\u00f3n en la Unidad Alimentaria, de manera que\u00a0<span style=\"color: #c00000;\"><strong>diariamente<\/strong><\/span> hay personas realizando labores de desinfecci\u00f3n de zonas de actividad de los Mercados. Estas tareas de desinfecci\u00f3n se realizan con productos desinfectantes aptos para uso en la industria alimentaria. <a href=\"https:\/\/www.mercabilbao.eus\/wp-content\/uploads\/2020\/03\/PAUTAS-LIMPIEZA-DE-INSTALACIONES-General-25.03.2020.pdf\">Todas las medidas adoptadas en materia de limpieza aqu\u00ed.<\/a><\/p>\n<p><span style=\"color: #c00000;\"><strong>\u00bfExiste alg\u00fan procedimiento o seguimiento en caso de detectarse alg\u00fan posible positivo por Covid19?<\/strong><\/span><\/p>\n<p>S\u00ed, existe un protocolo de actuaci\u00f3n, elaborado siguiendo las recomendaciones y protocolos del Departamento de Salud del Gobierno Vasco, as\u00ed como las del Ministerio de Sanidad y compartido con los 23 unidades alimentarias del estado.<\/p>\n<p>Ante la aparici\u00f3n de un caso posible o confirmado de COVID-19 en un trabajador\/a de empresas de la Unidad Alimentaria Mercabilbao, adem\u00e1s de contactar con el Departamento de Salud a trav\u00e9s del tel\u00e9fono <strong>900 203 050<\/strong> deber\u00e1 comunicar el caso a Mercabilbao S.A, todas las medidas a tomar aqu\u00ed.<\/p>\n<p><strong><span style=\"color: #c00000;\">\u00bfExiste alguna ayuda econ\u00f3mica para las empresas del sector?<\/span><\/strong><\/p>\n<p>El\u00a0<strong><a href=\"https:\/\/www.bilbao.eus\/cs\/Satellite?cid=3000005415&amp;language=es&amp;pagename=Bilbaonet%2FPage%2FBIO_home\">Ayuntamiento de Bilbao<\/a><\/strong> ha puesto en marcha un servicio gratuito de asesoramiento y consultor\u00eda integral, con el objetivo de poner a disposici\u00f3n de comercios, pymes y aut\u00f3nomos toda la informaci\u00f3n sobre medidas paliativas a las que pueden acogerse para hacer frente a la situaci\u00f3n desembocada por el COVID-19.\u00a0Este servicio ya est\u00e1 en funcionamiento a trav\u00e9s de la sociedad municipal\u00a0<a href=\"https:\/\/www.bilbao.eus\/cs\/Satellite?c=Page&amp;cid=1272963755927&amp;locale=3000001694&amp;pagename=LanEkintza%2FPage%2FLKZ_PTPortada&amp;titulo=Inicio\">Bilbao Ekintza<\/a>, y se puede acceder a \u00e9l mediante el enlace<a href=\"http:\/\/forms.gle\/ZrhjZSXRqAKNoHt96\">\u00a0https:\/\/forms.gle\/ZrhjZSXRqAKNoHt96<\/a>.<\/p>\n<p>Existen a su vez otras ayudas para el sector cuya informaci\u00f3n se puede consultar en los siguientes enlaces:<\/p>\n<p>Resumen de medidas urgentes extraordinarias para empresas para hacer frente al impacto econ\u00f3mico y social del COVID-19 (<a href=\"https:\/\/www.mercabilbao.eus\/wp-content\/uploads\/2020\/03\/200327_AYUDAS_COVID_19.pdf\">Documento Cluster de alimentaci\u00f3n aqu\u00ed<\/a>)<\/p>\n<p>&nbsp;<\/p>\n<p>&nbsp;<\/p>\n","protected":false},"excerpt":{"rendered":"<p>\u00bfMercabilbao se cierra? No, el abastecimiento de alimentos est\u00e1 garantizado: es un servicio esencial. Mercabilbao mantiene su actividad habitual. \u00bfC\u00f3mo se puede acceder a Mercabilbao? Para acceder a la Unidad [&hellip;]<\/p>\n","protected":false},"author":1,"featured_media":0,"parent":0,"menu_order":0,"comment_status":"closed","ping_status":"closed","template":"","meta":{"footnotes":""},"class_list":["post-2680","page","type-page","status-publish","hentry"],"yoast_head":"<!-- This site is optimized with the Yoast SEO plugin v19.3 - https:\/\/yoast.com\/wordpress\/plugins\/seo\/ -->\n<title>Preguntas Frecuentes sobre Covid19 en Mercabilbao - Mercabilbao<\/title>\n<meta name=\"robots\" content=\"index, follow, max-snippet:-1, max-image-preview:large, max-video-preview:-1\" \/>\n<link rel=\"canonical\" href=\"https:\/\/www.mercabilbao.eus\/fr\/faqcovid19mercabilbao\/\" \/>\n<meta property=\"og:locale\" content=\"fr_FR\" \/>\n<meta property=\"og:type\" content=\"article\" \/>\n<meta property=\"og:title\" content=\"Preguntas Frecuentes sobre Covid19 en Mercabilbao - Mercabilbao\" \/>\n<meta property=\"og:description\" content=\"\u00bfMercabilbao se cierra? No, el abastecimiento de alimentos est\u00e1 garantizado: es un servicio esencial. Mercabilbao mantiene su actividad habitual. \u00bfC\u00f3mo se puede acceder a Mercabilbao? Para acceder a la Unidad [&hellip;]\" \/>\n<meta property=\"og:url\" content=\"https:\/\/www.mercabilbao.eus\/fr\/faqcovid19mercabilbao\/\" \/>\n<meta property=\"og:site_name\" content=\"Mercabilbao\" \/>\n<meta property=\"article:modified_time\" content=\"2020-06-19T10:21:10+00:00\" \/>\n<meta name=\"twitter:card\" content=\"summary_large_image\" \/>\n<meta name=\"twitter:label1\" content=\"Dur\u00e9e de lecture estim\u00e9e\" \/>\n\t<meta name=\"twitter:data1\" content=\"2 minutes\" \/>\n<script type=\"application\/ld+json\" class=\"yoast-schema-graph\">{\"@context\":\"https:\/\/schema.org\",\"@graph\":[{\"@type\":\"WebSite\",\"@id\":\"https:\/\/www.mercabilbao.eus\/fr\/#website\",\"url\":\"https:\/\/www.mercabilbao.eus\/fr\/\",\"name\":\"Mercabilbao\",\"description\":\"Mercabilbao es el mayor centro de distribuci\u00f3n de alimentos perecederos del Norte de la Pen\u00ednsula Ib\u00e9rica.\",\"potentialAction\":[{\"@type\":\"SearchAction\",\"target\":{\"@type\":\"EntryPoint\",\"urlTemplate\":\"https:\/\/www.mercabilbao.eus\/fr\/?s={search_term_string}\"},\"query-input\":\"required name=search_term_string\"}],\"inLanguage\":\"fr-FR\"},{\"@type\":\"WebPage\",\"@id\":\"https:\/\/www.mercabilbao.eus\/fr\/faqcovid19mercabilbao\/\",\"url\":\"https:\/\/www.mercabilbao.eus\/fr\/faqcovid19mercabilbao\/\",\"name\":\"Preguntas Frecuentes sobre Covid19 en Mercabilbao - Mercabilbao\",\"isPartOf\":{\"@id\":\"https:\/\/www.mercabilbao.eus\/fr\/#website\"},\"datePublished\":\"2020-03-31T04:41:06+00:00\",\"dateModified\":\"2020-06-19T10:21:10+00:00\",\"breadcrumb\":{\"@id\":\"https:\/\/www.mercabilbao.eus\/fr\/faqcovid19mercabilbao\/#breadcrumb\"},\"inLanguage\":\"fr-FR\",\"potentialAction\":[{\"@type\":\"ReadAction\",\"target\":[\"https:\/\/www.mercabilbao.eus\/fr\/faqcovid19mercabilbao\/\"]}]},{\"@type\":\"BreadcrumbList\",\"@id\":\"https:\/\/www.mercabilbao.eus\/fr\/faqcovid19mercabilbao\/#breadcrumb\",\"itemListElement\":[{\"@type\":\"ListItem\",\"position\":1,\"name\":\"Portada\",\"item\":\"https:\/\/www.mercabilbao.eus\/fr\/\"},{\"@type\":\"ListItem\",\"position\":2,\"name\":\"Preguntas Frecuentes sobre Covid19 en Mercabilbao\"}]}]}<\/script>\n<!-- \/ Yoast SEO plugin. -->","yoast_head_json":{"title":"Preguntas Frecuentes sobre Covid19 en Mercabilbao - Mercabilbao","robots":{"index":"index","follow":"follow","max-snippet":"max-snippet:-1","max-image-preview":"max-image-preview:large","max-video-preview":"max-video-preview:-1"},"canonical":"https:\/\/www.mercabilbao.eus\/fr\/faqcovid19mercabilbao\/","og_locale":"fr_FR","og_type":"article","og_title":"Preguntas Frecuentes sobre Covid19 en Mercabilbao - Mercabilbao","og_description":"\u00bfMercabilbao se cierra? No, el abastecimiento de alimentos est\u00e1 garantizado: es un servicio esencial. Mercabilbao mantiene su actividad habitual. \u00bfC\u00f3mo se puede acceder a Mercabilbao? Para acceder a la Unidad [&hellip;]","og_url":"https:\/\/www.mercabilbao.eus\/fr\/faqcovid19mercabilbao\/","og_site_name":"Mercabilbao","article_modified_time":"2020-06-19T10:21:10+00:00","twitter_card":"summary_large_image","twitter_misc":{"Dur\u00e9e de lecture estim\u00e9e":"2 minutes"},"schema":{"@context":"https:\/\/schema.org","@graph":[{"@type":"WebSite","@id":"https:\/\/www.mercabilbao.eus\/fr\/#website","url":"https:\/\/www.mercabilbao.eus\/fr\/","name":"Mercabilbao","description":"Mercabilbao es el mayor centro de distribuci\u00f3n de alimentos perecederos del Norte de la Pen\u00ednsula Ib\u00e9rica.","potentialAction":[{"@type":"SearchAction","target":{"@type":"EntryPoint","urlTemplate":"https:\/\/www.mercabilbao.eus\/fr\/?s={search_term_string}"},"query-input":"required name=search_term_string"}],"inLanguage":"fr-FR"},{"@type":"WebPage","@id":"https:\/\/www.mercabilbao.eus\/fr\/faqcovid19mercabilbao\/","url":"https:\/\/www.mercabilbao.eus\/fr\/faqcovid19mercabilbao\/","name":"Preguntas Frecuentes sobre Covid19 en Mercabilbao - Mercabilbao","isPartOf":{"@id":"https:\/\/www.mercabilbao.eus\/fr\/#website"},"datePublished":"2020-03-31T04:41:06+00:00","dateModified":"2020-06-19T10:21:10+00:00","breadcrumb":{"@id":"https:\/\/www.mercabilbao.eus\/fr\/faqcovid19mercabilbao\/#breadcrumb"},"inLanguage":"fr-FR","potentialAction":[{"@type":"ReadAction","target":["https:\/\/www.mercabilbao.eus\/fr\/faqcovid19mercabilbao\/"]}]},{"@type":"BreadcrumbList","@id":"https:\/\/www.mercabilbao.eus\/fr\/faqcovid19mercabilbao\/#breadcrumb","itemListElement":[{"@type":"ListItem","position":1,"name":"Portada","item":"https:\/\/www.mercabilbao.eus\/fr\/"},{"@type":"ListItem","position":2,"name":"Preguntas Frecuentes sobre Covid19 en Mercabilbao"}]}]}},"_links":{"self":[{"href":"https:\/\/www.mercabilbao.eus\/fr\/wp-json\/wp\/v2\/pages\/2680","targetHints":{"allow":["GET"]}}],"collection":[{"href":"https:\/\/www.mercabilbao.eus\/fr\/wp-json\/wp\/v2\/pages"}],"about":[{"href":"https:\/\/www.mercabilbao.eus\/fr\/wp-json\/wp\/v2\/types\/page"}],"author":[{"embeddable":true,"href":"https:\/\/www.mercabilbao.eus\/fr\/wp-json\/wp\/v2\/users\/1"}],"replies":[{"embeddable":true,"href":"https:\/\/www.mercabilbao.eus\/fr\/wp-json\/wp\/v2\/comments?post=2680"}],"version-history":[{"count":9,"href":"https:\/\/www.mercabilbao.eus\/fr\/wp-json\/wp\/v2\/pages\/2680\/revisions"}],"predecessor-version":[{"id":2930,"href":"https:\/\/www.mercabilbao.eus\/fr\/wp-json\/wp\/v2\/pages\/2680\/revisions\/2930"}],"wp:attachment":[{"href":"https:\/\/www.mercabilbao.eus\/fr\/wp-json\/wp\/v2\/media?parent=2680"}],"curies":[{"name":"wp","href":"https:\/\/api.w.org\/{rel}","templated":true}]}}