{"id":4261,"date":"2023-01-12T10:40:30","date_gmt":"2023-01-12T09:40:30","guid":{"rendered":"https:\/\/www.mercabilbao.eus\/?page_id=4261"},"modified":"2023-01-24T06:02:41","modified_gmt":"2023-01-24T05:02:41","slug":"grandutilisateur","status":"publish","type":"page","link":"https:\/\/www.mercabilbao.eus\/fr\/grandutilisateur\/","title":{"rendered":"Grand utilisateur"},"content":{"rendered":"<p class=\"text-left\">Les personnes qui souhaitent faire du shopping dans les installations du Mercabilbao doivent \u00eatre enregistr\u00e9es. Ils n\u00e9cessitent une accr\u00e9ditation des utilisateurs du march\u00e9 sous la forme d&rsquo;une carte d&rsquo;identification personnalis\u00e9e, qui permet une gestion et un contr\u00f4le rapides, confortables et s\u00fbrs des acc\u00e8s, des s\u00e9jours et des sorties des installations, et qui permet de contracter de multiples services que Mercabilbao met \u00e0 la disposition de ses utilisateurs.<\/p>\n<h2>Qui peut acheter \u00e0 Mercabilbao<\/h2>\n<ul class=\"ul-margin-left\">\n<li>Tous les d\u00e9taillants et leurs groupements, cha\u00eenes et associations.<\/li>\n<li>Les institutions ou collectivit\u00e9s de tout type.<\/li>\n<li>Les \u00e9conomats et coop\u00e9ratives de consommation.<\/li>\n<li>Les grossistes ne se trouvant pas sur le march\u00e9, ceux qui y poss\u00e8dent un poste, dans certains cas autoris\u00e9s, et les exportateurs.<\/li>\n<li>Les \u00e9tablissements scolaires, sanitaires et les entreprises h\u00f4teli\u00e8res.<\/li>\n<li>Toutes personnes individuelles ou juridiques auxquelles Mercabilbao conc\u00e8de une autorisation.<\/li>\n<\/ul>\n<dl id=\"preguntas\">\n<dt>\n<h3>Comment s&rsquo;inscrire<\/h3>\n<\/dt>\n<dd>\n<p class=\"text-left\">L&rsquo;inscription en tant qu&rsquo;utilisateur de Mercabilbao se fait exclusivement via le site Web <a href=\"http:\/\/www.mercabilbao.eus\/ticketonline\">www.mercabilbao.eus\/ticketonline<\/a>, dans la section ENREGISTREMENT DANS LE SYST\u00c8ME.<\/p>\n<p class=\"text-left\">Lors du traitement de l&rsquo;enregistrement de la soci\u00e9t\u00e9, son activit\u00e9 doit \u00eatre accr\u00e9dit\u00e9e, ainsi que l&rsquo;identit\u00e9 des personnes qui souhaitent \u00eatre accr\u00e9dit\u00e9es en tant qu&rsquo;acheteurs, chaque soci\u00e9t\u00e9 pouvant autoriser jusqu&rsquo;\u00e0 un maximum de 4 personnes qui ont une relation contractuelle avec elle.<\/p>\n<p class=\"text-left\">La documentaci\u00f3n necesaria que deber\u00e1 adjuntarse en le proceso de alta es la siguiente:<\/p>\n<ul class=\"ul-margin-left\">\n<li>Document officiel accr\u00e9ditant l&rsquo;activit\u00e9 de l&rsquo;entreprise.<\/li>\n<li>Pi\u00e8ce d&rsquo;identit\u00e9 des personnes \u00e0 inscrire (D.N.I, Passeport ou I.N.E).<\/li>\n<li>Document de lien avec l&rsquo;entreprise (TC2, Contrat de travail, etc.).<\/li>\n<\/ul>\n<p class=\"text-left\">Une fois inscrit, dans un d\u00e9lai de 5 jours ouvrables, il sera n\u00e9cessaire de se rendre personnellement aux bureaux g\u00e9n\u00e9raux de Mercabilbao pour r\u00e9cup\u00e9rer les accr\u00e9ditations physiques (cartes d&rsquo;identit\u00e9) qui n&rsquo;auront aucun co\u00fbt la premi\u00e8re fois qu&rsquo;elles seront d\u00e9livr\u00e9es.<\/p>\n<p class=\"text-left\">Lors du processus d&rsquo;inscription en tant qu&rsquo;utilisateur du march\u00e9, il sera possible de contracter les services associ\u00e9s \u00e0 l&rsquo;acc\u00e8s au march\u00e9 : abonnements, bonus, ainsi que le service de facturation uniquement.<\/p>\n<\/dd>\n<dt>\n<h3>Droits des acheteurs<\/h3>\n<\/dt>\n<dd>\n<ul class=\"ul-margin-left\">\n<li>Recevoir de Mercabilbao le laisser-passer d\u2019utilisateur chaque fois qu\u2019ils r\u00e9pondent aux attentes exig\u00e9es.<\/li>\n<li>Acc\u00e9der au march\u00e9 pendant les horaires \u00e9tablis.<\/li>\n<li>Stationner leur v\u00e9hicule dans l\u2019enceinte de Mercabilbao dans les zones signal\u00e9es \u00e0 cet effet.<\/li>\n<li>Utiliser les services existants mis \u00e0 leur disposition dans le march\u00e9 (voies, espaces communs, toilettes, balances) ainsi que les caf\u00e9t\u00e9rias, restaurants, banques et autres \u00e9tablissements commerciaux.<\/li>\n<li>Percevoir du vendeur un document justificatif des achats effectu\u00e9s.<\/li>\n<li>Formuler aupr\u00e8s des autorit\u00e9s d\u2019hygi\u00e8ne sanitaires (Inspection v\u00e9t\u00e9rinaire municipale) des r\u00e9clamations concernant un d\u00e9faut de poids, de cat\u00e9gorie, de norme, de conditionnement, de qualit\u00e9, ou encore relatives au mauvais \u00e9tat des marchandises avant que celles-ci ne soient retir\u00e9es de la vente. Ces r\u00e9clamations sont possibles quand les produits achet\u00e9s sont accompagn\u00e9s d\u2019 une facture et donnent lieu \u00e0 un certificat justifiant le rapport de l\u2019Inspection et sa d\u00e9cision.<\/li>\n<li>Tenir mercabilbao au courrant des d\u00e9faillances des r\u00e8glements municipaux concernant la Prestation du Service et\/ou le fonctionnement.<\/li>\n<li>Demander la collaboration du service de surveillance pour les situations pr\u00e9vues dans le paragraphe pr\u00e9c\u00e9dent.<\/li>\n<li>Etre inform\u00e9 des \u00e9ventuelles modifications li\u00e9es au service leur correspondant et \u00eatre entendu par l\u2019interm\u00e9diaire d\u2019un repr\u00e9sentant du Comit\u00e9 de Consultation Sociale.<\/li>\n<li>Retirer et transporter les marchandises achet\u00e9es jusqu\u2019au lieu de vente.<\/li>\n<\/ul>\n<\/dd>\n<dt>\n<h3>Obligations des acheteurs<\/h3>\n<\/dt>\n<dd>\n<ul class=\"ul-margin-left\">\n<li>Retirer la marchandise de la vente dans les d\u00e9lais convenus.<\/li>\n<li>D\u00e9livrer \u00e0 l\u2019administration du march\u00e9 les documents exig\u00e9s concernant les op\u00e9rations marchandes r\u00e9alis\u00e9es au sein de Mercabilbao.<\/li>\n<li>Montrer le permis ou l\u2019autorisation correspondant aux employ\u00e9s de Mercabilbao, chaque fois que ces documents seront demand\u00e9s.<\/li>\n<li>Etre en r\u00e8gle avec la norme en vigueur concernant les entr\u00e9es, le stationnement, la signalisation des voies et la dur\u00e9e d\u2019immobilisation des v\u00e9hicules dans l\u2019enceinte.<\/li>\n<li>Respecter la limitation de vitesse de 20 km\/h dans toute l\u2019enceinte et veiller \u00e0 l\u2019application du code de la route.<\/li>\n<li>Respecter les horaires fix\u00e9s par les diff\u00e9rentes activit\u00e9s de Mercabilbao.<\/li>\n<li>S\u2019acquitter des normes relatives \u00e0 l\u2019hygi\u00e8ne et la salubrit\u00e9.<\/li>\n<li>R\u00e9gler les montants en vigueur concernant l\u2019utilisation des services de l\u2019inspection v\u00e9t\u00e9rinaire, des chambres froides, des balances et autres services g\u00e9n\u00e9raux.<\/li>\n<li>Respecter les interdictions concernant la saisie de produits en mauvais \u00e9tats, la permanence d\u2019animaux vivants dans l\u2019enceinte et l\u2019abandon de mat\u00e9riels dans des lieux n\u2019\u00e9tant pas destin\u00e9s \u00e0 la collecte des d\u00e9chets.<\/li>\n<li>Utiliser les containers des espaces communs pr\u00e9vus pour la collecte des d\u00e9chets.<\/li>\n<li>Ramener aux grossistes les emballages des produits achet\u00e9s pr\u00e9c\u00e9demment ou les d\u00e9poser dans des endroits pr\u00e9vus \u00e0 cet effet.<\/li>\n<\/ul>\n<\/dd>\n<\/dl>\n<p><!--Sheet Slider--><\/p>\n<div class=\"sheet-slider\"><input id=\"s1\" class=\"sheet\" checked=\"checked\" name=\"slide1\" type=\"radio\" \/><br \/>\n<input id=\"s2\" class=\"sheet\" name=\"slide1\" type=\"radio\" \/><br \/>\n<input id=\"s3\" class=\"sheet\" name=\"slide1\" type=\"radio\" \/><br \/>\n<input id=\"s4\" class=\"sheet\" name=\"slide1\" type=\"radio\" \/><\/p>\n<ul><!--imagenes--><\/p>\n<li class=\"tab\"><img decoding=\"async\" src=\"\/wp-content\/themes\/mercabilbao\/img\/slider1-quien-puede-comprar.jpg\" \/>\n<div>\n<h3>Acheteurs<\/h3>\n<p>de fruits<\/p>\n<\/div>\n<\/li>\n<li class=\"tab\"><img decoding=\"async\" src=\"\/wp-content\/themes\/mercabilbao\/img\/slider2-quien-puede-comprar.jpg\" \/>\n<div>\n<h3>Acheteurs<\/h3>\n<p>de fruits de mer<\/p>\n<\/div>\n<\/li>\n<li class=\"tab\"><img decoding=\"async\" src=\"\/wp-content\/themes\/mercabilbao\/img\/slider3-quien-puede-comprar.jpg\" \/>\n<div>\n<h3>Acheteurs<\/h3>\n<p>de fruits de mer<\/p>\n<\/div>\n<\/li>\n<li class=\"tab\"><img decoding=\"async\" src=\"\/wp-content\/themes\/mercabilbao\/img\/slider4-quien-puede-comprar.jpg\" \/>\n<div>\n<h3>Acheteurs<\/h3>\n<p>de poisson<\/p>\n<\/div>\n<\/li>\n<\/ul>\n<p><!--botones--><\/p>\n<div class=\"sh-btns\"><label for=\"s1\"><\/label><br \/>\n<label for=\"s2\"><\/label><br \/>\n<label for=\"s3\"><\/label><br \/>\n<label for=\"s4\"><\/label><\/div>\n<p><!--flechas--><\/p>\n<div class=\"sh-arrows\"><label for=\"s1\"><\/label><br \/>\n<label for=\"s2\"><\/label><br \/>\n<label for=\"s3\"><\/label><br \/>\n<label for=\"s4\"><\/label><\/div>\n<\/div>\n<p><!--Fin de Sheet Slider--><\/p>\n","protected":false},"excerpt":{"rendered":"<p>Les personnes qui souhaitent faire du shopping dans les installations du Mercabilbao doivent \u00eatre enregistr\u00e9es. Ils n\u00e9cessitent une accr\u00e9ditation des utilisateurs du march\u00e9 sous la forme d&rsquo;une carte d&rsquo;identification personnalis\u00e9e, [&hellip;]<\/p>\n","protected":false},"author":1,"featured_media":0,"parent":0,"menu_order":0,"comment_status":"closed","ping_status":"closed","template":"page-sidebar.php","meta":{"footnotes":""},"class_list":["post-4261","page","type-page","status-publish","hentry"],"yoast_head":"<!-- This site is optimized with the Yoast SEO plugin v19.3 - https:\/\/yoast.com\/wordpress\/plugins\/seo\/ -->\n<title>Grand utilisateur - Mercabilbao<\/title>\n<meta name=\"robots\" content=\"index, follow, max-snippet:-1, max-image-preview:large, max-video-preview:-1\" \/>\n<link rel=\"canonical\" href=\"https:\/\/www.mercabilbao.eus\/fr\/grandutilisateur\/\" \/>\n<meta property=\"og:locale\" content=\"fr_FR\" \/>\n<meta property=\"og:type\" content=\"article\" \/>\n<meta property=\"og:title\" content=\"Grand utilisateur - Mercabilbao\" \/>\n<meta property=\"og:description\" content=\"Les personnes qui souhaitent faire du shopping dans les installations du Mercabilbao doivent \u00eatre enregistr\u00e9es. Ils n\u00e9cessitent une accr\u00e9ditation des utilisateurs du march\u00e9 sous la forme d&rsquo;une carte d&rsquo;identification personnalis\u00e9e, [&hellip;]\" \/>\n<meta property=\"og:url\" content=\"https:\/\/www.mercabilbao.eus\/fr\/grandutilisateur\/\" \/>\n<meta property=\"og:site_name\" content=\"Mercabilbao\" \/>\n<meta property=\"article:modified_time\" content=\"2023-01-24T05:02:41+00:00\" \/>\n<meta name=\"twitter:card\" content=\"summary_large_image\" \/>\n<meta name=\"twitter:label1\" content=\"Dur\u00e9e de lecture estim\u00e9e\" \/>\n\t<meta name=\"twitter:data1\" content=\"5 minutes\" \/>\n<script type=\"application\/ld+json\" class=\"yoast-schema-graph\">{\"@context\":\"https:\/\/schema.org\",\"@graph\":[{\"@type\":\"WebSite\",\"@id\":\"https:\/\/www.mercabilbao.eus\/fr\/#website\",\"url\":\"https:\/\/www.mercabilbao.eus\/fr\/\",\"name\":\"Mercabilbao\",\"description\":\"Mercabilbao es el mayor centro de distribuci\u00f3n de alimentos perecederos del Norte de la Pen\u00ednsula Ib\u00e9rica.\",\"potentialAction\":[{\"@type\":\"SearchAction\",\"target\":{\"@type\":\"EntryPoint\",\"urlTemplate\":\"https:\/\/www.mercabilbao.eus\/fr\/?s={search_term_string}\"},\"query-input\":\"required name=search_term_string\"}],\"inLanguage\":\"fr-FR\"},{\"@type\":\"WebPage\",\"@id\":\"https:\/\/www.mercabilbao.eus\/fr\/grandutilisateur\/\",\"url\":\"https:\/\/www.mercabilbao.eus\/fr\/grandutilisateur\/\",\"name\":\"Grand utilisateur - Mercabilbao\",\"isPartOf\":{\"@id\":\"https:\/\/www.mercabilbao.eus\/fr\/#website\"},\"datePublished\":\"2023-01-12T09:40:30+00:00\",\"dateModified\":\"2023-01-24T05:02:41+00:00\",\"breadcrumb\":{\"@id\":\"https:\/\/www.mercabilbao.eus\/fr\/grandutilisateur\/#breadcrumb\"},\"inLanguage\":\"fr-FR\",\"potentialAction\":[{\"@type\":\"ReadAction\",\"target\":[\"https:\/\/www.mercabilbao.eus\/fr\/grandutilisateur\/\"]}]},{\"@type\":\"BreadcrumbList\",\"@id\":\"https:\/\/www.mercabilbao.eus\/fr\/grandutilisateur\/#breadcrumb\",\"itemListElement\":[{\"@type\":\"ListItem\",\"position\":1,\"name\":\"Portada\",\"item\":\"https:\/\/www.mercabilbao.eus\/fr\/\"},{\"@type\":\"ListItem\",\"position\":2,\"name\":\"Grand utilisateur\"}]}]}<\/script>\n<!-- \/ Yoast SEO plugin. -->","yoast_head_json":{"title":"Grand utilisateur - Mercabilbao","robots":{"index":"index","follow":"follow","max-snippet":"max-snippet:-1","max-image-preview":"max-image-preview:large","max-video-preview":"max-video-preview:-1"},"canonical":"https:\/\/www.mercabilbao.eus\/fr\/grandutilisateur\/","og_locale":"fr_FR","og_type":"article","og_title":"Grand utilisateur - Mercabilbao","og_description":"Les personnes qui souhaitent faire du shopping dans les installations du Mercabilbao doivent \u00eatre enregistr\u00e9es. Ils n\u00e9cessitent une accr\u00e9ditation des utilisateurs du march\u00e9 sous la forme d&rsquo;une carte d&rsquo;identification personnalis\u00e9e, [&hellip;]","og_url":"https:\/\/www.mercabilbao.eus\/fr\/grandutilisateur\/","og_site_name":"Mercabilbao","article_modified_time":"2023-01-24T05:02:41+00:00","twitter_card":"summary_large_image","twitter_misc":{"Dur\u00e9e de lecture estim\u00e9e":"5 minutes"},"schema":{"@context":"https:\/\/schema.org","@graph":[{"@type":"WebSite","@id":"https:\/\/www.mercabilbao.eus\/fr\/#website","url":"https:\/\/www.mercabilbao.eus\/fr\/","name":"Mercabilbao","description":"Mercabilbao es el mayor centro de distribuci\u00f3n de alimentos perecederos del Norte de la Pen\u00ednsula Ib\u00e9rica.","potentialAction":[{"@type":"SearchAction","target":{"@type":"EntryPoint","urlTemplate":"https:\/\/www.mercabilbao.eus\/fr\/?s={search_term_string}"},"query-input":"required name=search_term_string"}],"inLanguage":"fr-FR"},{"@type":"WebPage","@id":"https:\/\/www.mercabilbao.eus\/fr\/grandutilisateur\/","url":"https:\/\/www.mercabilbao.eus\/fr\/grandutilisateur\/","name":"Grand utilisateur - Mercabilbao","isPartOf":{"@id":"https:\/\/www.mercabilbao.eus\/fr\/#website"},"datePublished":"2023-01-12T09:40:30+00:00","dateModified":"2023-01-24T05:02:41+00:00","breadcrumb":{"@id":"https:\/\/www.mercabilbao.eus\/fr\/grandutilisateur\/#breadcrumb"},"inLanguage":"fr-FR","potentialAction":[{"@type":"ReadAction","target":["https:\/\/www.mercabilbao.eus\/fr\/grandutilisateur\/"]}]},{"@type":"BreadcrumbList","@id":"https:\/\/www.mercabilbao.eus\/fr\/grandutilisateur\/#breadcrumb","itemListElement":[{"@type":"ListItem","position":1,"name":"Portada","item":"https:\/\/www.mercabilbao.eus\/fr\/"},{"@type":"ListItem","position":2,"name":"Grand utilisateur"}]}]}},"_links":{"self":[{"href":"https:\/\/www.mercabilbao.eus\/fr\/wp-json\/wp\/v2\/pages\/4261","targetHints":{"allow":["GET"]}}],"collection":[{"href":"https:\/\/www.mercabilbao.eus\/fr\/wp-json\/wp\/v2\/pages"}],"about":[{"href":"https:\/\/www.mercabilbao.eus\/fr\/wp-json\/wp\/v2\/types\/page"}],"author":[{"embeddable":true,"href":"https:\/\/www.mercabilbao.eus\/fr\/wp-json\/wp\/v2\/users\/1"}],"replies":[{"embeddable":true,"href":"https:\/\/www.mercabilbao.eus\/fr\/wp-json\/wp\/v2\/comments?post=4261"}],"version-history":[{"count":5,"href":"https:\/\/www.mercabilbao.eus\/fr\/wp-json\/wp\/v2\/pages\/4261\/revisions"}],"predecessor-version":[{"id":4504,"href":"https:\/\/www.mercabilbao.eus\/fr\/wp-json\/wp\/v2\/pages\/4261\/revisions\/4504"}],"wp:attachment":[{"href":"https:\/\/www.mercabilbao.eus\/fr\/wp-json\/wp\/v2\/media?parent=4261"}],"curies":[{"name":"wp","href":"https:\/\/api.w.org\/{rel}","templated":true}]}}