{"id":4402,"date":"2023-01-19T10:01:42","date_gmt":"2023-01-19T09:01:42","guid":{"rendered":"https:\/\/www.mercabilbao.eus\/?page_id=4402"},"modified":"2023-02-02T07:16:53","modified_gmt":"2023-02-02T06:16:53","slug":"acces-bons-et-abonnements-mercabilbao","status":"publish","type":"page","link":"https:\/\/www.mercabilbao.eus\/fr\/acces-bons-et-abonnements-mercabilbao\/","title":{"rendered":"Acc\u00e8s, bons et abonnements Mercabilbao"},"content":{"rendered":"<p class=\"text-left\">L&rsquo;acc\u00e8s au Mercabilbao est contr\u00f4l\u00e9. Pour y acc\u00e9der, il est n\u00e9cessaire de payer une redevance. Le syst\u00e8me de paiement pour l&rsquo;acc\u00e8s au lieu vise \u00e0 contr\u00f4ler que seules les personnes qui exercent une activit\u00e9 professionnelle y acc\u00e8dent. En m\u00eame temps, cela permet de maintenir la s\u00e9curit\u00e9 et le contr\u00f4le des v\u00e9hicules qui acc\u00e8dent \u00e0 l&rsquo;unit\u00e9 alimentaire.<\/p>\n<h2>Types de paiement<\/h2>\n<h3>Billet d&rsquo;acc\u00e8s individuel<\/h3>\n<p class=\"text-left\">Il s&rsquo;ach\u00e8te aux caisses automatiques install\u00e9es dans les couloirs d&rsquo;acc\u00e8s de l&rsquo;entr\u00e9e principale et ne permet l&rsquo;acc\u00e8s qu&rsquo;une seule fois.<\/p>\n<h3>Prime d&rsquo;acc\u00e8s<\/h3>\n<ul>\n<li>Con\u00e7u pour les personnes qui acc\u00e8dent r\u00e9guli\u00e8rement \u00e0 Mercabilbao.<\/li>\n<li>Son achat n&rsquo;est possible qu&rsquo;\u00e0 travers le <a href=\"https:\/\/mercabilbao.eus\/ticketonline\">https:\/\/mercabilbao.eus\/ticketonline<\/a>\u00a0et donne droit \u00e0 10 acc\u00e8s.<\/li>\n<li>Le syst\u00e8me de bonus repr\u00e9sente des \u00e9conomies importantes par rapport au billet individuel.<\/li>\n<li>R\u00e9duire les temps d&rsquo;attente \u00e0 l&rsquo;acc\u00e8s.<\/li>\n<li>Permet l&rsquo;acc\u00e8s aux installations pendant les heures associ\u00e9es au secteur d&rsquo;activit\u00e9 dans lequel l&rsquo;entreprise est class\u00e9e selon le <a href=\"https:\/\/www.mercabilbao.eus\/fr\/horaries\/\">tableau<\/a> suivant.<\/li>\n<\/ul>\n<dl id=\"preguntas\">\n<dt>\n<h3>Comment acheter un bon<\/h3>\n<\/dt>\n<dd>\n<p class=\"text-left\">Les bonus ne sont achet\u00e9s que sur la page <a href=\"https:\/\/mercabilbao.eus\/ticketonline\">https:\/\/mercabilbao.eus\/ticketonline<\/a>\u00a0pour laquelle il faudra joindre la documentation suivante:<\/p>\n<ul class=\"ul-margin-left\">\n<li>DNI du responsable de l&rsquo;entreprise (recto et verso).<\/li>\n<li>Fiche technique du v\u00e9hicule.<\/li>\n<li>Document officiel prouvant l&rsquo;activit\u00e9 (Taxe sur les Activit\u00e9s Economiques, C.I.F, licence communale, etc.).<\/li>\n<\/ul>\n<p class=\"text-left\"><strong> Quelle est la m\u00e9thode de paiement du Bonus?<\/strong> Le montant du bonus d&rsquo;acc\u00e8s devra \u00eatre pay\u00e9 en m\u00eame temps que le processus d&rsquo;inscription par carte de cr\u00e9dit.<\/p>\n<p class=\"text-left\"><strong>Pour plus d&rsquo;informations:<\/strong><\/p>\n<ul class=\"ul-margin-left\">\n<li>T\u00e9l\u00e9phone: 944 492 758<\/li>\n<li>Courriel: abonos@mercabilbao.eus<\/li>\n<\/ul>\n<\/dd>\n<p><span style=\"font-size: large;\"><strong>Souscription annuelle<\/strong><\/span><\/p>\n<ul>\n<li>Pour les professionnels qui acc\u00e8dent r\u00e9guli\u00e8rement au march\u00e9.<\/li>\n<li>Cet abonnement permet un acc\u00e8s illimit\u00e9 \u00e0 Mercabilbao \u00e0 une heure d\u00e9termin\u00e9e par le secteur d&rsquo;activit\u00e9 auquel appartient l&rsquo;abonnement. La validit\u00e9 de celle-ci est du 1er janvier au 31 d\u00e9cembre.<\/li>\n<li>Il permet le renouvellement automatique en domiciliant le paiement que Mercabilbao encaissera les 10 premiers jours de l&rsquo;ann\u00e9e.<\/li>\n<li>L&rsquo;acc\u00e8s aux installations sera autoris\u00e9 pendant les heures associ\u00e9es au secteur d&rsquo;activit\u00e9 dans lequel l&rsquo;entreprise est class\u00e9e selon le <a href=\"https:\/\/www.mercabilbao.eus\/fr\/horaries\/\">tableau<\/a> suivant.<\/li>\n<\/ul>\n<dt>\n<h3>Comment acheter un abonnement<\/h3>\n<\/dt>\n<dd>\n<p class=\"text-left\"><strong><u>NOUVEAUX ABONNEMENTS<\/u><\/strong><\/p>\n<p class=\"text-left\"><strong>Comment se passe l&rsquo;inscription \u00e0 l&rsquo;abonnement?<\/strong> La demande d&rsquo;inscription \u00e0 l&rsquo;abonnement doit \u00eatre compl\u00e9t\u00e9e sur le site www.mercabilbao.eus\/ticketonline et doit \u00eatre accompagn\u00e9 des documents suivants :<\/p>\n<ul class=\"ul-margin-left\">\n<li>DNI du responsable de l&rsquo;entreprise (recto et verso).<\/li>\n<li>Fiche technique du v\u00e9hicule.<\/li>\n<li>Document officiel prouvant l&rsquo;activit\u00e9 (Taxe sur les Activit\u00e9s Economiques, C.I.F, licence communale, etc.).<\/li>\n<\/ul>\n<p class=\"text-left\"><strong>Quel est le mode de paiement de l&rsquo;abonnement?<\/strong> Les frais d&rsquo;abonnement d&rsquo;acc\u00e8s devront \u00eatre pay\u00e9s au moment du processus d&rsquo;inscription par carte de cr\u00e9dit ou le pr\u00e9l\u00e8vement automatique du paiement devra \u00eatre demand\u00e9 dans un num\u00e9ro de compte bancaire.<\/p>\n<p class=\"text-left\"><strong><u>RENOUVELLEMENT D&rsquo;ABONNEMENT<\/u><\/strong><\/p>\n<p class=\"text-left\">Les utilisateurs qui, les ann\u00e9es pr\u00e9c\u00e9dentes, avaient domicili\u00e9 le paiement de l&rsquo;abonnement, n&rsquo;auront \u00e0 effectuer aucune d\u00e9marche. Pr\u00e9avis, un nouveau re\u00e7u sera encaiss\u00e9 par la banque pour le paiement de la redevance.<\/p>\n<p class=\"text-left\">Pour tous les autres utilisateurs, <strong>Comment l&rsquo;abonnement est-il renouvel\u00e9 ?<\/strong> Votre abonnement a expir\u00e9 le 31 d\u00e9cembre. Pour le mettre \u00e0 jour, afin qu&rsquo;il puisse continuer \u00e0 \u00eatre valable tout au long de l&rsquo;ann\u00e9e, vous devez acc\u00e9der \u00e0 la page <a href=\"http:\/\/mercabilbao.eus\/ticketonline\">https:\/\/mercabilbao.eus\/ticketonline<\/a>\u00a0et obtenir le mot de passe.<\/p>\n<p class=\"text-left\"><strong>Comment obtenir le code d&rsquo;acc\u00e8s?<\/strong> \u00c0 la page <a href=\"http:\/\/mercabilbao.eus\/ticketonline\">https:\/\/mercabilbao.eus\/ticketonline<\/a>\u00a0Vous devrez entrer les donn\u00e9es suivantes:<\/p>\n<ul class=\"ul-margin-left\">\n<li>Num\u00e9ro d&rsquo;immatriculation du v\u00e9hicule. En cas de plusieurs v\u00e9hicules abonn\u00e9s, pour l&rsquo;obtention du code d&rsquo;acc\u00e8s, il suffira de fournir le num\u00e9ro d&rsquo;immatriculation d&rsquo;un seul des v\u00e9hicules abonn\u00e9s\u00a0; cependant, le renouvellement de l&rsquo;abonnement pour chaque v\u00e9hicule doit \u00eatre trait\u00e9 individuellement une fois que le code d&rsquo;acc\u00e8s a \u00e9t\u00e9 obtenu sur le site Web lui-m\u00eame.<\/li>\n<li>C.I.F de l&rsquo;entreprise.<\/li>\n<li>E-mail de contact avec lequel l&rsquo;entreprise s&rsquo;est enregistr\u00e9e dans le syst\u00e8me.<\/li>\n<\/ul>\n<p class=\"text-left\">Ensuite, le code d&rsquo;acc\u00e8s sera envoy\u00e9 \u00e0 l&rsquo;adresse e-mail fournie et avec lui, vous acc\u00e9derez au renouvellement de l&rsquo;abonnement d&rsquo;acc\u00e8s au v\u00e9hicule.<\/p>\n<p class=\"text-left\"><strong>Comment est pay\u00e9 le renouvellement ?<\/strong> Les frais d&rsquo;abonnement d&rsquo;acc\u00e8s devront \u00eatre pay\u00e9s au moment du processus de renouvellement par carte de cr\u00e9dit ou le pr\u00e9l\u00e8vement automatique du paiement devra \u00eatre demand\u00e9 sur un num\u00e9ro de compte bancaire.<\/p>\n<p class=\"text-left\"><strong>Que se passe-t-il si l&rsquo;abonnement n&rsquo;est pas renouvel\u00e9 ?<\/strong> Si vous ne renouvelez pas votre abonnement dans le d\u00e9lai imparti, votre acc\u00e8s sera d\u00e9sactiv\u00e9 \u00e0 compter du 31 janvier de l&rsquo;ann\u00e9e en cours.<\/p>\n<p class=\"text-left\"><strong>Campagne d&rsquo;abonnement annuel(<a href=\"https:\/\/www.mercabilbao.eus\/wp-content\/uploads\/2023\/01\/CARTA-ABONOS-2023.pdf\">lier un PDF<\/a>).<\/strong><\/p>\n<\/dd>\n<p><span style=\"font-size: large;\"><strong>Service de facturation<\/strong><\/span><\/p>\n<p class=\"text-left\">Ce service vous permet de demander des factures d&rsquo;acc\u00e8s individuelles, regroupant les billets d&rsquo;entr\u00e9e en une seule facture.<\/p>\n<dt>\n<h3>Comment demander la facture<\/h3>\n<\/dt>\n<dd>\n<p class=\"text-left\">Les factures correspondant aux tickets individuels pay\u00e9s pour les acc\u00e8s effectu\u00e9s \u00e0 Mercabilbao sont disponibles sur la page <a href=\"http:\/\/mercabilbao.eus\/ticketonline\">https:\/\/mercabilbao.eus\/ticketonline<\/a>.<\/p>\n<p><span style=\"font-size: large;\"><strong>Documentation n\u00e9cessaire pour traiter l&rsquo;inscription au service de facturation<\/strong><\/span><\/p>\n<ul class=\"ul-margin-left\">\n<li>Donn\u00e9es de l&rsquo;entreprise et document officiel prouvant l&rsquo;activit\u00e9 (taxe sur les activit\u00e9s \u00e9conomiques).<\/li>\n<li>D.N.I d&rsquo;un responsable de l&rsquo;entreprise.<\/li>\n<li>Fiche technique du v\u00e9hicule.<\/li>\n<li>Titre de propri\u00e9t\u00e9 du v\u00e9hicule.<\/li>\n<\/ul>\n<p><span style=\"font-size: large;\"><strong>Pasos para descargar facturas<\/strong><\/span><\/p>\n<ul class=\"ul-margin-left\">\n<li>Cliquez sur MES SERVICES.<\/li>\n<li>Cliquez sur DEMANDER UNE FACTURE.<\/li>\n<li>Indiquez les dates auxquelles les acc\u00e8s ont \u00e9t\u00e9 effectu\u00e9s.<\/li>\n<li>S\u00e9lectionnez le v\u00e9hicule dont vous souhaitez t\u00e9l\u00e9charger les factures.<\/li>\n<li>Cliquez sur RECHERCHER.<\/li>\n<li>Cliquez sur DEMANDER UNE FACTURE.<\/li>\n<\/ul>\n<p class=\"text-left\"><strong>Manuel d&rsquo;entretien de la facture (<a href=\"https:\/\/www.mercabilbao.eus\/wp-content\/uploads\/2023\/01\/SERVICIO-FACTURA.pdf\">lien vers PDF<\/a>).<\/strong><\/p>\n<\/dd>\n<p class=\"text-left\"><strong><u>Les motos, les services publics et les services de messagerie sont exon\u00e9r\u00e9s de paiement.<\/u><\/strong><\/p>\n<p class=\"text-left\">Tous les services associ\u00e9s aux acc\u00e8s sont disponibles sur <a href=\"http:\/\/mercabilbao.eus\/ticketonline\">http:\/\/mercabilbao.eus\/ticketonline<\/a><\/p>\n<dt>\n<h3>Frais d&rsquo;acc\u00e8s<\/h3>\n<\/dt>\n<dd>\n<p class=\"text-left\">Les tarifs d&rsquo;acc\u00e8s actuels \u00e0 Mercabilbao sont les suivants:<\/p>\n<table class=\"table-tarifas97\">\n<tbody>\n<tr>\n<td class=\"titulo-tabla\">Type de v\u00e9hicule<\/td>\n<td class=\"titulo-tabla\">Acc\u00e8s individuel<\/td>\n<td class=\"titulo-tabla\">Bonus<br \/>\n(10 acc\u00e8s)<\/td>\n<td class=\"titulo-tabla\">Passer<\/td>\n<\/tr>\n<tr>\n<td class=\"dest\"><b>TIPO 1 <\/b><\/p>\n<p>V\u00e9hicule \u00e0 2 essieux dont la hauteur au premier essieu est inf\u00e9rieure \u00e0 1,5 m.<\/td>\n<td>2,10\u20ac<\/td>\n<td>15\u20ac<\/td>\n<td>155\u20ac<\/td>\n<\/tr>\n<tr>\n<td class=\"dest\"><b>TIPO 2 <\/b><\/p>\n<p>V\u00e9hicule \u00e0 plus de 2 essieux, avec une hauteur au premier essieu inf\u00e9rieure \u00e0 1,5 m.<\/p>\n<p>V\u00e9hicule \u00e0 2 essieux dont la hauteur au premier essieu est sup\u00e9rieure \u00e0 1,5 m et inf\u00e9rieure \u00e0 2,3 m.<\/td>\n<td>2,10\u20ac<\/td>\n<td>15\u20ac<\/td>\n<td>155\u20ac<\/td>\n<\/tr>\n<tr>\n<td class=\"dest\"><b>TIPO 3 <\/b><\/p>\n<p>V\u00e9hicule \u00e0 3 essieux dont la hauteur au premier essieu est sup\u00e9rieure \u00e0 1,5 m et inf\u00e9rieure \u00e0 2,3 m.<\/p>\n<p>V\u00e9hicule \u00e0 2 essieux dont la hauteur au premier essieu est sup\u00e9rieure \u00e0 2,3 m et inf\u00e9rieure \u00e0 3 m.<\/td>\n<td>5,50\u20ac<\/td>\n<td>30\u20ac<\/td>\n<td>495\u20ac<\/td>\n<\/tr>\n<tr>\n<td class=\"dest\"><b>TIPO 4 <\/b><\/p>\n<p>V\u00e9hicule \u00e0 3 essieux ou plus avec une hauteur sur le premier essieu sup\u00e9rieure \u00e0 2,3 m et inf\u00e9rieure \u00e0 3 m.<\/p>\n<p>V\u00e9hicule \u00e0 2 essieux ou plus avec une hauteur sur le premier essieu sup\u00e9rieure \u00e0 3 m.<\/td>\n<td>9,50\u20ac<\/td>\n<td>60\u20ac<\/td>\n<td>1.210\u20ac<\/td>\n<\/tr>\n<\/tbody>\n<\/table>\n<\/dd>\n<\/dl>\n","protected":false},"excerpt":{"rendered":"<p>L&rsquo;acc\u00e8s au Mercabilbao est contr\u00f4l\u00e9. Pour y acc\u00e9der, il est n\u00e9cessaire de payer une redevance. Le syst\u00e8me de paiement pour l&rsquo;acc\u00e8s au lieu vise \u00e0 contr\u00f4ler que seules les personnes [&hellip;]<\/p>\n","protected":false},"author":1,"featured_media":0,"parent":0,"menu_order":0,"comment_status":"closed","ping_status":"closed","template":"page-visitas.php","meta":{"footnotes":""},"class_list":["post-4402","page","type-page","status-publish","hentry"],"yoast_head":"<!-- This site is optimized with the Yoast SEO plugin v19.3 - https:\/\/yoast.com\/wordpress\/plugins\/seo\/ -->\n<title>Acc\u00e8s, bons et abonnements Mercabilbao - Mercabilbao<\/title>\n<meta name=\"robots\" content=\"index, follow, max-snippet:-1, max-image-preview:large, max-video-preview:-1\" \/>\n<link rel=\"canonical\" href=\"https:\/\/www.mercabilbao.eus\/fr\/acces-bons-et-abonnements-mercabilbao\/\" \/>\n<meta property=\"og:locale\" content=\"fr_FR\" \/>\n<meta property=\"og:type\" content=\"article\" \/>\n<meta property=\"og:title\" content=\"Acc\u00e8s, bons et abonnements Mercabilbao - Mercabilbao\" \/>\n<meta property=\"og:description\" content=\"L&rsquo;acc\u00e8s au Mercabilbao est contr\u00f4l\u00e9. Pour y acc\u00e9der, il est n\u00e9cessaire de payer une redevance. Le syst\u00e8me de paiement pour l&rsquo;acc\u00e8s au lieu vise \u00e0 contr\u00f4ler que seules les personnes [&hellip;]\" \/>\n<meta property=\"og:url\" content=\"https:\/\/www.mercabilbao.eus\/fr\/acces-bons-et-abonnements-mercabilbao\/\" \/>\n<meta property=\"og:site_name\" content=\"Mercabilbao\" \/>\n<meta property=\"article:modified_time\" content=\"2023-02-02T06:16:53+00:00\" \/>\n<meta name=\"twitter:card\" content=\"summary_large_image\" \/>\n<meta name=\"twitter:label1\" content=\"Dur\u00e9e de lecture estim\u00e9e\" \/>\n\t<meta name=\"twitter:data1\" content=\"5 minutes\" \/>\n<script type=\"application\/ld+json\" class=\"yoast-schema-graph\">{\"@context\":\"https:\/\/schema.org\",\"@graph\":[{\"@type\":\"WebSite\",\"@id\":\"https:\/\/www.mercabilbao.eus\/fr\/#website\",\"url\":\"https:\/\/www.mercabilbao.eus\/fr\/\",\"name\":\"Mercabilbao\",\"description\":\"Mercabilbao es el mayor centro de distribuci\u00f3n de alimentos perecederos del Norte de la Pen\u00ednsula Ib\u00e9rica.\",\"potentialAction\":[{\"@type\":\"SearchAction\",\"target\":{\"@type\":\"EntryPoint\",\"urlTemplate\":\"https:\/\/www.mercabilbao.eus\/fr\/?s={search_term_string}\"},\"query-input\":\"required name=search_term_string\"}],\"inLanguage\":\"fr-FR\"},{\"@type\":\"WebPage\",\"@id\":\"https:\/\/www.mercabilbao.eus\/fr\/acces-bons-et-abonnements-mercabilbao\/\",\"url\":\"https:\/\/www.mercabilbao.eus\/fr\/acces-bons-et-abonnements-mercabilbao\/\",\"name\":\"Acc\u00e8s, bons et abonnements Mercabilbao - Mercabilbao\",\"isPartOf\":{\"@id\":\"https:\/\/www.mercabilbao.eus\/fr\/#website\"},\"datePublished\":\"2023-01-19T09:01:42+00:00\",\"dateModified\":\"2023-02-02T06:16:53+00:00\",\"breadcrumb\":{\"@id\":\"https:\/\/www.mercabilbao.eus\/fr\/acces-bons-et-abonnements-mercabilbao\/#breadcrumb\"},\"inLanguage\":\"fr-FR\",\"potentialAction\":[{\"@type\":\"ReadAction\",\"target\":[\"https:\/\/www.mercabilbao.eus\/fr\/acces-bons-et-abonnements-mercabilbao\/\"]}]},{\"@type\":\"BreadcrumbList\",\"@id\":\"https:\/\/www.mercabilbao.eus\/fr\/acces-bons-et-abonnements-mercabilbao\/#breadcrumb\",\"itemListElement\":[{\"@type\":\"ListItem\",\"position\":1,\"name\":\"Portada\",\"item\":\"https:\/\/www.mercabilbao.eus\/fr\/\"},{\"@type\":\"ListItem\",\"position\":2,\"name\":\"Acc\u00e8s, bons et abonnements Mercabilbao\"}]}]}<\/script>\n<!-- \/ Yoast SEO plugin. -->","yoast_head_json":{"title":"Acc\u00e8s, bons et abonnements Mercabilbao - Mercabilbao","robots":{"index":"index","follow":"follow","max-snippet":"max-snippet:-1","max-image-preview":"max-image-preview:large","max-video-preview":"max-video-preview:-1"},"canonical":"https:\/\/www.mercabilbao.eus\/fr\/acces-bons-et-abonnements-mercabilbao\/","og_locale":"fr_FR","og_type":"article","og_title":"Acc\u00e8s, bons et abonnements Mercabilbao - Mercabilbao","og_description":"L&rsquo;acc\u00e8s au Mercabilbao est contr\u00f4l\u00e9. Pour y acc\u00e9der, il est n\u00e9cessaire de payer une redevance. Le syst\u00e8me de paiement pour l&rsquo;acc\u00e8s au lieu vise \u00e0 contr\u00f4ler que seules les personnes [&hellip;]","og_url":"https:\/\/www.mercabilbao.eus\/fr\/acces-bons-et-abonnements-mercabilbao\/","og_site_name":"Mercabilbao","article_modified_time":"2023-02-02T06:16:53+00:00","twitter_card":"summary_large_image","twitter_misc":{"Dur\u00e9e de lecture estim\u00e9e":"5 minutes"},"schema":{"@context":"https:\/\/schema.org","@graph":[{"@type":"WebSite","@id":"https:\/\/www.mercabilbao.eus\/fr\/#website","url":"https:\/\/www.mercabilbao.eus\/fr\/","name":"Mercabilbao","description":"Mercabilbao es el mayor centro de distribuci\u00f3n de alimentos perecederos del Norte de la Pen\u00ednsula Ib\u00e9rica.","potentialAction":[{"@type":"SearchAction","target":{"@type":"EntryPoint","urlTemplate":"https:\/\/www.mercabilbao.eus\/fr\/?s={search_term_string}"},"query-input":"required name=search_term_string"}],"inLanguage":"fr-FR"},{"@type":"WebPage","@id":"https:\/\/www.mercabilbao.eus\/fr\/acces-bons-et-abonnements-mercabilbao\/","url":"https:\/\/www.mercabilbao.eus\/fr\/acces-bons-et-abonnements-mercabilbao\/","name":"Acc\u00e8s, bons et abonnements Mercabilbao - Mercabilbao","isPartOf":{"@id":"https:\/\/www.mercabilbao.eus\/fr\/#website"},"datePublished":"2023-01-19T09:01:42+00:00","dateModified":"2023-02-02T06:16:53+00:00","breadcrumb":{"@id":"https:\/\/www.mercabilbao.eus\/fr\/acces-bons-et-abonnements-mercabilbao\/#breadcrumb"},"inLanguage":"fr-FR","potentialAction":[{"@type":"ReadAction","target":["https:\/\/www.mercabilbao.eus\/fr\/acces-bons-et-abonnements-mercabilbao\/"]}]},{"@type":"BreadcrumbList","@id":"https:\/\/www.mercabilbao.eus\/fr\/acces-bons-et-abonnements-mercabilbao\/#breadcrumb","itemListElement":[{"@type":"ListItem","position":1,"name":"Portada","item":"https:\/\/www.mercabilbao.eus\/fr\/"},{"@type":"ListItem","position":2,"name":"Acc\u00e8s, bons et abonnements Mercabilbao"}]}]}},"_links":{"self":[{"href":"https:\/\/www.mercabilbao.eus\/fr\/wp-json\/wp\/v2\/pages\/4402","targetHints":{"allow":["GET"]}}],"collection":[{"href":"https:\/\/www.mercabilbao.eus\/fr\/wp-json\/wp\/v2\/pages"}],"about":[{"href":"https:\/\/www.mercabilbao.eus\/fr\/wp-json\/wp\/v2\/types\/page"}],"author":[{"embeddable":true,"href":"https:\/\/www.mercabilbao.eus\/fr\/wp-json\/wp\/v2\/users\/1"}],"replies":[{"embeddable":true,"href":"https:\/\/www.mercabilbao.eus\/fr\/wp-json\/wp\/v2\/comments?post=4402"}],"version-history":[{"count":18,"href":"https:\/\/www.mercabilbao.eus\/fr\/wp-json\/wp\/v2\/pages\/4402\/revisions"}],"predecessor-version":[{"id":4650,"href":"https:\/\/www.mercabilbao.eus\/fr\/wp-json\/wp\/v2\/pages\/4402\/revisions\/4650"}],"wp:attachment":[{"href":"https:\/\/www.mercabilbao.eus\/fr\/wp-json\/wp\/v2\/media?parent=4402"}],"curies":[{"name":"wp","href":"https:\/\/api.w.org\/{rel}","templated":true}]}}